{"id":10,"date":"2012-02-16T10:01:06","date_gmt":"2012-02-16T08:01:06","guid":{"rendered":"http:\/\/demo.cpothemes.com\/illustrious\/?page_id=10"},"modified":"2026-01-14T03:05:15","modified_gmt":"2026-01-14T01:05:15","slug":"kontakt-und-service","status":"publish","type":"page","link":"https:\/\/www.yamutec.de\/en\/kontakt-und-service\/","title":{"rendered":"Contact"},"content":{"rendered":"<div class=\"wpb-content-wrapper\"><div class=\"vc_row wpb_row vc_row-fluid vc_custom_1494188719260 vc_row-has-fill\"><div class=\"wpb_column vc_column_container vc_col-sm-6\"><div class=\"vc_column-inner\"><div class=\"wpb_wrapper\"><h2 style=\"text-align: left;font-family:Roboto;font-weight:400;font-style:normal\" class=\"vc_custom_heading\" >Senden Sie uns eine Nachricht<\/h2>\n\t<div class=\"wpb_text_column wpb_content_element \" >\n\t\t<div class=\"wpb_wrapper\">\n\t\t\t<div class=\"frm_forms  with_frm_style frm_style_formidable-style\" id=\"frm_form_5_container\" data-token=\"fd95dbed6fce80306bad8ff15cf719b1\">\n<form enctype=\"multipart\/form-data\" method=\"post\" class=\"frm-show-form  frm_js_validate \" id=\"form_93jfuio34poifjf3y6\" data-token=\"fd95dbed6fce80306bad8ff15cf719b1\">\n<div class=\"frm_form_fields \">\n<fieldset>\n<legend class=\"frm_hidden\">Kontakt & Service<\/legend>\r\n\r\n<div class=\"frm_fields_container\">\n<input type=\"hidden\" name=\"frm_action\" value=\"create\" \/>\n<input type=\"hidden\" name=\"form_id\" value=\"5\" \/>\n<input type=\"hidden\" name=\"frm_hide_fields_5\" id=\"frm_hide_fields_5\" value=\"\" \/>\n<input type=\"hidden\" name=\"form_key\" value=\"93jfuio34poifjf3y6\" \/>\n<input type=\"hidden\" name=\"item_meta[0]\" value=\"\" \/>\n<input type=\"hidden\" id=\"frm_submit_entry_5\" name=\"frm_submit_entry_5\" value=\"98e158b1fe\" \/><input type=\"hidden\" name=\"_wp_http_referer\" value=\"\/en\/wp-json\/wp\/v2\/pages\/10\" \/><div id=\"frm_field_17_container\" class=\"frm_form_field form-field  frm_required_field frm_top_container frm12\">\r\n    <label for=\"field_qh4icy3\" class=\"frm_primary_label\">Name\r\n        <span class=\"frm_required\">*<\/span>\r\n    <\/label>\r\n    <input type=\"text\" id=\"field_qh4icy3\" name=\"item_meta[17]\" value=\"\"  data-reqmsg=\"Dieses Feld darf nicht leer sein.\" aria-required=\"true\" data-invmsg=\"Name ist ung\u00fcltig\" aria-invalid=\"false\"  \/>\r\n    \r\n    \r\n<\/div>\n<div id=\"frm_field_19_container\" class=\"frm_form_field form-field  frm_required_field frm_top_container frm12\">\r\n    <label for=\"field_29yf4d3\" class=\"frm_primary_label\">Email\r\n        <span class=\"frm_required\">*<\/span>\r\n    <\/label>\r\n    <input type=\"email\" id=\"field_29yf4d3\" name=\"item_meta[19]\" value=\"\"  data-reqmsg=\"Dieses Feld darf nicht leer sein.\" aria-required=\"true\" data-invmsg=\"Please enter a valid email address\" aria-invalid=\"false\"  \/>\r\n    \r\n    \r\n<\/div>\n<div id=\"frm_field_21_container\" class=\"frm_form_field form-field  frm_required_field frm_top_container frm12\">\r\n    <label for=\"field_e6lis63\" class=\"frm_primary_label\">Berteff\r\n        <span class=\"frm_required\">*<\/span>\r\n    <\/label>\r\n    <input type=\"text\" id=\"field_e6lis63\" name=\"item_meta[21]\" value=\"\"  data-reqmsg=\"Dieses Feld darf nicht leer sein.\" aria-required=\"true\" data-invmsg=\"Subject ist ung\u00fcltig\" aria-invalid=\"false\"  \/>\r\n    \r\n    \r\n<\/div>\n<div id=\"frm_field_22_container\" class=\"frm_form_field form-field  frm_required_field frm_top_container frm12\">\r\n    <label for=\"field_9jv0r13\" class=\"frm_primary_label\">Nachricht\r\n        <span class=\"frm_required\">*<\/span>\r\n    <\/label>\r\n    <textarea name=\"item_meta[22]\" id=\"field_9jv0r13\" rows=\"6\"  data-reqmsg=\"Dieses Feld darf nicht leer sein.\" aria-required=\"true\" data-invmsg=\"Nachricht is invalid\" aria-invalid=\"false\"  ><\/textarea>\r\n    \r\n    \r\n<\/div>\n<div id=\"frm_field_121_container\" class=\"frm_form_field  frm10 frm_html_container form-field\">\n<p><span style=\"font-size: 14px; font-family: 'Roboto';\">Die abgesendeten personenbezogenen Daten werden zum Zweck der Bearbeitung Ihres Anliegens verarbeitet. Wir benutzen die Daten anschlie\u00dfend, um mit Ihnen in Kontakt zu bleiben und speichern sie f\u00fcr maximal ein Jahr. M\u00f6chten Sie die Daten \u00e4ndern, l\u00f6schen oder exportieren, dann erstellen Sie eine Anfrage in unserem <a href=\"https:\/\/www.yamutec.de\/datenschutz-zentrum\/\">Datenschutz-Zentrum<\/a>. Weitere Informationen finden Sie in unserer <a href=\"https:\/\/www.yamutec.de\/datenschutzerklaerung\/\">Datenschutzerkl\u00e4rung<\/a>.<\/span><\/p>\n<\/div>\n<div id=\"frm_field_122_container\" class=\"frm_form_field form-field  frm_required_field frm_top_container frm10 vertical_radio\">\r\n    <label for=\"field_4fvma\" class=\"frm_primary_label\">Einwilligungserkl\u00e4rung:\r\n        <span class=\"frm_required\">*<\/span>\r\n    <\/label>\r\n    <div class=\"frm_opt_container\">\t\t<div class=\"frm_checkbox\" id=\"frm_checkbox_122-0\">\t\t\t<label  for=\"field_4fvma-0\">\n\t\t\t<input type=\"checkbox\" name=\"item_meta[122][]\" id=\"field_4fvma-0\" value=\"&lt;span style=&quot;font-size: 14px; font-family: &#039;Roboto&#039;;&quot;&gt;Ich willige ein, dass meine Informationen gespeichert werden&lt;\/span&gt;\"  data-reqmsg=\"Dieses Feld darf nicht leer sein.\" data-invmsg=\"Einwilligungserkl\u00e4rung: is invalid\"   aria-required=\"true\"  \/> <span style=\"font-size: 14px;font-family: 'Roboto'\">Ich willige ein, dass meine Informationen gespeichert werden<\/span><\/label><\/div>\n<\/div>\r\n    \r\n    \r\n<\/div>\n<div id=\"frm_field_23_container\" class=\"frm_form_field form-field  frm_none_container frm_first\">\r\n    <label for=\"g-recaptcha-response\" class=\"frm_primary_label\">Captcha\r\n        <span class=\"frm_required\"><\/span>\r\n    <\/label>\r\n    <div  id=\"field_62n6q33\" class=\"g-recaptcha\" data-sitekey=\"6LcfQiAUAAAAAGGa6MnS1-gi9XuRverC2N_pdXCw\" data-size=\"normal\" data-theme=\"light\"><\/div>\r\n    \r\n    \r\n<\/div>\n\t<input type=\"hidden\" name=\"item_key\" value=\"\" \/>\n\t\t\t<div id=\"frm_field_266_container\">\n\t\t\t<label for=\"field_a6lie\" >\n\t\t\t\tIf you are human, leave this field blank.\t\t\t<\/label>\n\t\t\t<input  id=\"field_a6lie\" type=\"text\" class=\"frm_form_field form-field frm_verify\" name=\"item_meta[266]\" value=\"\"  \/>\n\t\t<\/div>\n\t\t<input name=\"frm_state\" type=\"hidden\" value=\"hlaOakEOfyox5P2CKcjZ32i2hsI4ELRe5NYIjEBN0kw=\" \/><div class=\"frm_submit\">\r\n\r\n<button class=\"frm_button_submit\" type=\"submit\"  >Abschicken<\/button>\r\n\r\n<\/div><\/div>\n<\/fieldset>\n<\/div>\n\n<\/form>\n<\/div>\n<br \/>\n<!--\n\n\n\n\n<div style=\"color: red;\">&#091;pirate_forms&#093;<\/div>\n\n\n\n\n--><\/p>\n\n\t\t<\/div>\n\t<\/div>\n<\/div><\/div><\/div><div class=\"wpb_column vc_column_container vc_col-sm-2\"><div class=\"vc_column-inner\"><div class=\"wpb_wrapper\"><\/div><\/div><\/div><div class=\"wpb_column vc_column_container vc_col-sm-4\"><div class=\"vc_column-inner\"><div class=\"wpb_wrapper\">\n\t<div class=\"wpb_text_column wpb_content_element \" >\n\t\t<div class=\"wpb_wrapper\">\n\t\t\t<p><span style=\"font-size: 16px;\">Yamutec\u00ae smart switch systems<\/span><br \/>\n<span style=\"font-size: 16px;\">Willy-Brandt-Stra\u00dfe 24<\/span><br \/>\n<span style=\"font-size: 16px;\">67304 Eisenberg (Pfalz), Germany<\/span><\/p>\n\n\t\t<\/div>\n\t<\/div>\n<div class=\"vc_separator wpb_content_element vc_separator_align_center vc_sep_width_100 vc_sep_dotted vc_sep_pos_align_center vc_separator_no_text vc_sep_color_green\" ><span class=\"vc_sep_holder vc_sep_holder_l\"><span class=\"vc_sep_line\"><\/span><\/span><span class=\"vc_sep_holder vc_sep_holder_r\"><span class=\"vc_sep_line\"><\/span><\/span>\n<\/div>\n\t<div class=\"wpb_text_column wpb_content_element \" >\n\t\t<div class=\"wpb_wrapper\">\n\t\t\t<p><strong><span style=\"font-size: 16px;\">Telefon<\/span><\/strong><br \/>\n<span style=\"font-size: 16px;\">+49 6351 989 21 06<\/span><\/p>\n<p><strong><span style=\"font-size: 16px;\">Telefax<\/span><\/strong><br \/>\n<span style=\"font-size: 16px;\">+49 6351 989 32 08<\/span><\/p>\n<p><span style=\"font-size: 16px;\"><strong>Email<\/strong><br \/>\n<span style=\"color: #5e7a0b;\"><a href=\"mailto:buchhaltung@yamutec.de\"><strong>buchhaltung@yamutec.de<\/strong><\/a><br \/>\n<span style=\"font-size: 12px; color: #000000;\">Bei Fragen betreffend Zahlungen \/ Rechnungen<\/span><\/span><\/span><\/p>\n<p><span style=\"font-size: 16px;\"><span style=\"color: #5e7a0b;\"><a href=\"mailto:bestellung@yamutec.de\"><strong>bestellung@yamutec.de<\/strong><\/a><br \/>\n<span style=\"font-size: 12px; color: #000000;\">Bestellungen \/ PO&#8217;s bitte direkt an die Adresse schicken<\/span><\/span><\/span><\/p>\n<p><span style=\"font-size: 16px; color: #5e7a0b;\"><a href=\"mailto:info@yamutec.de\"><strong>info@yamutec.de<\/strong><\/a><br \/>\n<span style=\"font-size: 12px; color: #000000;\">F\u00fcr Beratung oder technische Fragen rund um die Produkte<\/span><br \/>\n<\/span><\/p>\n<p><strong><span style=\"font-size: 16px;\">Gesch\u00e4ftszeiten<\/span><\/strong><br \/>\n<span style=\"font-size: 16px;\">Montag bis Freitag<\/span><br \/>\n<span style=\"font-size: 16px;\">08.30 Uhr bis 17:30 Uhr<\/span><\/p>\n\n\t\t<\/div>\n\t<\/div>\n\n\t<div class=\"wpb_text_column wpb_content_element \" >\n\t\t<div class=\"wpb_wrapper\">\n\t\t\t\n\n\t\t<\/div>\n\t<\/div>\n<\/div><\/div><\/div><\/div>\n<\/div>","protected":false},"excerpt":{"rendered":"Send us a message Contact &amp; Service Name * Email * Berteff * Message * The personal data sent will be processed for the purpose of processing your request. We then use the data to stay in touch with you and store it for a maximum of one year. If you would like to change, delete or export the data, please create a request in our data protection center. Further information can be found in our data protection declaration. Declaration of consent: * I agree that my information will be stored\u2026","protected":false},"author":4,"featured_media":6807,"parent":0,"menu_order":0,"comment_status":"closed","ping_status":"closed","template":"","meta":{"footnotes":""},"class_list":["post-10","page","type-page","status-publish","has-post-thumbnail","hentry","post-has-thumbnail"],"yoast_head":"<!-- This site is optimized with the Yoast SEO plugin v27.4 - https:\/\/yoast.com\/product\/yoast-seo-wordpress\/ -->\n<title>Kontakt | Yamutec<\/title>\n<meta name=\"description\" content=\"smart switch systems USB Relaiskarten f\u00fcr die Fern\u00fcberwachung\" \/>\n<meta name=\"robots\" content=\"index, follow, max-snippet:-1, max-image-preview:large, max-video-preview:-1\" \/>\n<link rel=\"canonical\" href=\"https:\/\/www.yamutec.de\/en\/kontakt-und-service\/\" \/>\n<meta property=\"og:locale\" content=\"en_GB\" \/>\n<meta property=\"og:type\" content=\"article\" \/>\n<meta property=\"og:title\" content=\"Kontakt | Yamutec\" \/>\n<meta property=\"og:description\" content=\"smart switch systems USB Relaiskarten f\u00fcr die Fern\u00fcberwachung\" \/>\n<meta property=\"og:url\" content=\"https:\/\/www.yamutec.de\/en\/kontakt-und-service\/\" \/>\n<meta property=\"og:site_name\" content=\"Yamutec\" \/>\n<meta property=\"article:modified_time\" content=\"2026-01-14T01:05:15+00:00\" \/>\n<meta name=\"twitter:card\" content=\"summary_large_image\" \/>\n<meta name=\"twitter:label1\" content=\"Estimated reading time\" \/>\n\t<meta name=\"twitter:data1\" content=\"1 minute\" \/>\n<script type=\"application\/ld+json\" class=\"yoast-schema-graph\">{\"@context\":\"https:\\\/\\\/schema.org\",\"@graph\":[{\"@type\":\"WebPage\",\"@id\":\"https:\\\/\\\/www.yamutec.de\\\/kontakt-und-service\\\/\",\"url\":\"https:\\\/\\\/www.yamutec.de\\\/kontakt-und-service\\\/\",\"name\":\"Kontakt | Yamutec\",\"isPartOf\":{\"@id\":\"https:\\\/\\\/www.yamutec.de\\\/#website\"},\"primaryImageOfPage\":{\"@id\":\"https:\\\/\\\/www.yamutec.de\\\/kontakt-und-service\\\/#primaryimage\"},\"image\":{\"@id\":\"https:\\\/\\\/www.yamutec.de\\\/kontakt-und-service\\\/#primaryimage\"},\"thumbnailUrl\":\"https:\\\/\\\/www.yamutec.de\\\/wp-content\\\/uploads\\\/2023\\\/01\\\/placeholder.png\",\"datePublished\":\"2012-02-16T08:01:06+00:00\",\"dateModified\":\"2026-01-14T01:05:15+00:00\",\"description\":\"smart switch systems USB Relaiskarten f\u00fcr die Fern\u00fcberwachung\",\"inLanguage\":\"en-GB\",\"potentialAction\":[{\"@type\":\"ReadAction\",\"target\":[\"https:\\\/\\\/www.yamutec.de\\\/kontakt-und-service\\\/\"]}]},{\"@type\":\"ImageObject\",\"inLanguage\":\"en-GB\",\"@id\":\"https:\\\/\\\/www.yamutec.de\\\/kontakt-und-service\\\/#primaryimage\",\"url\":\"https:\\\/\\\/www.yamutec.de\\\/wp-content\\\/uploads\\\/2023\\\/01\\\/placeholder.png\",\"contentUrl\":\"https:\\\/\\\/www.yamutec.de\\\/wp-content\\\/uploads\\\/2023\\\/01\\\/placeholder.png\",\"width\":1339,\"height\":912},{\"@type\":\"WebSite\",\"@id\":\"https:\\\/\\\/www.yamutec.de\\\/#website\",\"url\":\"https:\\\/\\\/www.yamutec.de\\\/\",\"name\":\"Yamutec\",\"description\":\"smart switch systems\",\"publisher\":{\"@id\":\"https:\\\/\\\/www.yamutec.de\\\/#organization\"},\"potentialAction\":[{\"@type\":\"SearchAction\",\"target\":{\"@type\":\"EntryPoint\",\"urlTemplate\":\"https:\\\/\\\/www.yamutec.de\\\/?s={search_term_string}\"},\"query-input\":{\"@type\":\"PropertyValueSpecification\",\"valueRequired\":true,\"valueName\":\"search_term_string\"}}],\"inLanguage\":\"en-GB\"},{\"@type\":\"Organization\",\"@id\":\"https:\\\/\\\/www.yamutec.de\\\/#organization\",\"name\":\"Yamutec\",\"url\":\"https:\\\/\\\/www.yamutec.de\\\/\",\"logo\":{\"@type\":\"ImageObject\",\"inLanguage\":\"en-GB\",\"@id\":\"https:\\\/\\\/www.yamutec.de\\\/#\\\/schema\\\/logo\\\/image\\\/\",\"url\":\"https:\\\/\\\/www.yamutec.de\\\/wp-content\\\/uploads\\\/2017\\\/04\\\/logo-1.png\",\"contentUrl\":\"https:\\\/\\\/www.yamutec.de\\\/wp-content\\\/uploads\\\/2017\\\/04\\\/logo-1.png\",\"width\":313,\"height\":90,\"caption\":\"Yamutec\"},\"image\":{\"@id\":\"https:\\\/\\\/www.yamutec.de\\\/#\\\/schema\\\/logo\\\/image\\\/\"}}]}<\/script>\n<!-- \/ Yoast SEO plugin. -->","yoast_head_json":{"title":"Contact | Yamutec","description":"smart switch systems USB relay cards for remote monitoring","robots":{"index":"index","follow":"follow","max-snippet":"max-snippet:-1","max-image-preview":"max-image-preview:large","max-video-preview":"max-video-preview:-1"},"canonical":"https:\/\/www.yamutec.de\/en\/kontakt-und-service\/","og_locale":"en_GB","og_type":"article","og_title":"Kontakt | Yamutec","og_description":"smart switch systems USB Relaiskarten f\u00fcr die Fern\u00fcberwachung","og_url":"https:\/\/www.yamutec.de\/en\/kontakt-und-service\/","og_site_name":"Yamutec","article_modified_time":"2026-01-14T01:05:15+00:00","twitter_card":"summary_large_image","twitter_misc":{"Estimated reading time":"1 minute"},"schema":{"@context":"https:\/\/schema.org","@graph":[{"@type":"WebPage","@id":"https:\/\/www.yamutec.de\/kontakt-und-service\/","url":"https:\/\/www.yamutec.de\/kontakt-und-service\/","name":"Contact | Yamutec","isPartOf":{"@id":"https:\/\/www.yamutec.de\/#website"},"primaryImageOfPage":{"@id":"https:\/\/www.yamutec.de\/kontakt-und-service\/#primaryimage"},"image":{"@id":"https:\/\/www.yamutec.de\/kontakt-und-service\/#primaryimage"},"thumbnailUrl":"https:\/\/www.yamutec.de\/wp-content\/uploads\/2023\/01\/placeholder.png","datePublished":"2012-02-16T08:01:06+00:00","dateModified":"2026-01-14T01:05:15+00:00","description":"smart switch systems USB relay cards for remote monitoring","inLanguage":"en-GB","potentialAction":[{"@type":"ReadAction","target":["https:\/\/www.yamutec.de\/kontakt-und-service\/"]}]},{"@type":"ImageObject","inLanguage":"en-GB","@id":"https:\/\/www.yamutec.de\/kontakt-und-service\/#primaryimage","url":"https:\/\/www.yamutec.de\/wp-content\/uploads\/2023\/01\/placeholder.png","contentUrl":"https:\/\/www.yamutec.de\/wp-content\/uploads\/2023\/01\/placeholder.png","width":1339,"height":912},{"@type":"WebSite","@id":"https:\/\/www.yamutec.de\/#website","url":"https:\/\/www.yamutec.de\/","name":"Yamutec","description":"smart switch systems","publisher":{"@id":"https:\/\/www.yamutec.de\/#organization"},"potentialAction":[{"@type":"SearchAction","target":{"@type":"EntryPoint","urlTemplate":"https:\/\/www.yamutec.de\/?s={search_term_string}"},"query-input":{"@type":"PropertyValueSpecification","valueRequired":true,"valueName":"search_term_string"}}],"inLanguage":"en-GB"},{"@type":"Organization","@id":"https:\/\/www.yamutec.de\/#organization","name":"Yamutec","url":"https:\/\/www.yamutec.de\/","logo":{"@type":"ImageObject","inLanguage":"en-GB","@id":"https:\/\/www.yamutec.de\/#\/schema\/logo\/image\/","url":"https:\/\/www.yamutec.de\/wp-content\/uploads\/2017\/04\/logo-1.png","contentUrl":"https:\/\/www.yamutec.de\/wp-content\/uploads\/2017\/04\/logo-1.png","width":313,"height":90,"caption":"Yamutec"},"image":{"@id":"https:\/\/www.yamutec.de\/#\/schema\/logo\/image\/"}}]}},"post_mailing_queue_ids":[],"_links":{"self":[{"href":"https:\/\/www.yamutec.de\/en\/wp-json\/wp\/v2\/pages\/10","targetHints":{"allow":["GET"]}}],"collection":[{"href":"https:\/\/www.yamutec.de\/en\/wp-json\/wp\/v2\/pages"}],"about":[{"href":"https:\/\/www.yamutec.de\/en\/wp-json\/wp\/v2\/types\/page"}],"author":[{"embeddable":true,"href":"https:\/\/www.yamutec.de\/en\/wp-json\/wp\/v2\/users\/4"}],"replies":[{"embeddable":true,"href":"https:\/\/www.yamutec.de\/en\/wp-json\/wp\/v2\/comments?post=10"}],"version-history":[{"count":124,"href":"https:\/\/www.yamutec.de\/en\/wp-json\/wp\/v2\/pages\/10\/revisions"}],"predecessor-version":[{"id":8271,"href":"https:\/\/www.yamutec.de\/en\/wp-json\/wp\/v2\/pages\/10\/revisions\/8271"}],"wp:featuredmedia":[{"embeddable":true,"href":"https:\/\/www.yamutec.de\/en\/wp-json\/wp\/v2\/media\/6807"}],"wp:attachment":[{"href":"https:\/\/www.yamutec.de\/en\/wp-json\/wp\/v2\/media?parent=10"}],"curies":[{"name":"wp","href":"https:\/\/api.w.org\/{rel}","templated":true}]}}