{"id":2389,"date":"2017-04-28T06:01:11","date_gmt":"2017-04-28T04:01:11","guid":{"rendered":"http:\/\/maamekal.in\/yamutec\/?page_id=2389"},"modified":"2024-01-05T23:35:46","modified_gmt":"2024-01-05T21:35:46","slug":"company","status":"publish","type":"page","link":"https:\/\/www.yamutec.de\/en\/company\/","title":{"rendered":"About us"},"content":{"rendered":"<div class=\"wpb-content-wrapper\"><div class=\"vc_row wpb_row vc_row-fluid vc_custom_1493360101637 vc_column-gap-35\"><div class=\"wpb_column vc_column_container vc_col-sm-6\"><div class=\"vc_column-inner\"><div class=\"wpb_wrapper\">\n\t<div class=\"wpb_text_column wpb_content_element\" >\n\t\t<div class=\"wpb_wrapper\">\n\t\t\t<p style=\"text-align: justify;\">Yamutec was founded in 2017. The goal was clear: quality that pays off for the customer. Our values were based on the demands of our target groups. In order to meet your wishes, we have always developed our hardware and software with quality in mind, which always requires a lot of effort and motivates us to respond to individual needs. Today we meet industry standards through our experience and have grown as a team with more than 4 employees. Our professional trust comes from all the projects we have successfully implemented over the years.<span class=\"Apple-converted-space\">\u00a0<\/span>Our flexibility and ability to learn new technologies makes us confident that we can continue to provide reliable solutions.<\/p>\n\n\t\t<\/div>\n\t<\/div>\n<\/div><\/div><\/div><div class=\"wpb_column vc_column_container vc_col-sm-6\"><div class=\"vc_column-inner\"><div class=\"wpb_wrapper\">\n\t<div class=\"wpb_text_column wpb_content_element\" >\n\t\t<div class=\"wpb_wrapper\">\n\t\t\t<div class=\"et_pb_text et_pb_module et_pb_bg_layout_light et_pb_text_align_left et_pb_text_2\">\n<p style=\"text-align: justify;\">We are young enough to be dynamic and resilient and to face new challenges. We are old enough to have not only the necessary assertiveness but also the necessary professional experience to be able to solve all of our customers&#039; problems, no matter how complex. And we are big enough to have the full range of services in the areas of consulting, software development and hardware development. And we are small enough to be a flexible and individually advising contact for our customers.<\/p>\n<\/div>\n<div class=\"et_pb_text et_pb_module et_pb_bg_layout_light et_pb_text_align_left et_pb_text_3\">\n<div id=\"gt-c\" class=\"g-section\">\n<div id=\"gt-form-c\">\n<form id=\"gt-form\" action=\"\/en\/\" enctype=\"application\/x-www-form-urlencoded\" method=\"post\" name=\"text_form\" data-trp-original-action=\"\/\">\n<div id=\"gt-text-all\"><\/div>\n<input type=\"hidden\" name=\"trp-form-language\" value=\"en\"\/><\/form>\n<\/div>\n<\/div>\n<\/div>\n\n\t\t<\/div>\n\t<\/div>\n<\/div><\/div><\/div><\/div><div class=\"vc_row wpb_row vc_row-fluid\"><div class=\"wpb_column vc_column_container vc_col-sm-12\"><div class=\"vc_column-inner\"><div class=\"wpb_wrapper\"><div class=\"vc_empty_space\"   style=\"height: 32px\"><span class=\"vc_empty_space_inner\"><\/span><\/div>\n\t<div class=\"wpb_text_column wpb_content_element\" >\n\t\t<div class=\"wpb_wrapper\">\n\t\t\t\n\t\t<\/div>\n\t<\/div>\n<\/div><\/div><\/div><\/div><div class=\"vc_row wpb_row vc_row-fluid\"><div class=\"wpb_column vc_column_container vc_col-sm-12\"><div class=\"vc_column-inner\"><div class=\"wpb_wrapper\">\n\t<div class=\"wpb_text_column wpb_content_element\" >\n\t\t<div class=\"wpb_wrapper\">\n\t\t\t\n\t\t<\/div>\n\t<\/div>\n<\/div><\/div><\/div><\/div><div class=\"vc_row wpb_row vc_row-fluid vc_custom_1669118168859\"><div class=\"wpb_column vc_column_container vc_col-sm-3\"><div class=\"vc_column-inner\"><div class=\"wpb_wrapper\">\t\t\r\n\t    \t<!-- Counter style one -->\r\n\t\t\t\t\t<div id=\"mega_count_bar\" class=\"messive-wrapper-counter\" data-delay=\"10\" data-time=\"600\">\r\n\t\t\t\t<div class=\"mega_count_img\">\r\n\t\t\t\t\t\t\t   \r\n\t\t\t\t\t\t<img decoding=\"async\" src=\"https:\/\/www.yamutec.de\/wp-content\/uploads\/2023\/06\/Icon_World-1.png\" alt=\"\" width=\"90px\" height=\"px\">\r\n\t\t\t\t\t\t\t\t\t\t\t\t\t\t<\/div>\r\n\t\t\t\t<div class=\"mega_count_content\" style=\"text-align: center;\">\r\n\t\t\t\t\t<span class=\"main-counter\" style=\"font-size: 40px; font-weight: 600; color: #000000; line-height: 1.1;\">16<\/span>\r\n\t\t\t\t\t<span class=\"counter-after\" style=\"font-size: 40px; font-weight: 600; color: #000000;\"><\/span>\r\n\t\t\t\t\t\r\n\t\t\t\t\t<h3 style=\"font-size: 18px; font-weight: 500; color: #a4bd37;\">\r\n\t\t\t\t\t\tavailable in countries\t\t\t\t\t<\/h3>\r\n\t\t\t\t<\/div>\r\n\t\t\t<\/div>\r\n\t\t\r\n\t\t<!-- Counter style two -->\r\n\t\t\r\n\t\t<!-- Counter style three -->\r\n\t\t\r\n\t\t<!-- Counter style four -->\r\n\t\t\r\n\t\t<!-- Counter style five -->\r\n\t\t\t\t\r\n\r\n\t\t<\/div><\/div><\/div><div class=\"wpb_column vc_column_container vc_col-sm-3\"><div class=\"vc_column-inner\"><div class=\"wpb_wrapper\">\t\t\r\n\t    \t<!-- Counter style one -->\r\n\t\t\t\t\t<div id=\"mega_count_bar\" class=\"messive-wrapper-counter\" data-delay=\"10\" data-time=\"800\">\r\n\t\t\t\t<div class=\"mega_count_img\">\r\n\t\t\t\t\t\t\t   \r\n\t\t\t\t\t\t<img decoding=\"async\" src=\"https:\/\/www.yamutec.de\/wp-content\/uploads\/2023\/01\/icon-erfahrung-1.png\" alt=\"\" width=\"90px\" height=\"px\">\r\n\t\t\t\t\t\t\t\t\t\t\t\t\t\t<\/div>\r\n\t\t\t\t<div class=\"mega_count_content\" style=\"text-align: center;\">\r\n\t\t\t\t\t<span class=\"main-counter\" style=\"font-size: 40px; font-weight: 600; color: #000000; line-height: 1.1;\">16<\/span>\r\n\t\t\t\t\t<span class=\"counter-after\" style=\"font-size: 40px; font-weight: 600; color: #000000;\"><\/span>\r\n\t\t\t\t\t\r\n\t\t\t\t\t<h3 style=\"font-size: 18px; font-weight: 500; color: #a4bd37;\">\r\n\t\t\t\t\t\tyears of experience\t\t\t\t\t<\/h3>\r\n\t\t\t\t<\/div>\r\n\t\t\t<\/div>\r\n\t\t\r\n\t\t<!-- Counter style two -->\r\n\t\t\r\n\t\t<!-- Counter style three -->\r\n\t\t\r\n\t\t<!-- Counter style four -->\r\n\t\t\r\n\t\t<!-- Counter style five -->\r\n\t\t\t\t\r\n\r\n\t\t<\/div><\/div><\/div><div class=\"wpb_column vc_column_container vc_col-sm-3\"><div class=\"vc_column-inner\"><div class=\"wpb_wrapper\">\t\t\r\n\t    \t<!-- Counter style one -->\r\n\t\t\t\t\t<div id=\"mega_count_bar\" class=\"messive-wrapper-counter\" data-delay=\"10\" data-time=\"1200\">\r\n\t\t\t\t<div class=\"mega_count_img\">\r\n\t\t\t\t\t\t\t   \r\n\t\t\t\t\t\t<img decoding=\"async\" src=\"https:\/\/www.yamutec.de\/wp-content\/uploads\/2023\/01\/icon-lieferung.png\" alt=\"\" width=\"90px\" height=\"px\">\r\n\t\t\t\t\t\t\t\t\t\t\t\t\t\t<\/div>\r\n\t\t\t\t<div class=\"mega_count_content\" style=\"text-align: center;\">\r\n\t\t\t\t\t<span class=\"main-counter\" style=\"font-size: 40px; font-weight: 600; color: #000000; line-height: 1.1;\">1500<\/span>\r\n\t\t\t\t\t<span class=\"counter-after\" style=\"font-size: 40px; font-weight: 600; color: #000000;\"><\/span>\r\n\t\t\t\t\t\r\n\t\t\t\t\t<h3 style=\"font-size: 18px; font-weight: 500; color: #a4bd37;\">\r\n\t\t\t\t\t\tdelivered products\t\t\t\t\t<\/h3>\r\n\t\t\t\t<\/div>\r\n\t\t\t<\/div>\r\n\t\t\r\n\t\t<!-- Counter style two -->\r\n\t\t\r\n\t\t<!-- Counter style three -->\r\n\t\t\r\n\t\t<!-- Counter style four -->\r\n\t\t\r\n\t\t<!-- Counter style five -->\r\n\t\t\t\t\r\n\r\n\t\t<\/div><\/div><\/div><div class=\"wpb_column vc_column_container vc_col-sm-3\"><div class=\"vc_column-inner\"><div class=\"wpb_wrapper\">\t\t\r\n\t    \t<!-- Counter style one -->\r\n\t\t\t\t\t<div id=\"mega_count_bar\" class=\"messive-wrapper-counter\" data-delay=\"10\" data-time=\"600\">\r\n\t\t\t\t<div class=\"mega_count_img\">\r\n\t\t\t\t\t\t\t   \r\n\t\t\t\t\t\t<img decoding=\"async\" src=\"https:\/\/www.yamutec.de\/wp-content\/uploads\/2023\/01\/icon-garantie.png\" alt=\"\" width=\"90px\" height=\"px\">\r\n\t\t\t\t\t\t\t\t\t\t\t\t\t\t<\/div>\r\n\t\t\t\t<div class=\"mega_count_content\" style=\"text-align: center;\">\r\n\t\t\t\t\t<span class=\"main-counter\" style=\"font-size: 40px; font-weight: 600; color: #000000; line-height: 1.1;\">10<\/span>\r\n\t\t\t\t\t<span class=\"counter-after\" style=\"font-size: 40px; font-weight: 600; color: #000000;\"><\/span>\r\n\t\t\t\t\t\r\n\t\t\t\t\t<h3 style=\"font-size: 18px; font-weight: 500; color: #a4bd37;\">\r\n\t\t\t\t\t\tyears delivery guarantee\t\t\t\t\t<\/h3>\r\n\t\t\t\t<\/div>\r\n\t\t\t<\/div>\r\n\t\t\r\n\t\t<!-- Counter style two -->\r\n\t\t\r\n\t\t<!-- Counter style three -->\r\n\t\t\r\n\t\t<!-- Counter style four -->\r\n\t\t\r\n\t\t<!-- Counter style five -->\r\n\t\t\t\t\r\n\r\n\t\t<\/div><\/div><\/div><\/div>\n<\/div>","protected":false},"excerpt":{"rendered":"Yamutec was founded in 2017. The goal was clear: quality that pays off for the customer. Our values were based on the demands of our target groups. In order to meet their wishes, we have always developed our hardware and software with a focus on quality, which always requires a lot of effort and motivates us to respond to individual needs. Today, our experience enables us to meet industry standards and we have grown as a team with more than 4 employees. Our professional trust comes from all the projects we have successfully completed over the course of...","protected":false},"author":4,"featured_media":6807,"parent":0,"menu_order":0,"comment_status":"closed","ping_status":"closed","template":"","meta":{"footnotes":""},"class_list":["post-2389","page","type-page","status-publish","has-post-thumbnail","hentry","post-has-thumbnail"],"yoast_head":"<!-- This site is optimized with the Yoast SEO plugin v27.3 - https:\/\/yoast.com\/product\/yoast-seo-wordpress\/ -->\n<title>Wir \u00fcber uns | Yamutec<\/title>\n<meta name=\"description\" content=\"smart switch systems USB Relaiskarten f\u00fcr die Fern\u00fcberwachung\" \/>\n<meta name=\"robots\" content=\"index, follow, max-snippet:-1, max-image-preview:large, max-video-preview:-1\" \/>\n<link rel=\"canonical\" href=\"https:\/\/www.yamutec.de\/en\/company\/\" \/>\n<meta property=\"og:locale\" content=\"en_GB\" \/>\n<meta property=\"og:type\" content=\"article\" \/>\n<meta property=\"og:title\" content=\"Wir \u00fcber uns | Yamutec\" \/>\n<meta property=\"og:description\" content=\"smart switch systems USB Relaiskarten f\u00fcr die Fern\u00fcberwachung\" \/>\n<meta property=\"og:url\" content=\"https:\/\/www.yamutec.de\/en\/company\/\" \/>\n<meta property=\"og:site_name\" content=\"Yamutec\" \/>\n<meta property=\"article:modified_time\" content=\"2024-01-05T21:35:46+00:00\" \/>\n<meta name=\"twitter:card\" content=\"summary_large_image\" \/>\n<meta name=\"twitter:label1\" content=\"Estimated reading time\" \/>\n\t<meta name=\"twitter:data1\" content=\"3 minutes\" \/>\n<script type=\"application\/ld+json\" class=\"yoast-schema-graph\">{\"@context\":\"https:\\\/\\\/schema.org\",\"@graph\":[{\"@type\":\"WebPage\",\"@id\":\"https:\\\/\\\/www.yamutec.de\\\/company\\\/\",\"url\":\"https:\\\/\\\/www.yamutec.de\\\/company\\\/\",\"name\":\"Wir \u00fcber uns | Yamutec\",\"isPartOf\":{\"@id\":\"https:\\\/\\\/www.yamutec.de\\\/#website\"},\"primaryImageOfPage\":{\"@id\":\"https:\\\/\\\/www.yamutec.de\\\/company\\\/#primaryimage\"},\"image\":{\"@id\":\"https:\\\/\\\/www.yamutec.de\\\/company\\\/#primaryimage\"},\"thumbnailUrl\":\"https:\\\/\\\/www.yamutec.de\\\/wp-content\\\/uploads\\\/2023\\\/01\\\/placeholder.png\",\"datePublished\":\"2017-04-28T04:01:11+00:00\",\"dateModified\":\"2024-01-05T21:35:46+00:00\",\"description\":\"smart switch systems USB Relaiskarten f\u00fcr die Fern\u00fcberwachung\",\"inLanguage\":\"en-GB\",\"potentialAction\":[{\"@type\":\"ReadAction\",\"target\":[\"https:\\\/\\\/www.yamutec.de\\\/company\\\/\"]}]},{\"@type\":\"ImageObject\",\"inLanguage\":\"en-GB\",\"@id\":\"https:\\\/\\\/www.yamutec.de\\\/company\\\/#primaryimage\",\"url\":\"https:\\\/\\\/www.yamutec.de\\\/wp-content\\\/uploads\\\/2023\\\/01\\\/placeholder.png\",\"contentUrl\":\"https:\\\/\\\/www.yamutec.de\\\/wp-content\\\/uploads\\\/2023\\\/01\\\/placeholder.png\",\"width\":1339,\"height\":912},{\"@type\":\"WebSite\",\"@id\":\"https:\\\/\\\/www.yamutec.de\\\/#website\",\"url\":\"https:\\\/\\\/www.yamutec.de\\\/\",\"name\":\"Yamutec\",\"description\":\"smart switch systems\",\"publisher\":{\"@id\":\"https:\\\/\\\/www.yamutec.de\\\/#organization\"},\"potentialAction\":[{\"@type\":\"SearchAction\",\"target\":{\"@type\":\"EntryPoint\",\"urlTemplate\":\"https:\\\/\\\/www.yamutec.de\\\/?s={search_term_string}\"},\"query-input\":{\"@type\":\"PropertyValueSpecification\",\"valueRequired\":true,\"valueName\":\"search_term_string\"}}],\"inLanguage\":\"en-GB\"},{\"@type\":\"Organization\",\"@id\":\"https:\\\/\\\/www.yamutec.de\\\/#organization\",\"name\":\"Yamutec\",\"url\":\"https:\\\/\\\/www.yamutec.de\\\/\",\"logo\":{\"@type\":\"ImageObject\",\"inLanguage\":\"en-GB\",\"@id\":\"https:\\\/\\\/www.yamutec.de\\\/#\\\/schema\\\/logo\\\/image\\\/\",\"url\":\"https:\\\/\\\/www.yamutec.de\\\/wp-content\\\/uploads\\\/2017\\\/04\\\/logo-1.png\",\"contentUrl\":\"https:\\\/\\\/www.yamutec.de\\\/wp-content\\\/uploads\\\/2017\\\/04\\\/logo-1.png\",\"width\":313,\"height\":90,\"caption\":\"Yamutec\"},\"image\":{\"@id\":\"https:\\\/\\\/www.yamutec.de\\\/#\\\/schema\\\/logo\\\/image\\\/\"}}]}<\/script>\n<!-- \/ Yoast SEO plugin. -->","yoast_head_json":{"title":"About Us | Yamutec","description":"smart switch systems USB relay cards for remote monitoring","robots":{"index":"index","follow":"follow","max-snippet":"max-snippet:-1","max-image-preview":"max-image-preview:large","max-video-preview":"max-video-preview:-1"},"canonical":"https:\/\/www.yamutec.de\/en\/company\/","og_locale":"en_GB","og_type":"article","og_title":"Wir \u00fcber uns | Yamutec","og_description":"smart switch systems USB Relaiskarten f\u00fcr die Fern\u00fcberwachung","og_url":"https:\/\/www.yamutec.de\/en\/company\/","og_site_name":"Yamutec","article_modified_time":"2024-01-05T21:35:46+00:00","twitter_card":"summary_large_image","twitter_misc":{"Estimated reading time":"3 minutes"},"schema":{"@context":"https:\/\/schema.org","@graph":[{"@type":"WebPage","@id":"https:\/\/www.yamutec.de\/company\/","url":"https:\/\/www.yamutec.de\/company\/","name":"About Us | Yamutec","isPartOf":{"@id":"https:\/\/www.yamutec.de\/#website"},"primaryImageOfPage":{"@id":"https:\/\/www.yamutec.de\/company\/#primaryimage"},"image":{"@id":"https:\/\/www.yamutec.de\/company\/#primaryimage"},"thumbnailUrl":"https:\/\/www.yamutec.de\/wp-content\/uploads\/2023\/01\/placeholder.png","datePublished":"2017-04-28T04:01:11+00:00","dateModified":"2024-01-05T21:35:46+00:00","description":"smart switch systems USB relay cards for remote monitoring","inLanguage":"en-GB","potentialAction":[{"@type":"ReadAction","target":["https:\/\/www.yamutec.de\/company\/"]}]},{"@type":"ImageObject","inLanguage":"en-GB","@id":"https:\/\/www.yamutec.de\/company\/#primaryimage","url":"https:\/\/www.yamutec.de\/wp-content\/uploads\/2023\/01\/placeholder.png","contentUrl":"https:\/\/www.yamutec.de\/wp-content\/uploads\/2023\/01\/placeholder.png","width":1339,"height":912},{"@type":"WebSite","@id":"https:\/\/www.yamutec.de\/#website","url":"https:\/\/www.yamutec.de\/","name":"Yamutec","description":"smart switch systems","publisher":{"@id":"https:\/\/www.yamutec.de\/#organization"},"potentialAction":[{"@type":"SearchAction","target":{"@type":"EntryPoint","urlTemplate":"https:\/\/www.yamutec.de\/?s={search_term_string}"},"query-input":{"@type":"PropertyValueSpecification","valueRequired":true,"valueName":"search_term_string"}}],"inLanguage":"en-GB"},{"@type":"Organization","@id":"https:\/\/www.yamutec.de\/#organization","name":"Yamutec","url":"https:\/\/www.yamutec.de\/","logo":{"@type":"ImageObject","inLanguage":"en-GB","@id":"https:\/\/www.yamutec.de\/#\/schema\/logo\/image\/","url":"https:\/\/www.yamutec.de\/wp-content\/uploads\/2017\/04\/logo-1.png","contentUrl":"https:\/\/www.yamutec.de\/wp-content\/uploads\/2017\/04\/logo-1.png","width":313,"height":90,"caption":"Yamutec"},"image":{"@id":"https:\/\/www.yamutec.de\/#\/schema\/logo\/image\/"}}]}},"post_mailing_queue_ids":[],"_links":{"self":[{"href":"https:\/\/www.yamutec.de\/en\/wp-json\/wp\/v2\/pages\/2389","targetHints":{"allow":["GET"]}}],"collection":[{"href":"https:\/\/www.yamutec.de\/en\/wp-json\/wp\/v2\/pages"}],"about":[{"href":"https:\/\/www.yamutec.de\/en\/wp-json\/wp\/v2\/types\/page"}],"author":[{"embeddable":true,"href":"https:\/\/www.yamutec.de\/en\/wp-json\/wp\/v2\/users\/4"}],"replies":[{"embeddable":true,"href":"https:\/\/www.yamutec.de\/en\/wp-json\/wp\/v2\/comments?post=2389"}],"version-history":[{"count":34,"href":"https:\/\/www.yamutec.de\/en\/wp-json\/wp\/v2\/pages\/2389\/revisions"}],"predecessor-version":[{"id":7721,"href":"https:\/\/www.yamutec.de\/en\/wp-json\/wp\/v2\/pages\/2389\/revisions\/7721"}],"wp:featuredmedia":[{"embeddable":true,"href":"https:\/\/www.yamutec.de\/en\/wp-json\/wp\/v2\/media\/6807"}],"wp:attachment":[{"href":"https:\/\/www.yamutec.de\/en\/wp-json\/wp\/v2\/media?parent=2389"}],"curies":[{"name":"wp","href":"https:\/\/api.w.org\/{rel}","templated":true}]}}