{"id":3089,"date":"2017-05-30T13:47:52","date_gmt":"2017-05-30T11:47:52","guid":{"rendered":"https:\/\/www.yamutec.de\/?page_id=3089"},"modified":"2026-01-14T02:54:03","modified_gmt":"2026-01-14T00:54:03","slug":"impressum","status":"publish","type":"page","link":"https:\/\/www.yamutec.de\/en\/impressum\/","title":{"rendered":"Imprint"},"content":{"rendered":"<div class=\"wpb-content-wrapper\"><div class=\"vc_row wpb_row vc_row-fluid vc_custom_1494188719260 vc_row-has-fill\"><div class=\"wpb_column vc_column_container vc_col-sm-6\"><div class=\"vc_column-inner\"><div class=\"wpb_wrapper\"><h2 style=\"text-align: left;font-family:Roboto;font-weight:400;font-style:normal\" class=\"vc_custom_heading\" >Imprint<\/h2>\n\t<div class=\"wpb_text_column wpb_content_element\" >\n\t\t<div class=\"wpb_wrapper\">\n\t\t\t<p><span style=\"font-size: 16px;\"><strong>Responsible according to \u00a7 5 Abs. 1 TMG:<\/strong><\/span><br \/>\n<b><\/b><\/p>\n<p><span style=\"font-size: 16px;\">Yamutec\u00ae smart switch systems<\/span><br \/>\n<span style=\"font-size: 16px;\">Willy-Brandt-Stra\u00dfe 24<\/span><br \/>\n<span style=\"font-size: 16px;\">67304 Eisenberg (Pfalz), Germany<\/span><\/p>\n<p><span style=\"font-size: 16px;\"><strong>Contact:<\/strong><\/span><br \/>\n<span style=\"font-size: 16px;\">Tel.: +49(0)6351 989 21 06<\/span><br \/>\n<span style=\"font-size: 16px;\">Fax: +49(0)6351 989 32 08<\/span><br \/>\n<span style=\"font-size: 16px;\">e-mail: <a href=\"mailto:kontakt@yamutec.de\">kontakt@yamutec.de<\/a><\/span><\/p>\n<p><!-- <span style=\"font-size: 16px;\"><span data-mce-type=\"bookmark\" style=\"display: inline-block; width: 0px; overflow: hidden; line-height: 0;\" class=\"mce_SELRES_start\"><\/span><strong>Vertreten durch die Gesch\u00e4ftsf\u00fchrer:<\/strong><\/span>\n<span style=\"font-size: 16px;\">Sinan Tuzcu (Dipl.-Ing. FH)<\/span> --><\/p>\n<p><span style=\"font-size: 16px;\">Sales tax identification number according to \u00a7 27 a<\/span><br \/>\n<span style=\"font-size: 16px;\">Sales tax law: DE321880580<\/span><\/p>\n<p><!-- <span style=\"font-size: 16px;\"><span data-mce-type=\"bookmark\" style=\"display: inline-block; width: 0px; overflow: hidden; line-height: 0;\" class=\"mce_SELRES_start\"><\/span><strong>Verantwortlich f\u00fcr den Inhalt nach \u00a7 55 Abs. 2 RStV:<\/strong>Dipl.-Ing. Sinan Tuzcu --><span style=\"font-size: 16px;\"><strong><a href=\"https:\/\/www.yamutec.de\/en\/agbs\/\">General terms and conditions of business<\/a><\/strong><\/span><\/p>\n<p><span style=\"font-size: 16px;\">\u00a9 2017 All rights reserved. Reproduction, even in part, only with permission. Information in our amounts without guarantee! No warning without previous contact.<\/span><\/p>\n<p><span style=\"font-size: 16px;\"><strong>A notice:<br \/>\n<\/strong>The EU Commission offers the possibility of online dispute resolution on an online platform operated by it. This platform is via the external link <a href=\"http:\/\/ec.europa.eu\/consumers\/odr\/\">http:\/\/ec.europa.eu\/consumers\/odr\/<\/a> to reach.<\/span><\/p>\n\n\t\t<\/div>\n\t<\/div>\n<\/div><\/div><\/div><div class=\"wpb_column vc_column_container vc_col-sm-2\"><div class=\"vc_column-inner\"><div class=\"wpb_wrapper\"><\/div><\/div><\/div><div class=\"wpb_column vc_column_container vc_col-sm-4\"><div class=\"vc_column-inner\"><div class=\"wpb_wrapper\"><\/div><\/div><\/div><\/div><div class=\"vc_row wpb_row vc_row-fluid\"><div class=\"wpb_column vc_column_container vc_col-sm-12\"><div class=\"vc_column-inner\"><div class=\"wpb_wrapper\"><h2 style=\"text-align: left;font-family:Roboto;font-weight:400;font-style:normal\" class=\"vc_custom_heading\" >Disclaimer<\/h2>\n\t<div class=\"wpb_text_column wpb_content_element\" >\n\t\t<div class=\"wpb_wrapper\">\n\t\t\t<p><span style=\"font-size: 16px;\"><strong>Liability for content<\/strong><\/span><br \/>\n<span style=\"font-size: 14px;\">The contents of our pages were created with great care. However, we cannot guarantee that the content is correct, complete or up-to-date. As a service provider, we are responsible for our own content on these pages according to Section 7, Paragraph 1 of the German Telemedia Act (TMG). According to \u00a7\u00a7 8 to 10 TMG, however, we as a service provider are not obliged to monitor transmitted or stored third-party information or to investigate circumstances that indicate illegal activity. Obligations to remove or block the use of information according to general laws remain unaffected. However, liability in this regard is only possible from the time of knowledge of a specific legal violation. If we become aware of any corresponding legal violations, we will immediately remove this content.<\/span><\/p>\n<p><span style=\"font-size: 16px;\"><strong>Liability for links<\/strong><\/span><br \/>\n<span style=\"font-size: 14px;\">Our offer contains links to external third-party websites, the content of which we have no influence on. Therefore we cannot assume any liability for this external content. The respective provider or operator of the pages is always responsible for the content of the linked pages. The linked pages were checked for possible legal violations at the time of linking. Illegal content was not recognizable at the time of linking. However, a permanent control of the content of the linked pages is not reasonable without concrete evidence of an infringement. As soon as we become aware of legal violations, we will remove such links immediately.<\/span><\/p>\n<p><span style=\"font-size: 16px;\"><strong>copyright<\/strong><\/span><br \/>\n<span style=\"font-size: 14px;\">The content and works on these pages created by the site operators are subject to German copyright law. The duplication, editing, distribution and any kind of exploitation outside the limits of copyright require the written consent of the respective author or creator. Downloads and copies of this site are only permitted for private, non-commercial use. Insofar as the content on this site was not created by the operator, the copyrights of third parties are observed. In particular contents of third parties are marked as such. Should you nevertheless become aware of a copyright infringement, we ask that you inform us accordingly. As soon as we become aware of legal violations, we will remove such content immediately.<\/span><\/p>\n\n\t\t<\/div>\n\t<\/div>\n<\/div><\/div><\/div><\/div><div class=\"vc_row wpb_row vc_row-fluid\"><div class=\"wpb_column vc_column_container vc_col-sm-12\"><div class=\"vc_column-inner\"><div class=\"wpb_wrapper\">\n\t<div class=\"wpb_text_column wpb_content_element\" >\n\t\t<div class=\"wpb_wrapper\">\n\t\t\t\n\t\t<\/div>\n\t<\/div>\n<\/div><\/div><\/div><\/div>\n<\/div>","protected":false},"excerpt":{"rendered":"Impressum Verantwortlicher i.S.d. \u00a7 5 Abs. 1 TMG: Yamutec\u00ae smart switch systems Willy-Brandt-Stra\u00dfe 24 67304 Eisenberg (Pfalz), Germany Kontakt: Tel.: +49(0)6351 989 21 06 Fax: +49(0)6351 989 32 08 e-mail: kontakt@yamutec.de Umsatzsteuer-Identifikationsnummer gem\u00e4\u00df \u00a7 27 a Umsatzsteuergesetz: DE321880580 Allgemeine Gesch\u00e4ftsbedingungen \u00a9 2017 Alle Rechte vorbehalten. Nachdruck, auch auszugsweise, nur mit Genehmigung. Angaben in unseren Betr\u00e4gen ohne Gew\u00e4hr! Keine Abmahnung ohne vorherigen Kontakt. Hinweis: Die EU-Kommission bietet die M\u00f6glichkeit zur Online-Streitbeilegung auf einer von ihr betriebenen Online-Plattform. Diese Plattform ist \u00fcber&hellip;","protected":false},"author":4,"featured_media":6807,"parent":0,"menu_order":0,"comment_status":"closed","ping_status":"closed","template":"","meta":{"footnotes":""},"class_list":["post-3089","page","type-page","status-publish","has-post-thumbnail","hentry","post-has-thumbnail"],"yoast_head":"<!-- This site is optimized with the Yoast SEO plugin v27.4 - https:\/\/yoast.com\/product\/yoast-seo-wordpress\/ -->\n<title>Impressum | Yamutec<\/title>\n<meta name=\"description\" content=\"smart switch systems USB Relaiskarten f\u00fcr die Fern\u00fcberwachung\" \/>\n<meta name=\"robots\" content=\"index, follow, max-snippet:-1, max-image-preview:large, max-video-preview:-1\" \/>\n<link rel=\"canonical\" href=\"https:\/\/www.yamutec.de\/en\/impressum\/\" \/>\n<meta property=\"og:locale\" content=\"en_GB\" \/>\n<meta property=\"og:type\" content=\"article\" \/>\n<meta property=\"og:title\" content=\"Impressum | Yamutec\" \/>\n<meta property=\"og:description\" content=\"smart switch systems USB Relaiskarten f\u00fcr die Fern\u00fcberwachung\" \/>\n<meta property=\"og:url\" content=\"https:\/\/www.yamutec.de\/en\/impressum\/\" \/>\n<meta property=\"og:site_name\" content=\"Yamutec\" \/>\n<meta property=\"article:modified_time\" content=\"2026-01-14T00:54:03+00:00\" \/>\n<meta name=\"twitter:card\" content=\"summary_large_image\" \/>\n<meta name=\"twitter:label1\" content=\"Estimated reading time\" \/>\n\t<meta name=\"twitter:data1\" content=\"3 minutes\" \/>\n<script type=\"application\/ld+json\" class=\"yoast-schema-graph\">{\"@context\":\"https:\\\/\\\/schema.org\",\"@graph\":[{\"@type\":\"WebPage\",\"@id\":\"https:\\\/\\\/www.yamutec.de\\\/impressum\\\/\",\"url\":\"https:\\\/\\\/www.yamutec.de\\\/impressum\\\/\",\"name\":\"Impressum | Yamutec\",\"isPartOf\":{\"@id\":\"https:\\\/\\\/www.yamutec.de\\\/#website\"},\"primaryImageOfPage\":{\"@id\":\"https:\\\/\\\/www.yamutec.de\\\/impressum\\\/#primaryimage\"},\"image\":{\"@id\":\"https:\\\/\\\/www.yamutec.de\\\/impressum\\\/#primaryimage\"},\"thumbnailUrl\":\"https:\\\/\\\/www.yamutec.de\\\/wp-content\\\/uploads\\\/2023\\\/01\\\/placeholder.png\",\"datePublished\":\"2017-05-30T11:47:52+00:00\",\"dateModified\":\"2026-01-14T00:54:03+00:00\",\"description\":\"smart switch systems USB Relaiskarten f\u00fcr die Fern\u00fcberwachung\",\"inLanguage\":\"en-GB\",\"potentialAction\":[{\"@type\":\"ReadAction\",\"target\":[\"https:\\\/\\\/www.yamutec.de\\\/impressum\\\/\"]}]},{\"@type\":\"ImageObject\",\"inLanguage\":\"en-GB\",\"@id\":\"https:\\\/\\\/www.yamutec.de\\\/impressum\\\/#primaryimage\",\"url\":\"https:\\\/\\\/www.yamutec.de\\\/wp-content\\\/uploads\\\/2023\\\/01\\\/placeholder.png\",\"contentUrl\":\"https:\\\/\\\/www.yamutec.de\\\/wp-content\\\/uploads\\\/2023\\\/01\\\/placeholder.png\",\"width\":1339,\"height\":912},{\"@type\":\"WebSite\",\"@id\":\"https:\\\/\\\/www.yamutec.de\\\/#website\",\"url\":\"https:\\\/\\\/www.yamutec.de\\\/\",\"name\":\"Yamutec\",\"description\":\"smart switch systems\",\"publisher\":{\"@id\":\"https:\\\/\\\/www.yamutec.de\\\/#organization\"},\"potentialAction\":[{\"@type\":\"SearchAction\",\"target\":{\"@type\":\"EntryPoint\",\"urlTemplate\":\"https:\\\/\\\/www.yamutec.de\\\/?s={search_term_string}\"},\"query-input\":{\"@type\":\"PropertyValueSpecification\",\"valueRequired\":true,\"valueName\":\"search_term_string\"}}],\"inLanguage\":\"en-GB\"},{\"@type\":\"Organization\",\"@id\":\"https:\\\/\\\/www.yamutec.de\\\/#organization\",\"name\":\"Yamutec\",\"url\":\"https:\\\/\\\/www.yamutec.de\\\/\",\"logo\":{\"@type\":\"ImageObject\",\"inLanguage\":\"en-GB\",\"@id\":\"https:\\\/\\\/www.yamutec.de\\\/#\\\/schema\\\/logo\\\/image\\\/\",\"url\":\"https:\\\/\\\/www.yamutec.de\\\/wp-content\\\/uploads\\\/2017\\\/04\\\/logo-1.png\",\"contentUrl\":\"https:\\\/\\\/www.yamutec.de\\\/wp-content\\\/uploads\\\/2017\\\/04\\\/logo-1.png\",\"width\":313,\"height\":90,\"caption\":\"Yamutec\"},\"image\":{\"@id\":\"https:\\\/\\\/www.yamutec.de\\\/#\\\/schema\\\/logo\\\/image\\\/\"}}]}<\/script>\n<!-- \/ Yoast SEO plugin. -->","yoast_head_json":{"title":"Impressum | Yamutec","description":"smart switch systems USB relay cards for remote monitoring","robots":{"index":"index","follow":"follow","max-snippet":"max-snippet:-1","max-image-preview":"max-image-preview:large","max-video-preview":"max-video-preview:-1"},"canonical":"https:\/\/www.yamutec.de\/en\/impressum\/","og_locale":"en_GB","og_type":"article","og_title":"Impressum | Yamutec","og_description":"smart switch systems USB Relaiskarten f\u00fcr die Fern\u00fcberwachung","og_url":"https:\/\/www.yamutec.de\/en\/impressum\/","og_site_name":"Yamutec","article_modified_time":"2026-01-14T00:54:03+00:00","twitter_card":"summary_large_image","twitter_misc":{"Estimated reading time":"3 minutes"},"schema":{"@context":"https:\/\/schema.org","@graph":[{"@type":"WebPage","@id":"https:\/\/www.yamutec.de\/impressum\/","url":"https:\/\/www.yamutec.de\/impressum\/","name":"Impressum | Yamutec","isPartOf":{"@id":"https:\/\/www.yamutec.de\/#website"},"primaryImageOfPage":{"@id":"https:\/\/www.yamutec.de\/impressum\/#primaryimage"},"image":{"@id":"https:\/\/www.yamutec.de\/impressum\/#primaryimage"},"thumbnailUrl":"https:\/\/www.yamutec.de\/wp-content\/uploads\/2023\/01\/placeholder.png","datePublished":"2017-05-30T11:47:52+00:00","dateModified":"2026-01-14T00:54:03+00:00","description":"smart switch systems USB relay cards for remote monitoring","inLanguage":"en-GB","potentialAction":[{"@type":"ReadAction","target":["https:\/\/www.yamutec.de\/impressum\/"]}]},{"@type":"ImageObject","inLanguage":"en-GB","@id":"https:\/\/www.yamutec.de\/impressum\/#primaryimage","url":"https:\/\/www.yamutec.de\/wp-content\/uploads\/2023\/01\/placeholder.png","contentUrl":"https:\/\/www.yamutec.de\/wp-content\/uploads\/2023\/01\/placeholder.png","width":1339,"height":912},{"@type":"WebSite","@id":"https:\/\/www.yamutec.de\/#website","url":"https:\/\/www.yamutec.de\/","name":"Yamutec","description":"smart switch systems","publisher":{"@id":"https:\/\/www.yamutec.de\/#organization"},"potentialAction":[{"@type":"SearchAction","target":{"@type":"EntryPoint","urlTemplate":"https:\/\/www.yamutec.de\/?s={search_term_string}"},"query-input":{"@type":"PropertyValueSpecification","valueRequired":true,"valueName":"search_term_string"}}],"inLanguage":"en-GB"},{"@type":"Organization","@id":"https:\/\/www.yamutec.de\/#organization","name":"Yamutec","url":"https:\/\/www.yamutec.de\/","logo":{"@type":"ImageObject","inLanguage":"en-GB","@id":"https:\/\/www.yamutec.de\/#\/schema\/logo\/image\/","url":"https:\/\/www.yamutec.de\/wp-content\/uploads\/2017\/04\/logo-1.png","contentUrl":"https:\/\/www.yamutec.de\/wp-content\/uploads\/2017\/04\/logo-1.png","width":313,"height":90,"caption":"Yamutec"},"image":{"@id":"https:\/\/www.yamutec.de\/#\/schema\/logo\/image\/"}}]}},"post_mailing_queue_ids":[],"_links":{"self":[{"href":"https:\/\/www.yamutec.de\/en\/wp-json\/wp\/v2\/pages\/3089","targetHints":{"allow":["GET"]}}],"collection":[{"href":"https:\/\/www.yamutec.de\/en\/wp-json\/wp\/v2\/pages"}],"about":[{"href":"https:\/\/www.yamutec.de\/en\/wp-json\/wp\/v2\/types\/page"}],"author":[{"embeddable":true,"href":"https:\/\/www.yamutec.de\/en\/wp-json\/wp\/v2\/users\/4"}],"replies":[{"embeddable":true,"href":"https:\/\/www.yamutec.de\/en\/wp-json\/wp\/v2\/comments?post=3089"}],"version-history":[{"count":61,"href":"https:\/\/www.yamutec.de\/en\/wp-json\/wp\/v2\/pages\/3089\/revisions"}],"predecessor-version":[{"id":8265,"href":"https:\/\/www.yamutec.de\/en\/wp-json\/wp\/v2\/pages\/3089\/revisions\/8265"}],"wp:featuredmedia":[{"embeddable":true,"href":"https:\/\/www.yamutec.de\/en\/wp-json\/wp\/v2\/media\/6807"}],"wp:attachment":[{"href":"https:\/\/www.yamutec.de\/en\/wp-json\/wp\/v2\/media?parent=3089"}],"curies":[{"name":"wp","href":"https:\/\/api.w.org\/{rel}","templated":true}]}}