{"id":4583,"date":"2019-02-02T00:25:16","date_gmt":"2019-02-01T22:25:16","guid":{"rendered":"https:\/\/www.yamutec.de\/?page_id=4583"},"modified":"2024-01-14T11:28:56","modified_gmt":"2024-01-14T09:28:56","slug":"eth-hybrid-16","status":"publish","type":"page","link":"https:\/\/www.yamutec.de\/en\/produkte\/ethernet-module\/eth-hybrid-16\/","title":{"rendered":"16 channel Ethernet hybrid module"},"content":{"rendered":"<div class=\"wpb-content-wrapper\"><div class=\"vc_row wpb_row vc_row-fluid vc_custom_1493362274650\"><div class=\"wpb_column vc_column_container vc_col-sm-6\"><div class=\"vc_column-inner\"><div class=\"wpb_wrapper\">\n\t<div  class=\"wpb_single_image wpb_content_element vc_align_center\">\n\t\t\n\t\t<figure class=\"wpb_wrapper vc_figure\">\n\t\t\t<a class=\"\" data-lightbox=\"lightbox[rel-4583-3747694477]\" href=\"https:\/\/www.yamutec.de\/wp-content\/uploads\/2022\/05\/eth32-1024x725.png\" target=\"_self\" class=\"vc_single_image-wrapper   vc_box_border_grey\"><img loading=\"lazy\" decoding=\"async\" width=\"300\" height=\"213\" src=\"https:\/\/www.yamutec.de\/wp-content\/uploads\/2022\/05\/eth32-300x213.png\" class=\"vc_single_image-img attachment-medium\" alt=\"\" title=\"\" srcset=\"https:\/\/www.yamutec.de\/wp-content\/uploads\/2022\/05\/eth32-300x213.png 300w, https:\/\/www.yamutec.de\/wp-content\/uploads\/2022\/05\/eth32-1024x725.png 1024w, https:\/\/www.yamutec.de\/wp-content\/uploads\/2022\/05\/eth32-768x544.png 768w, https:\/\/www.yamutec.de\/wp-content\/uploads\/2022\/05\/eth32-50x35.png 50w, https:\/\/www.yamutec.de\/wp-content\/uploads\/2022\/05\/eth32-600x425.png 600w, https:\/\/www.yamutec.de\/wp-content\/uploads\/2022\/05\/eth32.png 1200w\" sizes=\"auto, (max-width: 300px) 100vw, 300px\" \/><\/a>\n\t\t<\/figure>\n\t<\/div>\n<div class=\"vc_empty_space\"   style=\"height: 0px\"><span class=\"vc_empty_space_inner\"><\/span><\/div><\/div><\/div><\/div><div class=\"wpb_column vc_column_container vc_col-sm-6\"><div class=\"vc_column-inner\"><div class=\"wpb_wrapper\">\n\t<div class=\"wpb_text_column wpb_content_element \" >\n\t\t<div class=\"wpb_wrapper\">\n\t\t\t<h2>Ethernet Hybrid Modul mit 16 Optokoppler Eing\u00e4ngen und 16 Relais Ausg\u00e4ngen<\/h2>\n<div>Art.-Nr.: 7311408<\/div>\n\n\t\t<\/div>\n\t<\/div>\n\n\t<div class=\"wpb_text_column wpb_content_element \" >\n\t\t<div class=\"wpb_wrapper\">\n\t\t\t<p><span style=\"color: #5e7a0b; font-size: 28px;\"> \u20ac <\/span><span style=\"font-size: 12px;\">Preise zzgl. gesetzl. MwSt. | <a href=\"#\" class=\"uji-pop-link versandkosten\"> <span style=\"font-size: small;\">zzgl. Versandkosten<\/span><\/a><\/span><br \/>\n<\/p>\n\n\t\t<\/div>\n\t<\/div>\n<div class=\"vc_row wpb_row vc_inner vc_row-fluid\"><div class=\"wpb_column vc_column_container vc_col-sm-4\"><div class=\"vc_column-inner\"><div class=\"wpb_wrapper\"><div class=\"vc_btn3-container vc_btn3-inline\" ><a class=\"vc_general vc_btn3 vc_btn3-size-sm vc_btn3-shape-rounded vc_btn3-style-modern vc_btn3-icon-left vc_btn3-color-grey\" href=\"http:\/\/www.yamutec.de\/angebotsanfrage\/\" title=\"\"><i class=\"vc_btn3-icon entypo-icon entypo-icon-doc-text\"><\/i> Angebot anfordern<\/a><\/div><\/div><\/div><\/div><div class=\"wpb_column vc_column_container vc_col-sm-4\"><div class=\"vc_column-inner\"><div class=\"wpb_wrapper\"><\/div><\/div><\/div><\/div><\/div><\/div><\/div><\/div><div class=\"vc_row wpb_row vc_row-fluid\"><div class=\"wpb_column vc_column_container vc_col-sm-6\"><div class=\"vc_column-inner\"><div class=\"wpb_wrapper\">\n\t<div class=\"wpb_text_column wpb_content_element \" >\n\t\t<div class=\"wpb_wrapper\">\n\t\t\t<div class=\"w3-third\">\n<h2>Yamutec\u00ae 16 Kanal Ethernet Hybrid Modul f\u00fcr Lasten bis zu 0,5A<\/h2>\n<p>Die<strong> Optokoppler Eing\u00e4nge und Relais Ausg\u00e4nge <\/strong>unseres yamutec\u00ae Ethernet Hybrid Moduls sind die ideale Komponente f\u00fcr Projekte in der Steuer- und Regelungstechnik. Sie k\u00f6nnen mit unserem Modul von bis zu 16 Quellen Signale zuverl\u00e4ssig und schnell erfassen. Diese lassen sich sofort in Steuer-Befehle umwandeln und an die jeweiligen Lastkreise weitergeben. Somit ist das Hybridmodul die perfekte Erg\u00e4nzung f\u00fcr <strong>Geb\u00e4udeautomation, Prozess- und Umwelttechnik.<\/strong><\/p>\n<p>Die 16 Eing\u00e4nge unseres ETH Hybrid Moduls werden von<strong> modernen Optokopplern <\/strong>erfasst. Diese sorgen f\u00fcr eine <strong>zus\u00e4tzliche galvanische Trennung<\/strong> des Signal-Kreises vom Steuer-Kreis, sodass Ihr Computersystem perfekt abgesichert ist. Die Optokoppler Eing\u00e4nge arbeiten in einem Spannungsbereich von 3V bis 30V. Die Reed Relais an den 16 Ausg\u00e4ngen arbeiten mit einem maximalen Schaltstrom von 0,5A und einer Schaltspannung von 30V AC\/DC.<\/p>\n<\/div>\n\n\t\t<\/div>\n\t<\/div>\n<div class=\"vc_row wpb_row vc_inner vc_row-fluid\"><div class=\"wpb_column vc_column_container vc_col-sm-4\"><div class=\"vc_column-inner\"><div class=\"wpb_wrapper\">\n\t<div  class=\"wpb_single_image wpb_content_element vc_align_left\">\n\t\t\n\t\t<figure class=\"wpb_wrapper vc_figure\">\n\t\t\t<div class=\"vc_single_image-wrapper   vc_box_border_grey\"><img loading=\"lazy\" decoding=\"async\" width=\"300\" height=\"268\" src=\"https:\/\/www.yamutec.de\/wp-content\/uploads\/2019\/03\/app05-300x268.png\" class=\"vc_single_image-img attachment-medium\" alt=\"\" title=\"\" srcset=\"https:\/\/www.yamutec.de\/wp-content\/uploads\/2019\/03\/app05-300x268.png 300w, https:\/\/www.yamutec.de\/wp-content\/uploads\/2019\/03\/app05-768x686.png 768w, https:\/\/www.yamutec.de\/wp-content\/uploads\/2019\/03\/app05-1024x914.png 1024w, https:\/\/www.yamutec.de\/wp-content\/uploads\/2019\/03\/app05-50x45.png 50w, https:\/\/www.yamutec.de\/wp-content\/uploads\/2019\/03\/app05-600x536.png 600w, https:\/\/www.yamutec.de\/wp-content\/uploads\/2019\/03\/app05.png 1616w\" sizes=\"auto, (max-width: 300px) 100vw, 300px\" \/><\/div>\n\t\t<\/figure>\n\t<\/div>\n<\/div><\/div><\/div><div class=\"wpb_column vc_column_container vc_col-sm-8\"><div class=\"vc_column-inner\"><div class=\"wpb_wrapper\">\n\t<div class=\"wpb_text_column wpb_content_element \" >\n\t\t<div class=\"wpb_wrapper\">\n\t\t\t<!-- WP-Appbox (Version: 4.5.10 \/\/ Store: googleplay \/\/ ID: yamutec.app) -->\n<div class=\"wpappbox wpappbox-3d1fed1885b82c080baab4569295fea5 googleplay colorful compact\">\n\t<div class=\"appicon\">\n\t\t<a target=\"_blank\" rel=\"nofollow\" href=\"https:\/\/play.google.com\/store\/apps\/details?id=yamutec.app\"><img decoding=\"async\" src=\"\/\/play-lh.googleusercontent.com\/JQ-Xa8w18o9xXFQ0pFGxGLOpH22FoHtfZP16UOKxubsxUhs3Y17zBBR3a4Wv6Ro-p5U=s128-h480-rw\" alt=\"Yamutec I\/O Remote\" \/><\/a>\n\t<\/div>\n\t<a target=\"_blank\" rel=\"nofollow\" class=\"applinks\" href=\"https:\/\/play.google.com\/store\/apps\/details?id=yamutec.app\"><\/a>\n\t<div class=\"appdetails\">\n\t\t<div class=\"apptitle\"><a target=\"_blank\" rel=\"nofollow\" href=\"https:\/\/play.google.com\/store\/apps\/details?id=yamutec.app\" class=\"apptitle\">Yamutec I\/O Remote<\/a><\/div>\n\t\t<div class=\"price\">\n\t\t\t<span class=\"label\">Price: <\/span>\n\t\t\t<span class=\"value\">Free<\/span> \n\t\t\t<span class=\"rating\"><div title=\"5 of 5 stars\" class=\"rating-stars stars-colorful stars50\"><\/div><\/span>\n\t\t<\/div>\n\t<\/div>\n<\/div><!-- \/WP-Appbox -->\n\n\t\t<\/div>\n\t<\/div>\n\n\t<div class=\"wpb_text_column wpb_content_element \" >\n\t\t<div class=\"wpb_wrapper\">\n\t\t\t<p><a title=\"Yamutec App Information\" href=\"https:\/\/www.yamutec.de\/remoteapp\/\">Yamutec I\/O Remote weitere Informationen<\/a><\/p>\n\n\t\t<\/div>\n\t<\/div>\n<\/div><\/div><\/div><\/div><div class=\"vc_row wpb_row vc_inner vc_row-fluid\"><div class=\"wpb_column vc_column_container vc_col-sm-12\"><div class=\"vc_column-inner\"><div class=\"wpb_wrapper\">\n\t<div class=\"wpb_text_column wpb_content_element \" >\n\t\t<div class=\"wpb_wrapper\">\n\t\t\t<div class=\"w3-third\">\n<h3 class=\"h3style\">Ihre Vorteile mit dem Hybridmodul von Yamutec<\/h3>\n<p>Die 16 Optokoppler Eing\u00e4nge unseres ETH-Moduls unterst\u00fctzen Ihr System bei der Signalerfassung mit wichtigen Eigenschaften. Sie k\u00f6nnen\u00a0<strong>hohe Schaltleistungen\u00a0<\/strong>realisieren und <strong>schnelle Eingangsimpulse<\/strong> zuverl\u00e4ssig \u00fcber l\u00e4ngere Zeitperioden erfassen. Auch tritt keinerlei mechanischer Verschlei\u00df an den Eing\u00e4ngen auf, was f\u00fcr eine\u00a0<strong>lange Lebensdauer <\/strong>sorgt. Die\u00a0<strong>Schock- und Vibrationsunempfindlichkeit<\/strong> erzeugen mehr Stabilit\u00e4t im Steuerungs- und Regelkreis.<\/p>\n<p>Die 16 Ralaisausg\u00e4nge des\u00a0<b><strong>yamutec\u00ae ETH HYBRID 16 Moduls<\/strong><\/b>\u00a0bieten\u00a0<strong>geringe Schaltverluste<\/strong> und eine\u00a0<strong>zuverl\u00e4ssige Trennung<\/strong> von Steuer- und Laststromkreis. Zudem halten sie <strong>sehr gut kurzfristigen \u00dcberlastungen stand.<\/strong><\/p>\n<p>Alle unsere Module halten die Richtlinien der RoHS und EMV ein, sodass sie sehr gut f\u00fcr den Einsatz in industrieller Umgebung sowie in Forschungslaboren geeignet sind. Das robuste Aluminiumgeh\u00e4use der Module sch\u00fctzt sie vor sch\u00e4dlichen Umwelteinfl\u00fcssen und besitzt aussparungen f\u00fcr die DIN-Hutschienenmontage.<\/p>\n<h3 class=\"h3style\">Weitere Produktdetails zu unseren 16 Kanal Ethernet Hybrid Modulen<\/h3>\n<p>Es ist m\u00f6glich mithilfe der <strong>mitgelieferten Software<\/strong> f\u00fcr jedes einzelne Hybridmodul eine einzigartige IP Nummer, Port, Subway sowie Gateway festzulegen. Durch die 100\/10 Mbit Ethernet Schnittstelle k\u00f6nnen Sie das Modul im gleichen Netzwerk problemlos ansteuern. Besitzt das Netzwerk einen Zugang zum Internet k\u00f6nnen Sie das Hybridmoul mit unserer Yamutec I\/O Remote App ganz leicht von jedem Standort aus fernwarten und -steuern.<br \/>\n<strong><br \/>\n<\/strong>\u00dcber die Software l\u00e4sst sich zudem eine\u00a0<strong>Timeout-Schutzfunktion<\/strong> f\u00fcr die Reed-Relais einstellen. Dieses \u00f6ffnet oder schlie\u00dft automatisch die Ausg\u00e4nge welches vorher konfiguriert ist, sollte ein Kommunikationsproblem mit dem Steuer-PC auftreten.<\/p>\n<\/div>\n<p>Kaufen Sie unser Ethernet Hybrid Modul mit 16 Ein- und Ausg\u00e4ngen. M\u00fcssen in Ihrem Projekt h\u00f6here Lasten geschaltet werden? Wir haben auch <a href=\"https:\/\/www.yamutec.de\/produkte\/ethernet-module\/eth-hybrid-16-3a\/\">ETH 16 Hybridmodule f\u00fcr Lastkreise bis zu 3A<\/a> im Angebot!<\/p>\n\n\t\t<\/div>\n\t<\/div>\n<\/div><\/div><\/div><\/div><\/div><\/div><\/div><div class=\"wpb_column vc_column_container vc_col-sm-6\"><div class=\"vc_column-inner\"><div class=\"wpb_wrapper\">\n\t<div class=\"wpb_text_column wpb_content_element \" >\n\t\t<div class=\"wpb_wrapper\">\n\t\t\t<div class=\"w3-row-padding \">\n<div class=\"w3-twothird\">\n<h2>Technische Daten<\/h2>\n<table class=\"w3-table w3-striped w3-bordered w3-border\" style=\"height: 521px;\">\n<thead class=\"w3-teal\">\n<tr style=\"height: 23px;\">\n<th style=\"width: 228px; text-align: left; height: 23px;\">ETHERNET INTERFACE<\/th>\n<th style=\"height: 23px; width: 549px;\"><\/th>\n<\/tr>\n<\/thead>\n<tbody>\n<tr style=\"height: 46px;\">\n<td style=\"width: 228px; height: 10px;\">Versorgungsspannung<\/td>\n<td style=\"height: 10px; width: 549px;\">Extern 7V bis 24V DC \u00fcber steckbare Schraubklemme<\/td>\n<\/tr>\n<tr style=\"height: 23px;\">\n<td style=\"width: 228px; height: 23px;\">Schnittstelle<\/td>\n<td style=\"height: 23px; width: 549px;\">100\/10 Mbit Ethernet (galvanisch getrennt)<br \/>\nIP-Adresse kann statisch vergeben oder \u00fcber DHCP bezogen werden<\/td>\n<\/tr>\n<tr style=\"height: 10px;\">\n<td style=\"height: 10px; width: 228px;\">Kontroll-LEDs<\/td>\n<td style=\"height: 10px; width: 549px;\">Interne 5V Versorgungsspannung (gr\u00fcn LED)<br \/>\nInterface-Aktivit\u00e4t (gr\u00fcn LED)<br \/>\nTimout Abschaltung (orange LED)<br \/>\nI\/O Aktivit\u00e4t (blau LED)<br \/>\nFehlermeldung (rot LED)<\/td>\n<\/tr>\n<tr style=\"height: 23px;\">\n<th style=\"width: 228px; text-align: left; height: 23px;\">AUSG\u00c4NGE<\/th>\n<th style=\"height: 23px; width: 549px;\"><\/th>\n<\/tr>\n<tr style=\"height: 138px;\">\n<td style=\"height: 138px; width: 228px;\">Klemme 1 &#8211; 16<\/td>\n<td style=\"height: 138px; width: 549px;\">16 Relais Ausg\u00e4nge,<br \/>\nGalvanisch getrennt \u00fcber Relais<br \/>\nMax. Schaltspannung: 30V AC \/ 30V DC<br \/>\nMax. Schaltstrom: 0.5A AC \/ 0.5A DC<br \/>\nMax. Transportstrom: 1,25A AC \/ 1,25A DC<br \/>\nMax. Schaltleistung: 10W<br \/>\nSchaltzeit: &lt; 1 ms<\/td>\n<\/tr>\n<tr style=\"height: 23px;\">\n<td style=\"height: 23px; width: 228px;\">Timeout-Funktion<\/td>\n<td style=\"height: 23px; width: 549px;\">W\u00e4hlbarer Timeout-Schutz, wenn das Modul nicht erreichbar ist.\u00a0z.B. bei Software Crash\u00a0(Ausg\u00e4nge sind individuell w\u00e4hlbar)<\/td>\n<\/tr>\n<tr style=\"height: 69px;\">\n<td style=\"height: 69px; width: 228px;\">Steckverbinder<\/td>\n<td style=\"height: 69px; width: 549px;\">2-reihige MULTI CONNECTION SYSTEM<br \/>\n100% fehlsteckgesch\u00fctzt<br \/>\nKodierbar durch Abschneiden der Kodiernasen<\/td>\n<\/tr>\n<tr style=\"height: 23px;\">\n<th style=\"width: 228px; text-align: left; height: 23px;\">EING\u00c4NGE<\/th>\n<th style=\"height: 23px; width: 549px;\"><\/th>\n<\/tr>\n<tr style=\"height: 138px;\">\n<td style=\"height: 64px; width: 228px;\">Klemme 17 &#8211; 32<\/td>\n<td style=\"height: 64px; width: 549px;\">16 Optokoppler Eing\u00e4nge<br \/>\n3V &#8211; 30V AC\/DC Signalspannung<br \/>\nIsolationsspannung: 2,5KV AC f\u00fcr 1 Minute<br \/>\nMaximaler Eingangsstrom: 10mA<\/td>\n<\/tr>\n<tr style=\"height: 69px;\">\n<td style=\"height: 69px; width: 228px;\">Steckverbinder<\/td>\n<td style=\"height: 69px; width: 549px;\">2-reihige MULTI CONNECTION SYSTEM<br \/>\n100% fehlsteckgesch\u00fctzt<br \/>\nKodierbar durch Abschneiden der Kodiernasen<\/td>\n<\/tr>\n<tr style=\"height: 23px;\">\n<th style=\"width: 228px; text-align: left; height: 23px;\">DIMENSION<\/th>\n<th style=\"height: 23px; width: 549px;\"><\/th>\n<\/tr>\n<tr style=\"height: 23px;\">\n<td style=\"height: 23px; width: 228px;\">Abmessungen<br \/>\nGewicht<\/td>\n<td style=\"height: 23px; width: 549px;\">135 mm x 105 mm x 74.5 mm (L x W x H)<br \/>\n490 g<\/td>\n<\/tr>\n<\/tbody>\n<\/table>\n<h2>Downloads<\/h2>\n<table class=\"w3-table w3-striped w3-bordered w3-border\">\n<thead class=\"w3-teal\">\n<tr>\n<th style=\"width: 244px; text-align: left;\">HANDBUCH<\/th>\n<th style=\"width: 533px;\"><\/th>\n<\/tr>\n<\/thead>\n<tbody>\n<tr style=\"height: 16px;\">\n<td style=\"height: 16px; width: 244px;\">Anleitung<\/td>\n<td style=\"height: 16px; width: 533px;\">Deutsch<br \/>\nEnglisch<\/td>\n<\/tr>\n<\/tbody>\n<\/table>\n<table class=\"w3-table w3-striped w3-bordered w3-border\" style=\"height: 39px;\" width=\"539\">\n<thead class=\"w3-teal\">\n<tr style=\"height: 23px;\">\n<th style=\"width: 244px; text-align: left; height: 23px;\">SOFTWARE<\/th>\n<th style=\"height: 23px; width: 533px;\"><\/th>\n<\/tr>\n<\/thead>\n<tbody>\n<tr style=\"height: 16px;\">\n<td style=\"height: 16px; width: 244px;\">Beispielsoftware<\/td>\n<td style=\"height: 16px; width: 533px;\">VB6, \t\t<a\t\t\t\thref=\"javascript:void(0)\"\r\n\t\t\t\tclass=\"sgpb-show-popup sgpb-popup-id-5135\"\r\n\t\tdata-sgpbpopupid=\"5135\"\r\n\t\tdata-popup-event=\"click\"\r\n\t\t>\r\n\t\t<span style=\"color: #5e7a0b\">VB.NET,<\/span>\t\t<\/a>\r\n\t\t C#, <span style=\"color: #5e7a0b;\">LabView<\/span>\u00a0\/ ohne Installation<\/td>\n<\/tr>\n<tr>\n<td style=\"width: 244px;\">API<\/td>\n<td style=\"width: 533px;\"><a href=\"https:\/\/www.yamutec.de\/downloads\/api\/YMLib.zip\">Entwickler-Tool<\/a>\u00a0 (<span class=\"_Tgc\">Dynamic Link Library<\/span>)<\/td>\n<\/tr>\n<\/tbody>\n<\/table>\n<table class=\"w3-table w3-striped w3-bordered w3-border\">\n<thead class=\"w3-teal\">\n<tr>\n<th style=\"width: 234px; text-align: left;\">DATENBLATT<\/th>\n<th style=\"width: 543px;\"><\/th>\n<\/tr>\n<\/thead>\n<tbody>\n<tr>\n<td style=\"height: 16px; width: 234px;\">Ausg\u00e4nge 1 &#8211; 16<\/td>\n<td style=\"height: 16px; width: 543px;\"><a title=\"Datenblatt SIP REED Relais\" href=\"https:\/\/www.yamutec.de\/downloads\/pdf\/datasheet\/comusdatasheet.pdf\" target=\"_blank\" rel=\"noopener noreferrer\">SIP 1 Form A &#8211; 10 W molded dry reed relays<\/a><\/td>\n<\/tr>\n<\/tbody>\n<\/table>\n<\/div>\n<div class=\"w3-third\"><\/div>\n<\/div>\n\n\t\t<\/div>\n\t<\/div>\n<\/div><\/div><\/div><\/div>\n<\/div>","protected":false},"excerpt":{"rendered":"Ethernet hybrid module with 16 optocoupler inputs and 16 relay outputs. Item no.: 7311408 \u20ac. Prices plus VAT | plus shipping costs. Request a quote. Yamutec\u00ae 16-channel Ethernet hybrid module for loads up to 0.5A. The optocoupler inputs and relay outputs of our yamutec\u00ae Ethernet hybrid module are the ideal component for control and regulation projects. Our module allows you to reliably and quickly acquire signals from up to 16 sources. These can be immediately converted into control commands and transmitted to\u2026","protected":false},"author":4,"featured_media":6807,"parent":4546,"menu_order":0,"comment_status":"closed","ping_status":"closed","template":"","meta":{"footnotes":""},"class_list":["post-4583","page","type-page","status-publish","has-post-thumbnail","hentry","post-has-thumbnail"],"yoast_head":"<!-- This site is optimized with the Yoast SEO plugin v27.5 - https:\/\/yoast.com\/product\/yoast-seo-wordpress\/ -->\n<title>16 Kanal Ethernet Hybrid Modul - verbindet Relais &amp; Optokoppler |Yamutec<\/title>\n<meta name=\"description\" content=\"Unser 16 Kanal Ethernet Hybrid Modul vereint die Vorteile von Relais &amp; Optokopplern in einer Baugruppe. Zuverl\u00e4ssige Signal\u00fcbertragung und -verst\u00e4rkung!\" \/>\n<meta name=\"robots\" content=\"index, follow, max-snippet:-1, max-image-preview:large, max-video-preview:-1\" \/>\n<link rel=\"canonical\" href=\"https:\/\/www.yamutec.de\/en\/produkte\/ethernet-module\/eth-hybrid-16\/\" \/>\n<meta property=\"og:locale\" content=\"en_GB\" \/>\n<meta property=\"og:type\" content=\"article\" \/>\n<meta property=\"og:title\" content=\"16 Kanal Ethernet Hybrid Modul - verbindet Relais &amp; Optokoppler |Yamutec\" \/>\n<meta property=\"og:description\" content=\"Unser 16 Kanal Ethernet Hybrid Modul vereint die Vorteile von Relais &amp; Optokopplern in einer Baugruppe. Zuverl\u00e4ssige Signal\u00fcbertragung und -verst\u00e4rkung!\" \/>\n<meta property=\"og:url\" content=\"https:\/\/www.yamutec.de\/en\/produkte\/ethernet-module\/eth-hybrid-16\/\" \/>\n<meta property=\"og:site_name\" content=\"Yamutec\" \/>\n<meta property=\"article:modified_time\" content=\"2024-01-14T09:28:56+00:00\" \/>\n<meta name=\"twitter:card\" content=\"summary_large_image\" \/>\n<meta name=\"twitter:label1\" content=\"Estimated reading time\" \/>\n\t<meta name=\"twitter:data1\" content=\"5 minutes\" \/>\n<script type=\"application\/ld+json\" class=\"yoast-schema-graph\">{\"@context\":\"https:\\\/\\\/schema.org\",\"@graph\":[{\"@type\":\"WebPage\",\"@id\":\"https:\\\/\\\/www.yamutec.de\\\/produkte\\\/ethernet-module\\\/eth-hybrid-16\\\/\",\"url\":\"https:\\\/\\\/www.yamutec.de\\\/produkte\\\/ethernet-module\\\/eth-hybrid-16\\\/\",\"name\":\"16 Kanal Ethernet Hybrid Modul - verbindet Relais & Optokoppler |Yamutec\",\"isPartOf\":{\"@id\":\"https:\\\/\\\/www.yamutec.de\\\/#website\"},\"primaryImageOfPage\":{\"@id\":\"https:\\\/\\\/www.yamutec.de\\\/produkte\\\/ethernet-module\\\/eth-hybrid-16\\\/#primaryimage\"},\"image\":{\"@id\":\"https:\\\/\\\/www.yamutec.de\\\/produkte\\\/ethernet-module\\\/eth-hybrid-16\\\/#primaryimage\"},\"thumbnailUrl\":\"https:\\\/\\\/www.yamutec.de\\\/wp-content\\\/uploads\\\/2023\\\/01\\\/placeholder.png\",\"datePublished\":\"2019-02-01T22:25:16+00:00\",\"dateModified\":\"2024-01-14T09:28:56+00:00\",\"description\":\"Unser 16 Kanal Ethernet Hybrid Modul vereint die Vorteile von Relais & Optokopplern in einer Baugruppe. Zuverl\u00e4ssige Signal\u00fcbertragung und -verst\u00e4rkung!\",\"breadcrumb\":{\"@id\":\"https:\\\/\\\/www.yamutec.de\\\/produkte\\\/ethernet-module\\\/eth-hybrid-16\\\/#breadcrumb\"},\"inLanguage\":\"en-GB\",\"potentialAction\":[{\"@type\":\"ReadAction\",\"target\":[\"https:\\\/\\\/www.yamutec.de\\\/produkte\\\/ethernet-module\\\/eth-hybrid-16\\\/\"]}]},{\"@type\":\"ImageObject\",\"inLanguage\":\"en-GB\",\"@id\":\"https:\\\/\\\/www.yamutec.de\\\/produkte\\\/ethernet-module\\\/eth-hybrid-16\\\/#primaryimage\",\"url\":\"https:\\\/\\\/www.yamutec.de\\\/wp-content\\\/uploads\\\/2023\\\/01\\\/placeholder.png\",\"contentUrl\":\"https:\\\/\\\/www.yamutec.de\\\/wp-content\\\/uploads\\\/2023\\\/01\\\/placeholder.png\",\"width\":1339,\"height\":912},{\"@type\":\"BreadcrumbList\",\"@id\":\"https:\\\/\\\/www.yamutec.de\\\/produkte\\\/ethernet-module\\\/eth-hybrid-16\\\/#breadcrumb\",\"itemListElement\":[{\"@type\":\"ListItem\",\"position\":1,\"name\":\"Unsere Produkte im \u00dcberblick\",\"item\":\"https:\\\/\\\/www.yamutec.de\\\/produkte\\\/\"},{\"@type\":\"ListItem\",\"position\":2,\"name\":\"Ethernet Module\",\"item\":\"https:\\\/\\\/www.yamutec.de\\\/produkte\\\/ethernet-module\\\/\"},{\"@type\":\"ListItem\",\"position\":3,\"name\":\"16 Kanal Ethernet Hybrid Modul\"}]},{\"@type\":\"WebSite\",\"@id\":\"https:\\\/\\\/www.yamutec.de\\\/#website\",\"url\":\"https:\\\/\\\/www.yamutec.de\\\/\",\"name\":\"Yamutec\",\"description\":\"smart switch systems\",\"publisher\":{\"@id\":\"https:\\\/\\\/www.yamutec.de\\\/#organization\"},\"potentialAction\":[{\"@type\":\"SearchAction\",\"target\":{\"@type\":\"EntryPoint\",\"urlTemplate\":\"https:\\\/\\\/www.yamutec.de\\\/?s={search_term_string}\"},\"query-input\":{\"@type\":\"PropertyValueSpecification\",\"valueRequired\":true,\"valueName\":\"search_term_string\"}}],\"inLanguage\":\"en-GB\"},{\"@type\":\"Organization\",\"@id\":\"https:\\\/\\\/www.yamutec.de\\\/#organization\",\"name\":\"Yamutec\",\"url\":\"https:\\\/\\\/www.yamutec.de\\\/\",\"logo\":{\"@type\":\"ImageObject\",\"inLanguage\":\"en-GB\",\"@id\":\"https:\\\/\\\/www.yamutec.de\\\/#\\\/schema\\\/logo\\\/image\\\/\",\"url\":\"https:\\\/\\\/www.yamutec.de\\\/wp-content\\\/uploads\\\/2017\\\/04\\\/logo-1.png\",\"contentUrl\":\"https:\\\/\\\/www.yamutec.de\\\/wp-content\\\/uploads\\\/2017\\\/04\\\/logo-1.png\",\"width\":313,\"height\":90,\"caption\":\"Yamutec\"},\"image\":{\"@id\":\"https:\\\/\\\/www.yamutec.de\\\/#\\\/schema\\\/logo\\\/image\\\/\"}}]}<\/script>\n<!-- \/ Yoast SEO plugin. -->","yoast_head_json":{"title":"16 Kanal Ethernet Hybrid Modul - verbindet Relais & Optokoppler |Yamutec","description":"Unser 16 Kanal Ethernet Hybrid Modul vereint die Vorteile von Relais & Optokopplern in einer Baugruppe. Zuverl\u00e4ssige Signal\u00fcbertragung und -verst\u00e4rkung!","robots":{"index":"index","follow":"follow","max-snippet":"max-snippet:-1","max-image-preview":"max-image-preview:large","max-video-preview":"max-video-preview:-1"},"canonical":"https:\/\/www.yamutec.de\/en\/produkte\/ethernet-module\/eth-hybrid-16\/","og_locale":"en_GB","og_type":"article","og_title":"16 Kanal Ethernet Hybrid Modul - verbindet Relais & Optokoppler |Yamutec","og_description":"Unser 16 Kanal Ethernet Hybrid Modul vereint die Vorteile von Relais & Optokopplern in einer Baugruppe. Zuverl\u00e4ssige Signal\u00fcbertragung und -verst\u00e4rkung!","og_url":"https:\/\/www.yamutec.de\/en\/produkte\/ethernet-module\/eth-hybrid-16\/","og_site_name":"Yamutec","article_modified_time":"2024-01-14T09:28:56+00:00","twitter_card":"summary_large_image","twitter_misc":{"Estimated reading time":"5 minutes"},"schema":{"@context":"https:\/\/schema.org","@graph":[{"@type":"WebPage","@id":"https:\/\/www.yamutec.de\/produkte\/ethernet-module\/eth-hybrid-16\/","url":"https:\/\/www.yamutec.de\/produkte\/ethernet-module\/eth-hybrid-16\/","name":"16 Kanal Ethernet Hybrid Modul - verbindet Relais & Optokoppler |Yamutec","isPartOf":{"@id":"https:\/\/www.yamutec.de\/#website"},"primaryImageOfPage":{"@id":"https:\/\/www.yamutec.de\/produkte\/ethernet-module\/eth-hybrid-16\/#primaryimage"},"image":{"@id":"https:\/\/www.yamutec.de\/produkte\/ethernet-module\/eth-hybrid-16\/#primaryimage"},"thumbnailUrl":"https:\/\/www.yamutec.de\/wp-content\/uploads\/2023\/01\/placeholder.png","datePublished":"2019-02-01T22:25:16+00:00","dateModified":"2024-01-14T09:28:56+00:00","description":"Unser 16 Kanal Ethernet Hybrid Modul vereint die Vorteile von Relais & Optokopplern in einer Baugruppe. Zuverl\u00e4ssige Signal\u00fcbertragung und -verst\u00e4rkung!","breadcrumb":{"@id":"https:\/\/www.yamutec.de\/produkte\/ethernet-module\/eth-hybrid-16\/#breadcrumb"},"inLanguage":"en-GB","potentialAction":[{"@type":"ReadAction","target":["https:\/\/www.yamutec.de\/produkte\/ethernet-module\/eth-hybrid-16\/"]}]},{"@type":"ImageObject","inLanguage":"en-GB","@id":"https:\/\/www.yamutec.de\/produkte\/ethernet-module\/eth-hybrid-16\/#primaryimage","url":"https:\/\/www.yamutec.de\/wp-content\/uploads\/2023\/01\/placeholder.png","contentUrl":"https:\/\/www.yamutec.de\/wp-content\/uploads\/2023\/01\/placeholder.png","width":1339,"height":912},{"@type":"BreadcrumbList","@id":"https:\/\/www.yamutec.de\/produkte\/ethernet-module\/eth-hybrid-16\/#breadcrumb","itemListElement":[{"@type":"ListItem","position":1,"name":"Unsere Produkte im \u00dcberblick","item":"https:\/\/www.yamutec.de\/produkte\/"},{"@type":"ListItem","position":2,"name":"Ethernet Module","item":"https:\/\/www.yamutec.de\/produkte\/ethernet-module\/"},{"@type":"ListItem","position":3,"name":"16 Kanal Ethernet Hybrid Modul"}]},{"@type":"WebSite","@id":"https:\/\/www.yamutec.de\/#website","url":"https:\/\/www.yamutec.de\/","name":"Yamutec","description":"smart switch systems","publisher":{"@id":"https:\/\/www.yamutec.de\/#organization"},"potentialAction":[{"@type":"SearchAction","target":{"@type":"EntryPoint","urlTemplate":"https:\/\/www.yamutec.de\/?s={search_term_string}"},"query-input":{"@type":"PropertyValueSpecification","valueRequired":true,"valueName":"search_term_string"}}],"inLanguage":"en-GB"},{"@type":"Organization","@id":"https:\/\/www.yamutec.de\/#organization","name":"Yamutec","url":"https:\/\/www.yamutec.de\/","logo":{"@type":"ImageObject","inLanguage":"en-GB","@id":"https:\/\/www.yamutec.de\/#\/schema\/logo\/image\/","url":"https:\/\/www.yamutec.de\/wp-content\/uploads\/2017\/04\/logo-1.png","contentUrl":"https:\/\/www.yamutec.de\/wp-content\/uploads\/2017\/04\/logo-1.png","width":313,"height":90,"caption":"Yamutec"},"image":{"@id":"https:\/\/www.yamutec.de\/#\/schema\/logo\/image\/"}}]}},"post_mailing_queue_ids":[],"_links":{"self":[{"href":"https:\/\/www.yamutec.de\/en\/wp-json\/wp\/v2\/pages\/4583","targetHints":{"allow":["GET"]}}],"collection":[{"href":"https:\/\/www.yamutec.de\/en\/wp-json\/wp\/v2\/pages"}],"about":[{"href":"https:\/\/www.yamutec.de\/en\/wp-json\/wp\/v2\/types\/page"}],"author":[{"embeddable":true,"href":"https:\/\/www.yamutec.de\/en\/wp-json\/wp\/v2\/users\/4"}],"replies":[{"embeddable":true,"href":"https:\/\/www.yamutec.de\/en\/wp-json\/wp\/v2\/comments?post=4583"}],"version-history":[{"count":36,"href":"https:\/\/www.yamutec.de\/en\/wp-json\/wp\/v2\/pages\/4583\/revisions"}],"predecessor-version":[{"id":7734,"href":"https:\/\/www.yamutec.de\/en\/wp-json\/wp\/v2\/pages\/4583\/revisions\/7734"}],"up":[{"embeddable":true,"href":"https:\/\/www.yamutec.de\/en\/wp-json\/wp\/v2\/pages\/4546"}],"wp:featuredmedia":[{"embeddable":true,"href":"https:\/\/www.yamutec.de\/en\/wp-json\/wp\/v2\/media\/6807"}],"wp:attachment":[{"href":"https:\/\/www.yamutec.de\/en\/wp-json\/wp\/v2\/media?parent=4583"}],"curies":[{"name":"wp","href":"https:\/\/api.w.org\/{rel}","templated":true}]}}