{"id":4904,"date":"2019-04-23T19:43:10","date_gmt":"2019-04-23T17:43:10","guid":{"rendered":"https:\/\/www.yamutec.de\/?page_id=4904"},"modified":"2023-03-16T17:56:13","modified_gmt":"2023-03-16T15:56:13","slug":"eth-rel4-8a-karte","status":"publish","type":"page","link":"https:\/\/www.yamutec.de\/en\/produkte\/ethernet-module\/eth-rel4-8a-karte\/","title":{"rendered":"8A 4-way Ethernet relay card"},"content":{"rendered":"<div class=\"wpb-content-wrapper\"><div class=\"vc_row wpb_row vc_row-fluid vc_custom_1493362274650\"><div class=\"wpb_column vc_column_container vc_col-sm-6\"><div class=\"vc_column-inner\"><div class=\"wpb_wrapper\"><div class=\"wpb_images_carousel wpb_content_element vc_clearfix\"><div class=\"wpb_wrapper\"><div id=\"vc_images-carousel-1-1775637582\" data-ride=\"vc_carousel\" data-wrap=\"true\" style=\"width: 550px;\" data-interval=\"5000\" data-auto-height=\"yes\" data-mode=\"horizontal\" data-partial=\"false\" data-per-view=\"1\" data-hide-on-end=\"false\" class=\"vc_slide vc_images_carousel\"><div class=\"vc_carousel-inner\"><div class=\"vc_carousel-slideline\"><div class=\"vc_carousel-slideline-inner\"><div class=\"vc_item\"><div class=\"vc_inner\"><a class=\"\" href=\"https:\/\/www.yamutec.de\/wp-content\/uploads\/2019\/11\/eth_rel4_8a-1024x558.png\" data-lightbox=\"lightbox[rel-4904-4238201030]\"><img decoding=\"async\" class=\"\" src=\"https:\/\/www.yamutec.de\/wp-content\/uploads\/2019\/11\/eth_rel4_8a-550x300.png\" width=\"550\" height=\"300\" alt=\"\" title=\"\" loading=\"lazy\" \/><\/a><\/div><\/div><div class=\"vc_item\"><div class=\"vc_inner\"><a class=\"\" href=\"https:\/\/www.yamutec.de\/wp-content\/uploads\/2019\/11\/eth_abstrackt-1024x689.png\" data-lightbox=\"lightbox[rel-4904-4238201030]\"><img decoding=\"async\" class=\"\" src=\"https:\/\/www.yamutec.de\/wp-content\/uploads\/2019\/11\/eth_abstrackt-550x300.png\" width=\"550\" height=\"300\" alt=\"\" title=\"\" loading=\"lazy\" \/><\/a><\/div><\/div><\/div><\/div><\/div><a class=\"vc_left vc_carousel-control\" href=\"#vc_images-carousel-1-1775637582\" data-slide=\"prev\"><span class=\"icon-prev\"><\/span><\/a><a class=\"vc_right vc_carousel-control\" href=\"#vc_images-carousel-1-1775637582\" data-slide=\"next\"><span class=\"icon-next\"><\/span><\/a><\/div><\/div><\/div><div class=\"vc_empty_space\"   style=\"height: 0px\"><span class=\"vc_empty_space_inner\"><\/span><\/div><\/div><\/div><\/div><div class=\"wpb_column vc_column_container vc_col-sm-6\"><div class=\"vc_column-inner\"><div class=\"wpb_wrapper\">\n\t<div class=\"wpb_text_column wpb_content_element \" >\n\t\t<div class=\"wpb_wrapper\">\n\t\t\t<h2>4-fach Ethernet Relais Karte mit maximaler Schaltleistung 8A<\/h2>\n<div>Art.-Nr.: <span data-sheets-value=\"{&quot;1&quot;:3,&quot;3&quot;:5218730}\" data-sheets-userformat=\"{&quot;2&quot;:515,&quot;3&quot;:{&quot;1&quot;:0},&quot;4&quot;:&#091;null,2,16777215&#093;,&quot;12&quot;:0}\">5218730<\/span><\/div>\n\n\t\t<\/div>\n\t<\/div>\n\n\t<div class=\"wpb_text_column wpb_content_element \" >\n\t\t<div class=\"wpb_wrapper\">\n\t\t\t<p><span style=\"color: #5e7a0b; font-size: 28px;\"> \u20ac <\/span><span style=\"font-size: 12px;\">Preise zzgl. gesetzl. MwSt. | <a href=\"#\" class=\"uji-pop-link versandkosten\"> <span style=\"font-size: small;\">zzgl. Versandkosten<\/span><\/a><\/span><br \/>\n<\/p>\n\n\t\t<\/div>\n\t<\/div>\n<div class=\"vc_row wpb_row vc_inner vc_row-fluid\"><div class=\"wpb_column vc_column_container vc_col-sm-4\"><div class=\"vc_column-inner\"><div class=\"wpb_wrapper\"><div class=\"vc_btn3-container vc_btn3-inline\" ><a class=\"vc_general vc_btn3 vc_btn3-size-sm vc_btn3-shape-rounded vc_btn3-style-modern vc_btn3-icon-left vc_btn3-color-grey\" href=\"http:\/\/www.yamutec.de\/angebotsanfrage\/\" title=\"\"><i class=\"vc_btn3-icon entypo-icon entypo-icon-doc-text\"><\/i> Angebot anfordern<\/a><\/div><\/div><\/div><\/div><div class=\"wpb_column vc_column_container vc_col-sm-4\"><div class=\"vc_column-inner\"><div class=\"wpb_wrapper\"><\/div><\/div><\/div><\/div><div class=\"vc_empty_space\"   style=\"height: 0px\"><span class=\"vc_empty_space_inner\"><\/span><\/div><\/div><\/div><\/div><\/div><div class=\"vc_row wpb_row vc_row-fluid\"><div class=\"wpb_column vc_column_container vc_col-sm-12\"><div class=\"vc_column-inner\"><div class=\"wpb_wrapper\"><div class=\"vc_separator wpb_content_element vc_separator_align_center vc_sep_width_100 vc_sep_pos_align_center vc_separator_no_text vc_sep_color_grey\" ><span class=\"vc_sep_holder vc_sep_holder_l\"><span class=\"vc_sep_line\"><\/span><\/span><span class=\"vc_sep_holder vc_sep_holder_r\"><span class=\"vc_sep_line\"><\/span><\/span>\n<\/div><\/div><\/div><\/div><\/div><div class=\"vc_row wpb_row vc_row-fluid\"><div class=\"wpb_column vc_column_container vc_col-sm-6\"><div class=\"vc_column-inner\"><div class=\"wpb_wrapper\">\n\t<div class=\"wpb_text_column wpb_content_element \" >\n\t\t<div class=\"wpb_wrapper\">\n\t\t\t<div class=\"w3-third\">\n<div class=\"w3-third\">\n<div class=\"w3-third\">\n<h2>Yamutec\u00ae ETH-REL4_8A &#8211; Technische Beschreibung<\/h2>\n<p>Unser Basis-Modell f\u00fcr Ethernet Relais Module, die 8A 4-fach Ethernet Relais Karte ist f\u00fcr kleine Schaltkreise mit relativ hohen Str\u00f6men konzipiert. Einsatzgebiete sind zum Beispiel Alarmsysteme f\u00fcr Geb\u00e4ude oder Maschinen in Produktionshallen. Die Relaiskarte ist mit 4 Power Relay 1 POLE-8A Relais ausgestattet. Diese sorgen f\u00fcr eine hervorragende galvanische Trennung der Ausg\u00e4nge und arbeiten mit Schaltspannungen von bis zu 36V AC bzw. 24V DC.<\/p>\n<p>Um die 4-fach Relais Karte anzusteuern verbinden Sie diese mit dem 100\/10 Mbit Ethernet Anschluss an das Netzwerk oder einem Steuer-PC. Besitzt das Netzwerk einen Internetanschluss, k\u00f6nnen Sie unser Relais Modul auch per Yamutec I\/O Remote App ansteuern. Sie erhalten Benachrichtigungen, wenn die Zust\u00e4nde ge\u00e4ndert werden, k\u00f6nnen diese selbst schalten oder benennen. Jedes Modul besitzt eine einzigartige MAC-Adresse und erh\u00e4lt seine IP \u00fcber DHCP oder direkt von Ihnen.<\/p>\n<p>Zus\u00e4tzlich zur \u00dcberwachung per App ist es m\u00f6glich einen automatischen Timeout-Schutz f\u00fcr jedes Relais einzustellen. Dieser \u00f6ffnet oder schlie\u00dft die Relais, falls z.B. eine St\u00f6rung eintritt. Dies ist sehr hilfreich, um wertvolle Anlagen vor \u00dcberspannungen zu sch\u00fctzen und Alarmsignale abzugeben.<\/p>\n<\/div>\n<\/div>\n<\/div>\n\n\t\t<\/div>\n\t<\/div>\n<div class=\"vc_row wpb_row vc_inner vc_row-fluid\"><div class=\"wpb_column vc_column_container vc_col-sm-4\"><div class=\"vc_column-inner\"><div class=\"wpb_wrapper\">\n\t<div  class=\"wpb_single_image wpb_content_element vc_align_left\">\n\t\t\n\t\t<figure class=\"wpb_wrapper vc_figure\">\n\t\t\t<div class=\"vc_single_image-wrapper   vc_box_border_grey\"><img loading=\"lazy\" decoding=\"async\" width=\"300\" height=\"268\" src=\"https:\/\/www.yamutec.de\/wp-content\/uploads\/2019\/03\/app05-300x268.png\" class=\"vc_single_image-img attachment-medium\" alt=\"\" title=\"\" srcset=\"https:\/\/www.yamutec.de\/wp-content\/uploads\/2019\/03\/app05-300x268.png 300w, https:\/\/www.yamutec.de\/wp-content\/uploads\/2019\/03\/app05-768x686.png 768w, https:\/\/www.yamutec.de\/wp-content\/uploads\/2019\/03\/app05-1024x914.png 1024w, https:\/\/www.yamutec.de\/wp-content\/uploads\/2019\/03\/app05-50x45.png 50w, https:\/\/www.yamutec.de\/wp-content\/uploads\/2019\/03\/app05-600x536.png 600w, https:\/\/www.yamutec.de\/wp-content\/uploads\/2019\/03\/app05.png 1616w\" sizes=\"auto, (max-width: 300px) 100vw, 300px\" \/><\/div>\n\t\t<\/figure>\n\t<\/div>\n<\/div><\/div><\/div><div class=\"wpb_column vc_column_container vc_col-sm-8\"><div class=\"vc_column-inner\"><div class=\"wpb_wrapper\">\n\t<div class=\"wpb_text_column wpb_content_element \" >\n\t\t<div class=\"wpb_wrapper\">\n\t\t\t<!-- WP-Appbox (Version: 4.5.10 \/\/ Store: googleplay \/\/ ID: yamutec.app) -->\n<div class=\"wpappbox wpappbox-3d1fed1885b82c080baab4569295fea5 googleplay colorful compact\">\n\t<div class=\"appicon\">\n\t\t<a target=\"_blank\" rel=\"nofollow\" href=\"https:\/\/play.google.com\/store\/apps\/details?id=yamutec.app\"><img decoding=\"async\" src=\"\/\/play-lh.googleusercontent.com\/JQ-Xa8w18o9xXFQ0pFGxGLOpH22FoHtfZP16UOKxubsxUhs3Y17zBBR3a4Wv6Ro-p5U=s128-h480-rw\" alt=\"Yamutec I\/O Remote\" \/><\/a>\n\t<\/div>\n\t<a target=\"_blank\" rel=\"nofollow\" class=\"applinks\" href=\"https:\/\/play.google.com\/store\/apps\/details?id=yamutec.app\"><\/a>\n\t<div class=\"appdetails\">\n\t\t<div class=\"apptitle\"><a target=\"_blank\" rel=\"nofollow\" href=\"https:\/\/play.google.com\/store\/apps\/details?id=yamutec.app\" class=\"apptitle\">Yamutec I\/O Remote<\/a><\/div>\n\t\t<div class=\"price\">\n\t\t\t<span class=\"label\">Price: <\/span>\n\t\t\t<span class=\"value\">Free<\/span> \n\t\t\t<span class=\"rating\"><div title=\"5 of 5 stars\" class=\"rating-stars stars-colorful stars50\"><\/div><\/span>\n\t\t<\/div>\n\t<\/div>\n<\/div><!-- \/WP-Appbox -->\n\n\t\t<\/div>\n\t<\/div>\n\n\t<div class=\"wpb_text_column wpb_content_element \" >\n\t\t<div class=\"wpb_wrapper\">\n\t\t\t<p><a title=\"Yamutec App Information\" href=\"https:\/\/www.yamutec.de\/remoteapp\/\">Yamutec I\/O Remote weitere Informationen<\/a><\/p>\n\n\t\t<\/div>\n\t<\/div>\n<\/div><\/div><\/div><\/div>\n\t<div class=\"wpb_text_column wpb_content_element \" >\n\t\t<div class=\"wpb_wrapper\">\n\t\t\t<p>Bestellen Sie jetzt unsere 8A 4-fach Ethernet Relais Karte und bauen Sie auf Qualit\u00e4t Made in Germany mit RoHS und EMV. Falls Sie nach einer h\u00f6heren Anzahl an Ausg\u00e4ngen suchen, werfen Sie einen Blick auf unsere anderen <a href=\"https:\/\/www.yamutec.de\/produkte\/ethernet-module\/\">Ethernet Module<\/a>.<\/p>\n\n\t\t<\/div>\n\t<\/div>\n<div class=\"vc_empty_space\"   style=\"height: 0px\"><span class=\"vc_empty_space_inner\"><\/span><\/div><\/div><\/div><\/div><div class=\"wpb_column vc_column_container vc_col-sm-6\"><div class=\"vc_column-inner\"><div class=\"wpb_wrapper\">\n\t<div class=\"wpb_text_column wpb_content_element \" >\n\t\t<div class=\"wpb_wrapper\">\n\t\t\t<div class=\"w3-row-padding \">\n<div class=\"w3-twothird\">\n<h2>Technische Daten<\/h2>\n<table class=\"w3-table w3-striped w3-bordered w3-border\" style=\"height: 377px;\">\n<thead class=\"w3-teal\">\n<tr style=\"height: 23px;\">\n<th style=\"width: 228px; text-align: left; height: 23px;\">ETHERNET INTERFACE<\/th>\n<th style=\"height: 23px; width: 549px;\"><\/th>\n<\/tr>\n<\/thead>\n<tbody>\n<tr style=\"height: 46px;\">\n<td style=\"width: 228px; height: 12px;\">Versorgungsspannung<\/td>\n<td style=\"height: 12px; width: 549px;\">Extern 7V bis 24V DC \u00fcber steckbare Schraubklemme<br \/>\nMax. Stromaufnahme 260mA bei 7V\/DC (4 Relais eingeschaltet)<\/td>\n<\/tr>\n<tr style=\"height: 23px;\">\n<td style=\"width: 228px; height: 10px;\">Schnittstelle<\/td>\n<td style=\"height: 10px; width: 549px;\">100\/10 Mbit Ethernet (galvanisch getrennt)<br \/>\nIP-Adresse kann statisch vergeben oder \u00fcber DHCP bezogen werden<\/td>\n<\/tr>\n<tr style=\"height: 10px;\">\n<td style=\"height: 10px; width: 228px;\">Kontroll-LEDs<\/td>\n<td style=\"height: 10px; width: 549px;\">Interne 5V Versorgungsspannung (gr\u00fcn LED)<br \/>\nInterface-Aktivit\u00e4t (gr\u00fcn LED)<br \/>\nTimout Abschaltung (orange LED)<br \/>\nI\/O Aktivit\u00e4t (blau LED)<br \/>\nFehlermeldung (rot LED)<\/td>\n<\/tr>\n<tr style=\"height: 23px;\">\n<th style=\"width: 228px; text-align: left; height: 23px;\">AUSG\u00c4NGE<\/th>\n<th style=\"height: 23px; width: 549px;\"><\/th>\n<\/tr>\n<tr style=\"height: 138px;\">\n<td style=\"height: 138px; width: 228px;\">Relais<\/td>\n<td style=\"height: 138px; width: 549px;\">4 Relais Ausg\u00e4nge,<br \/>\nGalvanisch getrennt \u00fcber Relais<br \/>\nMax. Schaltspannung: 36V AC \/ 24V DC<br \/>\nMax. Schaltstrom: 8A AC \/ 8A DC<br \/>\nSchaltzeit: &lt; 1 ms<\/td>\n<\/tr>\n<tr style=\"height: 69px;\">\n<td style=\"height: 69px; width: 228px;\">Steckverbinder<\/td>\n<td style=\"height: 69px; width: 549px;\">Schraubklemme Standard<br \/>\nAnschlussquerschnitt: 0,32 \u2026 3,3 mm\u00b2 (22 \u2026 12 AWG)<br \/>\nSchraube:\u00a0M2,5 Stahl\u00a0vernickelt<br \/>\nDrehmoment: 0,4 Nm<\/td>\n<\/tr>\n<tr style=\"height: 23px;\">\n<th style=\"width: 228px; text-align: left; height: 23px;\">DIMENSION<\/th>\n<th style=\"height: 23px; width: 549px;\"><\/th>\n<\/tr>\n<tr style=\"height: 23px;\">\n<td style=\"height: 23px; width: 228px;\">Abmessungen<\/td>\n<td style=\"height: 23px; width: 549px;\">115 mm x 72 mm x 19 mm (L x W x H)<\/td>\n<\/tr>\n<tr style=\"height: 23px;\">\n<td style=\"height: 23px; width: 228px;\">Gewicht<\/td>\n<td style=\"height: 23px; width: 549px;\">91 g<\/td>\n<\/tr>\n<\/tbody>\n<\/table>\n<h2>Downloads<\/h2>\n<table class=\"w3-table w3-striped w3-bordered w3-border\">\n<thead class=\"w3-teal\">\n<tr>\n<th style=\"width: 240px; text-align: left;\">HANDBUCH<\/th>\n<th style=\"width: 537px;\"><\/th>\n<\/tr>\n<\/thead>\n<tbody>\n<tr style=\"height: 16px;\">\n<td style=\"height: 16px; width: 240px;\">Anleitung<\/td>\n<td style=\"height: 16px; width: 537px;\"><a title=\"ETH 4-fach Relaisboard mit 8A Leistungsrelais\" href=\"https:\/\/www.yamutec.de\/downloads\/pdf\/manuals\/eth\/anleitung_eth_rel_4_8a_de.pdf\" target=\"_blank\" rel=\"noopener noreferrer\">Deutsch<\/a><br \/>\nEnglisch<\/td>\n<\/tr>\n<\/tbody>\n<\/table>\n<table class=\"w3-table w3-striped w3-bordered w3-border\" style=\"height: 39px;\" width=\"539\">\n<thead class=\"w3-teal\">\n<tr style=\"height: 23px;\">\n<th style=\"width: 239px; text-align: left; height: 23px;\">SOFTWARE<\/th>\n<th style=\"height: 23px; width: 538px;\"><\/th>\n<\/tr>\n<\/thead>\n<tbody>\n<tr style=\"height: 16px;\">\n<td style=\"height: 16px; width: 239px;\">Beispielsoftware<\/td>\n<td style=\"height: 16px; width: 538px;\">VB6, \t\t<a\t\t\t\thref=\"javascript:void(0)\"\r\n\t\t\t\tclass=\"sgpb-show-popup sgpb-popup-id-5271\"\r\n\t\tdata-sgpbpopupid=\"5271\"\r\n\t\tdata-popup-event=\"click\"\r\n\t\t>\r\n\t\t<span style=\"color: #5e7a0b\">VB.NET<\/span>\t\t<\/a>\r\n\t\t, C#, \t\t<a\t\t\t\thref=\"javascript:void(0)\"\r\n\t\t\t\tclass=\"sgpb-show-popup sgpb-popup-id-5455\"\r\n\t\tdata-sgpbpopupid=\"5455\"\r\n\t\tdata-popup-event=\"click\"\r\n\t\t>\r\n\t\t<span style=\"color: #5e7a0b\">LabView<\/span>\t\t<\/a>\r\n\t\t (ohne Installation)<\/td>\n<\/tr>\n<tr>\n<td style=\"width: 239px;\">API<\/td>\n<td style=\"width: 538px;\"><a href=\"https:\/\/www.yamutec.de\/downloads\/api\/YMLib.zip\">Entwickler-Tool<\/a>\u00a0 (<span class=\"_Tgc\">Dynamic Link Library<\/span>)<\/td>\n<\/tr>\n<\/tbody>\n<\/table>\n<table class=\"w3-table w3-striped w3-bordered w3-border\">\n<thead class=\"w3-teal\">\n<tr>\n<th style=\"width: 239px; text-align: left;\">DATENBLATT<\/th>\n<th style=\"width: 538px;\"><\/th>\n<\/tr>\n<\/thead>\n<tbody>\n<tr>\n<td style=\"height: 16px; width: 239px;\">Ausg\u00e4nge<\/td>\n<td style=\"height: 16px; width: 538px;\"><a title=\"Datenblatt JS-Series\" href=\"https:\/\/www.yamutec.de\/downloads\/pdf\/datasheet\/js.pdf\" target=\"_blank\" rel=\"noopener noreferrer\">Power Relay 1 POLE-8A Medium Load Control<\/a><\/td>\n<\/tr>\n<\/tbody>\n<\/table>\n<\/div>\n<\/div>\n\n\t\t<\/div>\n\t<\/div>\n<\/div><\/div><\/div><\/div>\n<\/div>","protected":false},"excerpt":{"rendered":"4-way Ethernet relay card with a maximum switching capacity of 8A. Item no.: 5218730 \u20ac. Prices plus VAT | plus shipping costs. Request a quote. Yamutec\u00ae ETH-REL4_8A - Technical description. Our basic model for Ethernet relay modules, the 8A 4-way Ethernet relay card, is designed for small circuits with relatively high currents. Applications include alarm systems for buildings or machines in production halls. The relay card is equipped with 4 Power Relay 1 POLE-8A relays. These ensure excellent galvanic isolation of the outputs and operate with\u2026","protected":false},"author":4,"featured_media":7216,"parent":4546,"menu_order":0,"comment_status":"closed","ping_status":"closed","template":"","meta":{"footnotes":""},"class_list":["post-4904","page","type-page","status-publish","has-post-thumbnail","hentry","post-has-thumbnail"],"yoast_head":"<!-- This site is optimized with the Yoast SEO plugin v27.3 - https:\/\/yoast.com\/product\/yoast-seo-wordpress\/ -->\n<title>8A 4-fach Ethernet Relais Karte - RoHS &amp; EMV zertifiziert | Yamutec<\/title>\n<meta name=\"description\" content=\"4-fach Ethernet Relais Karte mit max. Schaltleistung von 8A f\u00fcr industrielle Anlagen, Messtechnik, Forschungslabore und Alarmsysteme - inkl. I\/O Remote App\" \/>\n<meta name=\"robots\" content=\"index, follow, max-snippet:-1, max-image-preview:large, max-video-preview:-1\" \/>\n<link rel=\"canonical\" href=\"https:\/\/www.yamutec.de\/en\/produkte\/ethernet-module\/eth-rel4-8a-karte\/\" \/>\n<meta property=\"og:locale\" content=\"en_GB\" \/>\n<meta property=\"og:type\" content=\"article\" \/>\n<meta property=\"og:title\" content=\"8A 4-fach Ethernet Relais Karte - RoHS &amp; EMV zertifiziert | Yamutec\" \/>\n<meta property=\"og:description\" content=\"4-fach Ethernet Relais Karte mit max. Schaltleistung von 8A f\u00fcr industrielle Anlagen, Messtechnik, Forschungslabore und Alarmsysteme - inkl. I\/O Remote App\" \/>\n<meta property=\"og:url\" content=\"https:\/\/www.yamutec.de\/en\/produkte\/ethernet-module\/eth-rel4-8a-karte\/\" \/>\n<meta property=\"og:site_name\" content=\"Yamutec\" \/>\n<meta property=\"article:modified_time\" content=\"2023-03-16T15:56:13+00:00\" \/>\n<meta property=\"og:image\" content=\"https:\/\/www.yamutec.de\/wp-content\/uploads\/2023\/01\/eth_rel4_8a_abl-1024x558.png\" \/>\n\t<meta property=\"og:image:width\" content=\"1024\" \/>\n\t<meta property=\"og:image:height\" content=\"558\" \/>\n\t<meta property=\"og:image:type\" content=\"image\/png\" \/>\n<meta name=\"twitter:card\" content=\"summary_large_image\" \/>\n<meta name=\"twitter:label1\" content=\"Estimated reading time\" \/>\n\t<meta name=\"twitter:data1\" content=\"3 minutes\" \/>\n<script type=\"application\/ld+json\" class=\"yoast-schema-graph\">{\"@context\":\"https:\\\/\\\/schema.org\",\"@graph\":[{\"@type\":\"WebPage\",\"@id\":\"https:\\\/\\\/www.yamutec.de\\\/produkte\\\/ethernet-module\\\/eth-rel4-8a-karte\\\/\",\"url\":\"https:\\\/\\\/www.yamutec.de\\\/produkte\\\/ethernet-module\\\/eth-rel4-8a-karte\\\/\",\"name\":\"8A 4-fach Ethernet Relais Karte - RoHS & EMV zertifiziert | Yamutec\",\"isPartOf\":{\"@id\":\"https:\\\/\\\/www.yamutec.de\\\/#website\"},\"primaryImageOfPage\":{\"@id\":\"https:\\\/\\\/www.yamutec.de\\\/produkte\\\/ethernet-module\\\/eth-rel4-8a-karte\\\/#primaryimage\"},\"image\":{\"@id\":\"https:\\\/\\\/www.yamutec.de\\\/produkte\\\/ethernet-module\\\/eth-rel4-8a-karte\\\/#primaryimage\"},\"thumbnailUrl\":\"https:\\\/\\\/www.yamutec.de\\\/wp-content\\\/uploads\\\/2023\\\/01\\\/eth_rel4_8a_abl.png\",\"datePublished\":\"2019-04-23T17:43:10+00:00\",\"dateModified\":\"2023-03-16T15:56:13+00:00\",\"description\":\"4-fach Ethernet Relais Karte mit max. Schaltleistung von 8A f\u00fcr industrielle Anlagen, Messtechnik, Forschungslabore und Alarmsysteme - inkl. I\\\/O Remote App\",\"breadcrumb\":{\"@id\":\"https:\\\/\\\/www.yamutec.de\\\/produkte\\\/ethernet-module\\\/eth-rel4-8a-karte\\\/#breadcrumb\"},\"inLanguage\":\"en-GB\",\"potentialAction\":[{\"@type\":\"ReadAction\",\"target\":[\"https:\\\/\\\/www.yamutec.de\\\/produkte\\\/ethernet-module\\\/eth-rel4-8a-karte\\\/\"]}]},{\"@type\":\"ImageObject\",\"inLanguage\":\"en-GB\",\"@id\":\"https:\\\/\\\/www.yamutec.de\\\/produkte\\\/ethernet-module\\\/eth-rel4-8a-karte\\\/#primaryimage\",\"url\":\"https:\\\/\\\/www.yamutec.de\\\/wp-content\\\/uploads\\\/2023\\\/01\\\/eth_rel4_8a_abl.png\",\"contentUrl\":\"https:\\\/\\\/www.yamutec.de\\\/wp-content\\\/uploads\\\/2023\\\/01\\\/eth_rel4_8a_abl.png\",\"width\":4338,\"height\":2365},{\"@type\":\"BreadcrumbList\",\"@id\":\"https:\\\/\\\/www.yamutec.de\\\/produkte\\\/ethernet-module\\\/eth-rel4-8a-karte\\\/#breadcrumb\",\"itemListElement\":[{\"@type\":\"ListItem\",\"position\":1,\"name\":\"Unsere Produkte im \u00dcberblick\",\"item\":\"https:\\\/\\\/www.yamutec.de\\\/produkte\\\/\"},{\"@type\":\"ListItem\",\"position\":2,\"name\":\"Ethernet Module\",\"item\":\"https:\\\/\\\/www.yamutec.de\\\/produkte\\\/ethernet-module\\\/\"},{\"@type\":\"ListItem\",\"position\":3,\"name\":\"8A 4-fach Ethernet Relais Karte\"}]},{\"@type\":\"WebSite\",\"@id\":\"https:\\\/\\\/www.yamutec.de\\\/#website\",\"url\":\"https:\\\/\\\/www.yamutec.de\\\/\",\"name\":\"Yamutec\",\"description\":\"smart switch systems\",\"publisher\":{\"@id\":\"https:\\\/\\\/www.yamutec.de\\\/#organization\"},\"potentialAction\":[{\"@type\":\"SearchAction\",\"target\":{\"@type\":\"EntryPoint\",\"urlTemplate\":\"https:\\\/\\\/www.yamutec.de\\\/?s={search_term_string}\"},\"query-input\":{\"@type\":\"PropertyValueSpecification\",\"valueRequired\":true,\"valueName\":\"search_term_string\"}}],\"inLanguage\":\"en-GB\"},{\"@type\":\"Organization\",\"@id\":\"https:\\\/\\\/www.yamutec.de\\\/#organization\",\"name\":\"Yamutec\",\"url\":\"https:\\\/\\\/www.yamutec.de\\\/\",\"logo\":{\"@type\":\"ImageObject\",\"inLanguage\":\"en-GB\",\"@id\":\"https:\\\/\\\/www.yamutec.de\\\/#\\\/schema\\\/logo\\\/image\\\/\",\"url\":\"https:\\\/\\\/www.yamutec.de\\\/wp-content\\\/uploads\\\/2017\\\/04\\\/logo-1.png\",\"contentUrl\":\"https:\\\/\\\/www.yamutec.de\\\/wp-content\\\/uploads\\\/2017\\\/04\\\/logo-1.png\",\"width\":313,\"height\":90,\"caption\":\"Yamutec\"},\"image\":{\"@id\":\"https:\\\/\\\/www.yamutec.de\\\/#\\\/schema\\\/logo\\\/image\\\/\"}}]}<\/script>\n<!-- \/ Yoast SEO plugin. -->","yoast_head_json":{"title":"8A 4-fach Ethernet Relais Karte - RoHS & EMV zertifiziert | Yamutec","description":"4-fach Ethernet Relais Karte mit max. Schaltleistung von 8A f\u00fcr industrielle Anlagen, Messtechnik, Forschungslabore und Alarmsysteme - inkl. I\/O Remote App","robots":{"index":"index","follow":"follow","max-snippet":"max-snippet:-1","max-image-preview":"max-image-preview:large","max-video-preview":"max-video-preview:-1"},"canonical":"https:\/\/www.yamutec.de\/en\/produkte\/ethernet-module\/eth-rel4-8a-karte\/","og_locale":"en_GB","og_type":"article","og_title":"8A 4-fach Ethernet Relais Karte - RoHS & EMV zertifiziert | Yamutec","og_description":"4-fach Ethernet Relais Karte mit max. Schaltleistung von 8A f\u00fcr industrielle Anlagen, Messtechnik, Forschungslabore und Alarmsysteme - inkl. I\/O Remote App","og_url":"https:\/\/www.yamutec.de\/en\/produkte\/ethernet-module\/eth-rel4-8a-karte\/","og_site_name":"Yamutec","article_modified_time":"2023-03-16T15:56:13+00:00","og_image":[{"width":1024,"height":558,"url":"https:\/\/www.yamutec.de\/wp-content\/uploads\/2023\/01\/eth_rel4_8a_abl-1024x558.png","type":"image\/png"}],"twitter_card":"summary_large_image","twitter_misc":{"Estimated reading time":"3 minutes"},"schema":{"@context":"https:\/\/schema.org","@graph":[{"@type":"WebPage","@id":"https:\/\/www.yamutec.de\/produkte\/ethernet-module\/eth-rel4-8a-karte\/","url":"https:\/\/www.yamutec.de\/produkte\/ethernet-module\/eth-rel4-8a-karte\/","name":"8A 4-fach Ethernet Relais Karte - RoHS & EMV zertifiziert | Yamutec","isPartOf":{"@id":"https:\/\/www.yamutec.de\/#website"},"primaryImageOfPage":{"@id":"https:\/\/www.yamutec.de\/produkte\/ethernet-module\/eth-rel4-8a-karte\/#primaryimage"},"image":{"@id":"https:\/\/www.yamutec.de\/produkte\/ethernet-module\/eth-rel4-8a-karte\/#primaryimage"},"thumbnailUrl":"https:\/\/www.yamutec.de\/wp-content\/uploads\/2023\/01\/eth_rel4_8a_abl.png","datePublished":"2019-04-23T17:43:10+00:00","dateModified":"2023-03-16T15:56:13+00:00","description":"4-fach Ethernet Relais Karte mit max. Schaltleistung von 8A f\u00fcr industrielle Anlagen, Messtechnik, Forschungslabore und Alarmsysteme - inkl. I\/O Remote App","breadcrumb":{"@id":"https:\/\/www.yamutec.de\/produkte\/ethernet-module\/eth-rel4-8a-karte\/#breadcrumb"},"inLanguage":"en-GB","potentialAction":[{"@type":"ReadAction","target":["https:\/\/www.yamutec.de\/produkte\/ethernet-module\/eth-rel4-8a-karte\/"]}]},{"@type":"ImageObject","inLanguage":"en-GB","@id":"https:\/\/www.yamutec.de\/produkte\/ethernet-module\/eth-rel4-8a-karte\/#primaryimage","url":"https:\/\/www.yamutec.de\/wp-content\/uploads\/2023\/01\/eth_rel4_8a_abl.png","contentUrl":"https:\/\/www.yamutec.de\/wp-content\/uploads\/2023\/01\/eth_rel4_8a_abl.png","width":4338,"height":2365},{"@type":"BreadcrumbList","@id":"https:\/\/www.yamutec.de\/produkte\/ethernet-module\/eth-rel4-8a-karte\/#breadcrumb","itemListElement":[{"@type":"ListItem","position":1,"name":"Unsere Produkte im \u00dcberblick","item":"https:\/\/www.yamutec.de\/produkte\/"},{"@type":"ListItem","position":2,"name":"Ethernet Module","item":"https:\/\/www.yamutec.de\/produkte\/ethernet-module\/"},{"@type":"ListItem","position":3,"name":"8A 4-fach Ethernet Relais Karte"}]},{"@type":"WebSite","@id":"https:\/\/www.yamutec.de\/#website","url":"https:\/\/www.yamutec.de\/","name":"Yamutec","description":"smart switch systems","publisher":{"@id":"https:\/\/www.yamutec.de\/#organization"},"potentialAction":[{"@type":"SearchAction","target":{"@type":"EntryPoint","urlTemplate":"https:\/\/www.yamutec.de\/?s={search_term_string}"},"query-input":{"@type":"PropertyValueSpecification","valueRequired":true,"valueName":"search_term_string"}}],"inLanguage":"en-GB"},{"@type":"Organization","@id":"https:\/\/www.yamutec.de\/#organization","name":"Yamutec","url":"https:\/\/www.yamutec.de\/","logo":{"@type":"ImageObject","inLanguage":"en-GB","@id":"https:\/\/www.yamutec.de\/#\/schema\/logo\/image\/","url":"https:\/\/www.yamutec.de\/wp-content\/uploads\/2017\/04\/logo-1.png","contentUrl":"https:\/\/www.yamutec.de\/wp-content\/uploads\/2017\/04\/logo-1.png","width":313,"height":90,"caption":"Yamutec"},"image":{"@id":"https:\/\/www.yamutec.de\/#\/schema\/logo\/image\/"}}]}},"post_mailing_queue_ids":[],"_links":{"self":[{"href":"https:\/\/www.yamutec.de\/en\/wp-json\/wp\/v2\/pages\/4904","targetHints":{"allow":["GET"]}}],"collection":[{"href":"https:\/\/www.yamutec.de\/en\/wp-json\/wp\/v2\/pages"}],"about":[{"href":"https:\/\/www.yamutec.de\/en\/wp-json\/wp\/v2\/types\/page"}],"author":[{"embeddable":true,"href":"https:\/\/www.yamutec.de\/en\/wp-json\/wp\/v2\/users\/4"}],"replies":[{"embeddable":true,"href":"https:\/\/www.yamutec.de\/en\/wp-json\/wp\/v2\/comments?post=4904"}],"version-history":[{"count":48,"href":"https:\/\/www.yamutec.de\/en\/wp-json\/wp\/v2\/pages\/4904\/revisions"}],"predecessor-version":[{"id":7074,"href":"https:\/\/www.yamutec.de\/en\/wp-json\/wp\/v2\/pages\/4904\/revisions\/7074"}],"up":[{"embeddable":true,"href":"https:\/\/www.yamutec.de\/en\/wp-json\/wp\/v2\/pages\/4546"}],"wp:featuredmedia":[{"embeddable":true,"href":"https:\/\/www.yamutec.de\/en\/wp-json\/wp\/v2\/media\/7216"}],"wp:attachment":[{"href":"https:\/\/www.yamutec.de\/en\/wp-json\/wp\/v2\/media?parent=4904"}],"curies":[{"name":"wp","href":"https:\/\/api.w.org\/{rel}","templated":true}]}}