{"id":4912,"date":"2019-04-23T22:10:07","date_gmt":"2019-04-23T20:10:07","guid":{"rendered":"https:\/\/www.yamutec.de\/?page_id=4912"},"modified":"2024-01-14T11:24:55","modified_gmt":"2024-01-14T09:24:55","slug":"eth-opt16-modul","status":"publish","type":"page","link":"https:\/\/www.yamutec.de\/en\/produkte\/ethernet-module\/eth-opt16-modul\/","title":{"rendered":"16 channel Ethernet optocoupler module"},"content":{"rendered":"<div class=\"wpb-content-wrapper\"><div class=\"vc_row wpb_row vc_row-fluid vc_custom_1493362274650\"><div class=\"wpb_column vc_column_container vc_col-sm-6\"><div class=\"vc_column-inner\"><div class=\"wpb_wrapper\">\n\t<div  class=\"wpb_single_image wpb_content_element vc_align_center\">\n\t\t\n\t\t<figure class=\"wpb_wrapper vc_figure\">\n\t\t\t<a class=\"\" data-lightbox=\"lightbox[rel-4912-4135561301]\" href=\"https:\/\/www.yamutec.de\/wp-content\/uploads\/2022\/05\/eth16_hybrit8.png\" target=\"_self\" class=\"vc_single_image-wrapper   vc_box_border_grey\"><img loading=\"lazy\" decoding=\"async\" width=\"300\" height=\"264\" src=\"https:\/\/www.yamutec.de\/wp-content\/uploads\/2022\/05\/eth16_hybrit8-300x264.png\" class=\"vc_single_image-img attachment-medium\" alt=\"\" title=\"\" srcset=\"https:\/\/www.yamutec.de\/wp-content\/uploads\/2022\/05\/eth16_hybrit8-300x264.png 300w, https:\/\/www.yamutec.de\/wp-content\/uploads\/2022\/05\/eth16_hybrit8-50x44.png 50w, https:\/\/www.yamutec.de\/wp-content\/uploads\/2022\/05\/eth16_hybrit8-600x527.png 600w, https:\/\/www.yamutec.de\/wp-content\/uploads\/2022\/05\/eth16_hybrit8.png 700w\" sizes=\"auto, (max-width: 300px) 100vw, 300px\" \/><\/a>\n\t\t<\/figure>\n\t<\/div>\n<div class=\"vc_empty_space\"   style=\"height: 0px\"><span class=\"vc_empty_space_inner\"><\/span><\/div><div class=\"vc_row wpb_row vc_inner vc_row-fluid\"><div class=\"wpb_column vc_column_container vc_col-sm-12\"><div class=\"vc_column-inner\"><div class=\"wpb_wrapper\"><\/div><\/div><\/div><\/div><\/div><\/div><\/div><div class=\"wpb_column vc_column_container vc_col-sm-6\"><div class=\"vc_column-inner\"><div class=\"wpb_wrapper\">\n\t<div class=\"wpb_text_column wpb_content_element \" >\n\t\t<div class=\"wpb_wrapper\">\n\t\t\t<h2>Optokoppler Modul mit 16 Eing\u00e4ngen f\u00fcr Ihre Projekte in der Signal\u00fcbertragung<\/h2>\n<div>Art.-Nr.: 2682447<\/div>\n\n\t\t<\/div>\n\t<\/div>\n\n\t<div class=\"wpb_text_column wpb_content_element \" >\n\t\t<div class=\"wpb_wrapper\">\n\t\t\t<p><span style=\"color: #5e7a0b; font-size: 28px;\"> \u20ac <\/span><span style=\"font-size: 12px;\">Preise zzgl. gesetzl. MwSt. | <a href=\"#\" class=\"uji-pop-link versandkosten\"> <span style=\"font-size: small;\">zzgl. Versandkosten<\/span><\/a><\/span><br \/>\n<\/p>\n\n\t\t<\/div>\n\t<\/div>\n<div class=\"vc_row wpb_row vc_inner vc_row-fluid\"><div class=\"wpb_column vc_column_container vc_col-sm-4\"><div class=\"vc_column-inner\"><div class=\"wpb_wrapper\"><div class=\"vc_btn3-container vc_btn3-inline\" ><a class=\"vc_general vc_btn3 vc_btn3-size-sm vc_btn3-shape-rounded vc_btn3-style-modern vc_btn3-icon-left vc_btn3-color-grey\" href=\"http:\/\/www.yamutec.de\/angebotsanfrage\/\" title=\"\"><i class=\"vc_btn3-icon entypo-icon entypo-icon-doc-text\"><\/i> Angebot anfordern<\/a><\/div><\/div><\/div><\/div><div class=\"wpb_column vc_column_container vc_col-sm-4\"><div class=\"vc_column-inner\"><div class=\"wpb_wrapper\"><\/div><\/div><\/div><\/div><div class=\"vc_empty_space\"   style=\"height: 0px\"><span class=\"vc_empty_space_inner\"><\/span><\/div><\/div><\/div><\/div><\/div><div class=\"vc_row wpb_row vc_row-fluid\"><div class=\"wpb_column vc_column_container vc_col-sm-12\"><div class=\"vc_column-inner\"><div class=\"wpb_wrapper\"><div class=\"vc_separator wpb_content_element vc_separator_align_center vc_sep_width_100 vc_sep_pos_align_center vc_separator_no_text vc_sep_color_grey\" ><span class=\"vc_sep_holder vc_sep_holder_l\"><span class=\"vc_sep_line\"><\/span><\/span><span class=\"vc_sep_holder vc_sep_holder_r\"><span class=\"vc_sep_line\"><\/span><\/span>\n<\/div><\/div><\/div><\/div><\/div><div class=\"vc_row wpb_row vc_row-fluid\"><div class=\"wpb_column vc_column_container vc_col-sm-6\"><div class=\"vc_column-inner\"><div class=\"wpb_wrapper\">\n\t<div class=\"wpb_text_column wpb_content_element \" >\n\t\t<div class=\"wpb_wrapper\">\n\t\t\t<div class=\"w3-third\">\n<div class=\"w3-third\">\n<div class=\"w3-third\">\n<p>Die 16 Optokoppler Eing\u00e4nge unseres Yamutec\u00ae Ethernet Moduls sorgen f\u00fcr eine galvanische Trennung und somit f\u00fcr den idealen Schutz Ihrer Steuer- und Reglungstechnik. Sie k\u00f6nnen mit unserem Modul von bis zu 16 Quellen Signale zuverl\u00e4ssig und schnell erfassen. Durch die Ethernet Schnittstelle k\u00f6nnen Sie das Modul von jedem Standpunkt aus fernwarten und ansteuern.<\/p>\n<\/div>\n<\/div>\n<\/div>\n\n\t\t<\/div>\n\t<\/div>\n<div class=\"vc_row wpb_row vc_inner vc_row-fluid\"><div class=\"wpb_column vc_column_container vc_col-sm-4\"><div class=\"vc_column-inner\"><div class=\"wpb_wrapper\">\n\t<div  class=\"wpb_single_image wpb_content_element vc_align_left\">\n\t\t\n\t\t<figure class=\"wpb_wrapper vc_figure\">\n\t\t\t<div class=\"vc_single_image-wrapper   vc_box_border_grey\"><img loading=\"lazy\" decoding=\"async\" width=\"300\" height=\"268\" src=\"https:\/\/www.yamutec.de\/wp-content\/uploads\/2019\/03\/app05-300x268.png\" class=\"vc_single_image-img attachment-medium\" alt=\"\" title=\"\" srcset=\"https:\/\/www.yamutec.de\/wp-content\/uploads\/2019\/03\/app05-300x268.png 300w, https:\/\/www.yamutec.de\/wp-content\/uploads\/2019\/03\/app05-768x686.png 768w, https:\/\/www.yamutec.de\/wp-content\/uploads\/2019\/03\/app05-1024x914.png 1024w, https:\/\/www.yamutec.de\/wp-content\/uploads\/2019\/03\/app05-50x45.png 50w, https:\/\/www.yamutec.de\/wp-content\/uploads\/2019\/03\/app05-600x536.png 600w, https:\/\/www.yamutec.de\/wp-content\/uploads\/2019\/03\/app05.png 1616w\" sizes=\"auto, (max-width: 300px) 100vw, 300px\" \/><\/div>\n\t\t<\/figure>\n\t<\/div>\n<\/div><\/div><\/div><div class=\"wpb_column vc_column_container vc_col-sm-8\"><div class=\"vc_column-inner\"><div class=\"wpb_wrapper\">\n\t<div class=\"wpb_text_column wpb_content_element \" >\n\t\t<div class=\"wpb_wrapper\">\n\t\t\t<!-- WP-Appbox (Version: 4.5.10 \/\/ Store: googleplay \/\/ ID: yamutec.app) -->\n<div class=\"wpappbox wpappbox-3d1fed1885b82c080baab4569295fea5 googleplay colorful compact\">\n\t<div class=\"appicon\">\n\t\t<a target=\"_blank\" rel=\"nofollow\" href=\"https:\/\/play.google.com\/store\/apps\/details?id=yamutec.app\"><img decoding=\"async\" src=\"\/\/play-lh.googleusercontent.com\/JQ-Xa8w18o9xXFQ0pFGxGLOpH22FoHtfZP16UOKxubsxUhs3Y17zBBR3a4Wv6Ro-p5U=s128-h480-rw\" alt=\"Yamutec I\/O Remote\" \/><\/a>\n\t<\/div>\n\t<a target=\"_blank\" rel=\"nofollow\" class=\"applinks\" href=\"https:\/\/play.google.com\/store\/apps\/details?id=yamutec.app\"><\/a>\n\t<div class=\"appdetails\">\n\t\t<div class=\"apptitle\"><a target=\"_blank\" rel=\"nofollow\" href=\"https:\/\/play.google.com\/store\/apps\/details?id=yamutec.app\" class=\"apptitle\">Yamutec I\/O Remote<\/a><\/div>\n\t\t<div class=\"price\">\n\t\t\t<span class=\"label\">Price: <\/span>\n\t\t\t<span class=\"value\">Free<\/span> \n\t\t\t<span class=\"rating\"><div title=\"5 of 5 stars\" class=\"rating-stars stars-colorful stars50\"><\/div><\/span>\n\t\t<\/div>\n\t<\/div>\n<\/div><!-- \/WP-Appbox -->\n\n\t\t<\/div>\n\t<\/div>\n\n\t<div class=\"wpb_text_column wpb_content_element \" >\n\t\t<div class=\"wpb_wrapper\">\n\t\t\t<p><a title=\"Yamutec App Information\" href=\"https:\/\/www.yamutec.de\/remoteapp\/\">Yamutec I\/O Remote weitere Informationen<\/a><\/p>\n\n\t\t<\/div>\n\t<\/div>\n<\/div><\/div><\/div><\/div><div class=\"vc_row wpb_row vc_inner vc_row-fluid\"><div class=\"wpb_column vc_column_container vc_col-sm-12\"><div class=\"vc_column-inner\"><div class=\"wpb_wrapper\">\n\t<div class=\"wpb_text_column wpb_content_element \" >\n\t\t<div class=\"wpb_wrapper\">\n\t\t\t<h3 class=\"h3style\">16 Kanal Ethernet Optokoppler Modul f\u00fcr Industrie, Sicherheitssysteme und Umwelt\u00fcberwachung<\/h3>\n<p>Die Optokoppler Eing\u00e4nge unseres Moduls arbeiten in einem Spannungsbereich von 3V bis 30V und besitzen einen maximalen Eingangsstrom von 10mA. Die Isolationsspannung betr\u00e4gt 2,5kV AC f\u00fcr bis zu 1 Minute. Als Spannungsversorgung m\u00fcssen 7V bis 24V DC \u00fcber die steckbare zweipolige Schraubklemme angelegt werden.\u00a0Unsere Module ber\u00fccksichtigen die Normen und Vorschriften zur EMV und RoHS. Somit ist das Yamutec\u00ae 16 Kanal Ethernet Optokoppler Modul die perfekte Erg\u00e4nzung f\u00fcr Geb\u00e4udeautomation, Prozess- und Umwelttechnik.<\/p>\n<h3 class=\"h3style\">Ihre Vorteile mit dem Yamutec\u00ae Ethernet Optokoppler Modul<\/h3>\n<p>Die 16 Optokoppler Eing\u00e4nge unseres Ethernet-Moduls unterst\u00fctzen Ihr System bei der Signalerfassung mit wichtigen Eigenschaften. So k\u00f6nnen Sie hohe Schaltleistungen realisieren und schnelle Eingangsimpulse zuverl\u00e4ssig \u00fcber l\u00e4ngere Zeitperioden erfassen. Auch tritt keinerlei mechanischer Verschlei\u00df an den Eing\u00e4ngen auf, was f\u00fcr eine lange Lebensdauer der Module sorgt.<\/p>\n<p>Durch die galvanische Trennung k\u00f6nnen zudem der Signal- und Steuerkreis unterschiedliche Spannungspotenziale besitzen. Au\u00dferdem sch\u00fctzt der Optokoppler Ihrer wertvolle Steuerungstechnik vor den Folgen von \u00dcberspannungen sowie Gleichtakt-St\u00f6rimpulsen. Die Schock- und Vibrationsunempfindlichkeit erzeugen mehr Stabilit\u00e4t im Steuerungs- und Regelkreis.<\/p>\n<h3 class=\"h3style\">Leichte Fernwartung per I\/O Remote App<\/h3>\n<p>Wollen Sie mehrere Yamutec\u00ae Optokoppler Module der gleichen Baureihe zusammenschalten, ist die Ansteuerung \u00fcber die individuelle MAC-Adresse jedes Moduls m\u00f6glich. F\u00fcr die Montage des Moduls sind Aussparungen im Aluminiumgeh\u00e4u\u00dfe vorgesehen. Sie k\u00f6nnen das Ethernet Modul entweder an einer Wand oder auf einer Hutschine anbringen. Eingebaute Kontroll-LEDs informieren Sie \u00fcber den Status der 16 Eing\u00e4nge.<\/p>\n<p>Alternativ k\u00f6nnen Sie mit unserer Yamtuec I\/O Remote App jedes 16 Kanal Optokoppler Modul ansteuern. Ihnen werden per Push-Benachrichtigung Informationen \u00fcber die Zust\u00e4nde \u00fcbermittelt und auf St\u00f6rungen hingewiesen. Jedem Modul k\u00f6nnen Sie eine IP Adresse zuweisen oder per DHCP automatisch beziehen.<\/p>\n<h3 class=\"h3style\">Einsatzgebiet des 16 Kanal Ethernet Optokoppler Moduls<\/h3>\n<ul>\n<li>f\u00fcr die Medizin- und Sicherheitstechnik, um einen \u00dcberspannungsschutz sicherzustellen<\/li>\n<li>bei der Ansteuerung von Schaltungsteilen, die verschiedene Spannungspotenziale besitzen \u2013 bspw. Schnittstellen- und Netzwerkkarten<\/li>\n<li>zum Einhalten der Standards im Bereich der Hochgeschwindigkeitskommunikation<\/li>\n<li>Automation und Sicherheitstechnik mit hohen Schaltzeiten und schneller Informations\u00fcbertragung<\/li>\n<\/ul>\n\n\t\t<\/div>\n\t<\/div>\n<\/div><\/div><\/div><\/div>\n\t<div class=\"wpb_text_column wpb_content_element \" >\n\t\t<div class=\"wpb_wrapper\">\n\t\t\t<p><strong>Bestellen Sie jetzt unser 16 Kanal Ethernet Optokoppler Modul<\/strong> und vertrauen Sie auf deutsche Ingenieursarbeit und Qualit\u00e4t. Falls Sie nach einer Plug and Play L\u00f6sung f\u00fcr Ihr Optokoppler Modul suchen, dann werfen Sie einen Blick auf unsere <a href=\"https:\/\/www.yamutec.de\/produkte\/usb-module\/\">Yamutec USB Optokoppler Module<\/a>.<\/p>\n\n\t\t<\/div>\n\t<\/div>\n<div class=\"vc_empty_space\"   style=\"height: 0px\"><span class=\"vc_empty_space_inner\"><\/span><\/div><\/div><\/div><\/div><div class=\"wpb_column vc_column_container vc_col-sm-6\"><div class=\"vc_column-inner\"><div class=\"wpb_wrapper\">\n\t<div class=\"wpb_text_column wpb_content_element \" >\n\t\t<div class=\"wpb_wrapper\">\n\t\t\t<div class=\"w3-row-padding \">\n<div class=\"w3-twothird\">\n<h2>Technische Daten<\/h2>\n<table class=\"w3-table w3-striped w3-bordered w3-border\" style=\"height: 377px;\">\n<thead class=\"w3-teal\">\n<tr style=\"height: 23px;\">\n<th style=\"width: 228px; text-align: left; height: 23px;\">ETHERNET INTERFACE<\/th>\n<th style=\"height: 23px; width: 549px;\"><\/th>\n<\/tr>\n<\/thead>\n<tbody>\n<tr style=\"height: 46px;\">\n<td style=\"width: 228px; height: 12px;\">Versorgungsspannung<\/td>\n<td style=\"height: 12px; width: 549px;\">Extern 7V bis 24V DC (\u00fcber zweipolige steckbare Schraubklemme)<br \/>\nUSB Spannungsversorgung\u00a0\u00a0(per Jumper \u00e4nderbar)<\/td>\n<\/tr>\n<tr style=\"height: 23px;\">\n<td style=\"width: 228px; height: 10px;\">Schnittstelle<\/td>\n<td style=\"height: 10px; width: 549px;\">100\/10 Mbit Ethernet (galvanisch getrennt)<br \/>\nIP-Adresse kann statisch vergeben oder \u00fcber DHCP bezogen werden<\/td>\n<\/tr>\n<tr style=\"height: 10px;\">\n<td style=\"height: 10px; width: 228px;\">Kontroll-LEDs<\/td>\n<td style=\"height: 10px; width: 549px;\">Interne 5V Versorgungsspannung (gr\u00fcn LED)<br \/>\nInterface-Aktivit\u00e4t (gr\u00fcn LED)<br \/>\nTimout Abschaltung (orange LED)<br \/>\nI\/O Aktivit\u00e4t (blau LED)<br \/>\nFehlermeldung (rot LED)<\/td>\n<\/tr>\n<tr style=\"height: 23px;\">\n<th style=\"width: 228px; text-align: left; height: 23px;\">EING\u00c4NGE<\/th>\n<th style=\"height: 23px; width: 549px;\"><\/th>\n<\/tr>\n<tr style=\"height: 138px;\">\n<td style=\"height: 138px; width: 228px;\">Optokoppler<\/td>\n<td style=\"height: 138px; width: 549px;\">16 Optokoppler Eing\u00e4nge<br \/>\n3V \u2013 30V AC\/DC Signalspannung<br \/>\nIsolationsspannung: 2,5KV AC f\u00fcr 1 Minute<br \/>\nMaximaler Eingangsstrom: 10mA<\/td>\n<\/tr>\n<tr style=\"height: 23px;\">\n<td style=\"height: 23px; width: 228px;\">Timeout-Funktion<\/td>\n<td style=\"height: 23px; width: 549px;\">W\u00e4hlbarer Timeout-Schutz, wenn das Modul nicht erreichbar ist.\u00a0z.B. bei Software Crash (Ausg\u00e4nge sind individuell w\u00e4hlbar)<\/td>\n<\/tr>\n<tr style=\"height: 69px;\">\n<td style=\"height: 69px; width: 228px;\">Steckverbinder<\/td>\n<td style=\"height: 69px; width: 549px;\">2-reihige MULTI CONNECTION SYSTEM<br \/>\n100% fehlsteckgesch\u00fctzt<br \/>\nKodierbar durch Abschneiden der Kodiernasen<\/td>\n<\/tr>\n<tr style=\"height: 23px;\">\n<th style=\"width: 228px; text-align: left; height: 23px;\">DIMENSION<\/th>\n<th style=\"height: 23px; width: 549px;\"><\/th>\n<\/tr>\n<tr style=\"height: 23px;\">\n<td style=\"height: 23px; width: 228px;\">Abmessungen<\/td>\n<td style=\"height: 23px; width: 549px;\">102,5 mm x 105 mm x 74.5 mm (L x W x H)<\/td>\n<\/tr>\n<tr style=\"height: 23px;\">\n<td style=\"height: 23px; width: 228px;\">Gewicht<\/td>\n<td style=\"height: 23px; width: 549px;\">320g<\/td>\n<\/tr>\n<\/tbody>\n<\/table>\n<h2>Downloads<\/h2>\n<table class=\"w3-table w3-striped w3-bordered w3-border\">\n<thead class=\"w3-teal\">\n<tr>\n<th style=\"width: 233px; text-align: left;\">HANDBUCH<\/th>\n<th style=\"width: 544px;\"><\/th>\n<\/tr>\n<\/thead>\n<tbody>\n<tr style=\"height: 16px;\">\n<td style=\"height: 16px; width: 233px;\">Anleitung<\/td>\n<td style=\"height: 16px; width: 544px;\">Deutsch<br \/>\nEnglisch<\/td>\n<\/tr>\n<\/tbody>\n<\/table>\n<table class=\"w3-table w3-striped w3-bordered w3-border\" style=\"height: 39px;\" width=\"539\">\n<thead class=\"w3-teal\">\n<tr style=\"height: 23px;\">\n<th style=\"width: 229px; text-align: left; height: 23px;\">SOFTWARE<\/th>\n<th style=\"height: 23px; width: 548px;\"><\/th>\n<\/tr>\n<\/thead>\n<tbody>\n<tr style=\"height: 16px;\">\n<td style=\"height: 16px; width: 229px;\">Beispielsoftware<\/td>\n<td style=\"height: 16px; width: 548px;\">VB6, \t\t<a\t\t\t\thref=\"javascript:void(0)\"\r\n\t\t\t\tclass=\"sgpb-show-popup sgpb-popup-id-4772\"\r\n\t\tdata-sgpbpopupid=\"4772\"\r\n\t\tdata-popup-event=\"click\"\r\n\t\t>\r\n\t\t<span style=\"color: #5e7a0b\">VB.NET,<\/span>\t\t<\/a>\r\n\t\t C#, <span style=\"color: #5e7a0b;\">LabView<\/span>\u00a0(ohne Installation)<\/td>\n<\/tr>\n<tr>\n<td style=\"width: 229px;\">API<\/td>\n<td style=\"width: 548px;\"><a href=\"https:\/\/www.yamutec.de\/downloads\/api\/YMLib.zip\">Entwickler-Tool<\/a>\u00a0 (<span class=\"_Tgc\">Dynamic Link Library<\/span>)<\/td>\n<\/tr>\n<\/tbody>\n<\/table>\n<\/div>\n<\/div>\n\n\t\t<\/div>\n\t<\/div>\n<\/div><\/div><\/div><\/div>\n<\/div>","protected":false},"excerpt":{"rendered":"Optocoupler module with 16 inputs for your signal transmission projects. Item no.: 2682447 \u20ac. Prices plus VAT | plus shipping costs. Request a quote. The 16 optocoupler inputs of our Yamutec\u00ae Ethernet module ensure galvanic isolation and thus ideal protection for your control and regulation technology. With our module, you can reliably and quickly acquire signals from up to 16 sources. The Ethernet interface allows you to remotely maintain and control the module from any location. Yamutec I\/O Remote Price:\u2026","protected":false},"author":4,"featured_media":6807,"parent":4546,"menu_order":0,"comment_status":"closed","ping_status":"closed","template":"","meta":{"footnotes":""},"class_list":["post-4912","page","type-page","status-publish","has-post-thumbnail","hentry","post-has-thumbnail"],"yoast_head":"<!-- This site is optimized with the Yoast SEO plugin v27.5 - https:\/\/yoast.com\/product\/yoast-seo-wordpress\/ -->\n<title>16 Kanal Ethernet Optokoppler Modul - Effiziente Signalerfassung|Yamutec<\/title>\n<meta name=\"description\" content=\"16 Kanal Ethernet Optokoppler Modul - Fernwartung per I\/O Remote App - EMV &amp; RoHS Compliant - Schnelle und zuverl\u00e4ssige Signalerfassung - Lange Lebensdauer\" \/>\n<meta name=\"robots\" content=\"index, follow, max-snippet:-1, max-image-preview:large, max-video-preview:-1\" \/>\n<link rel=\"canonical\" href=\"https:\/\/www.yamutec.de\/en\/produkte\/ethernet-module\/eth-opt16-modul\/\" \/>\n<meta property=\"og:locale\" content=\"en_GB\" \/>\n<meta property=\"og:type\" content=\"article\" \/>\n<meta property=\"og:title\" content=\"16 Kanal Ethernet Optokoppler Modul - Effiziente Signalerfassung|Yamutec\" \/>\n<meta property=\"og:description\" content=\"16 Kanal Ethernet Optokoppler Modul - Fernwartung per I\/O Remote App - EMV &amp; RoHS Compliant - Schnelle und zuverl\u00e4ssige Signalerfassung - Lange Lebensdauer\" \/>\n<meta property=\"og:url\" content=\"https:\/\/www.yamutec.de\/en\/produkte\/ethernet-module\/eth-opt16-modul\/\" \/>\n<meta property=\"og:site_name\" content=\"Yamutec\" \/>\n<meta property=\"article:modified_time\" content=\"2024-01-14T09:24:55+00:00\" \/>\n<meta name=\"twitter:card\" content=\"summary_large_image\" \/>\n<meta name=\"twitter:label1\" content=\"Estimated reading time\" \/>\n\t<meta name=\"twitter:data1\" content=\"4 minutes\" \/>\n<script type=\"application\/ld+json\" class=\"yoast-schema-graph\">{\"@context\":\"https:\\\/\\\/schema.org\",\"@graph\":[{\"@type\":\"WebPage\",\"@id\":\"https:\\\/\\\/www.yamutec.de\\\/produkte\\\/ethernet-module\\\/eth-opt16-modul\\\/\",\"url\":\"https:\\\/\\\/www.yamutec.de\\\/produkte\\\/ethernet-module\\\/eth-opt16-modul\\\/\",\"name\":\"16 Kanal Ethernet Optokoppler Modul - Effiziente Signalerfassung|Yamutec\",\"isPartOf\":{\"@id\":\"https:\\\/\\\/www.yamutec.de\\\/#website\"},\"primaryImageOfPage\":{\"@id\":\"https:\\\/\\\/www.yamutec.de\\\/produkte\\\/ethernet-module\\\/eth-opt16-modul\\\/#primaryimage\"},\"image\":{\"@id\":\"https:\\\/\\\/www.yamutec.de\\\/produkte\\\/ethernet-module\\\/eth-opt16-modul\\\/#primaryimage\"},\"thumbnailUrl\":\"https:\\\/\\\/www.yamutec.de\\\/wp-content\\\/uploads\\\/2023\\\/01\\\/placeholder.png\",\"datePublished\":\"2019-04-23T20:10:07+00:00\",\"dateModified\":\"2024-01-14T09:24:55+00:00\",\"description\":\"16 Kanal Ethernet Optokoppler Modul - Fernwartung per I\\\/O Remote App - EMV & RoHS Compliant - Schnelle und zuverl\u00e4ssige Signalerfassung - Lange Lebensdauer\",\"breadcrumb\":{\"@id\":\"https:\\\/\\\/www.yamutec.de\\\/produkte\\\/ethernet-module\\\/eth-opt16-modul\\\/#breadcrumb\"},\"inLanguage\":\"en-GB\",\"potentialAction\":[{\"@type\":\"ReadAction\",\"target\":[\"https:\\\/\\\/www.yamutec.de\\\/produkte\\\/ethernet-module\\\/eth-opt16-modul\\\/\"]}]},{\"@type\":\"ImageObject\",\"inLanguage\":\"en-GB\",\"@id\":\"https:\\\/\\\/www.yamutec.de\\\/produkte\\\/ethernet-module\\\/eth-opt16-modul\\\/#primaryimage\",\"url\":\"https:\\\/\\\/www.yamutec.de\\\/wp-content\\\/uploads\\\/2023\\\/01\\\/placeholder.png\",\"contentUrl\":\"https:\\\/\\\/www.yamutec.de\\\/wp-content\\\/uploads\\\/2023\\\/01\\\/placeholder.png\",\"width\":1339,\"height\":912},{\"@type\":\"BreadcrumbList\",\"@id\":\"https:\\\/\\\/www.yamutec.de\\\/produkte\\\/ethernet-module\\\/eth-opt16-modul\\\/#breadcrumb\",\"itemListElement\":[{\"@type\":\"ListItem\",\"position\":1,\"name\":\"Unsere Produkte im \u00dcberblick\",\"item\":\"https:\\\/\\\/www.yamutec.de\\\/produkte\\\/\"},{\"@type\":\"ListItem\",\"position\":2,\"name\":\"Ethernet Module\",\"item\":\"https:\\\/\\\/www.yamutec.de\\\/produkte\\\/ethernet-module\\\/\"},{\"@type\":\"ListItem\",\"position\":3,\"name\":\"16 Kanal Ethernet Optokoppler Modul\"}]},{\"@type\":\"WebSite\",\"@id\":\"https:\\\/\\\/www.yamutec.de\\\/#website\",\"url\":\"https:\\\/\\\/www.yamutec.de\\\/\",\"name\":\"Yamutec\",\"description\":\"smart switch systems\",\"publisher\":{\"@id\":\"https:\\\/\\\/www.yamutec.de\\\/#organization\"},\"potentialAction\":[{\"@type\":\"SearchAction\",\"target\":{\"@type\":\"EntryPoint\",\"urlTemplate\":\"https:\\\/\\\/www.yamutec.de\\\/?s={search_term_string}\"},\"query-input\":{\"@type\":\"PropertyValueSpecification\",\"valueRequired\":true,\"valueName\":\"search_term_string\"}}],\"inLanguage\":\"en-GB\"},{\"@type\":\"Organization\",\"@id\":\"https:\\\/\\\/www.yamutec.de\\\/#organization\",\"name\":\"Yamutec\",\"url\":\"https:\\\/\\\/www.yamutec.de\\\/\",\"logo\":{\"@type\":\"ImageObject\",\"inLanguage\":\"en-GB\",\"@id\":\"https:\\\/\\\/www.yamutec.de\\\/#\\\/schema\\\/logo\\\/image\\\/\",\"url\":\"https:\\\/\\\/www.yamutec.de\\\/wp-content\\\/uploads\\\/2017\\\/04\\\/logo-1.png\",\"contentUrl\":\"https:\\\/\\\/www.yamutec.de\\\/wp-content\\\/uploads\\\/2017\\\/04\\\/logo-1.png\",\"width\":313,\"height\":90,\"caption\":\"Yamutec\"},\"image\":{\"@id\":\"https:\\\/\\\/www.yamutec.de\\\/#\\\/schema\\\/logo\\\/image\\\/\"}}]}<\/script>\n<!-- \/ Yoast SEO plugin. -->","yoast_head_json":{"title":"16 Kanal Ethernet Optokoppler Modul - Effiziente Signalerfassung|Yamutec","description":"16 Kanal Ethernet Optokoppler Modul - Fernwartung per I\/O Remote App - EMV & RoHS Compliant - Schnelle und zuverl\u00e4ssige Signalerfassung - Lange Lebensdauer","robots":{"index":"index","follow":"follow","max-snippet":"max-snippet:-1","max-image-preview":"max-image-preview:large","max-video-preview":"max-video-preview:-1"},"canonical":"https:\/\/www.yamutec.de\/en\/produkte\/ethernet-module\/eth-opt16-modul\/","og_locale":"en_GB","og_type":"article","og_title":"16 Kanal Ethernet Optokoppler Modul - Effiziente Signalerfassung|Yamutec","og_description":"16 Kanal Ethernet Optokoppler Modul - Fernwartung per I\/O Remote App - EMV & RoHS Compliant - Schnelle und zuverl\u00e4ssige Signalerfassung - Lange Lebensdauer","og_url":"https:\/\/www.yamutec.de\/en\/produkte\/ethernet-module\/eth-opt16-modul\/","og_site_name":"Yamutec","article_modified_time":"2024-01-14T09:24:55+00:00","twitter_card":"summary_large_image","twitter_misc":{"Estimated reading time":"4 minutes"},"schema":{"@context":"https:\/\/schema.org","@graph":[{"@type":"WebPage","@id":"https:\/\/www.yamutec.de\/produkte\/ethernet-module\/eth-opt16-modul\/","url":"https:\/\/www.yamutec.de\/produkte\/ethernet-module\/eth-opt16-modul\/","name":"16 Kanal Ethernet Optokoppler Modul - Effiziente Signalerfassung|Yamutec","isPartOf":{"@id":"https:\/\/www.yamutec.de\/#website"},"primaryImageOfPage":{"@id":"https:\/\/www.yamutec.de\/produkte\/ethernet-module\/eth-opt16-modul\/#primaryimage"},"image":{"@id":"https:\/\/www.yamutec.de\/produkte\/ethernet-module\/eth-opt16-modul\/#primaryimage"},"thumbnailUrl":"https:\/\/www.yamutec.de\/wp-content\/uploads\/2023\/01\/placeholder.png","datePublished":"2019-04-23T20:10:07+00:00","dateModified":"2024-01-14T09:24:55+00:00","description":"16 Kanal Ethernet Optokoppler Modul - Fernwartung per I\/O Remote App - EMV & RoHS Compliant - Schnelle und zuverl\u00e4ssige Signalerfassung - Lange Lebensdauer","breadcrumb":{"@id":"https:\/\/www.yamutec.de\/produkte\/ethernet-module\/eth-opt16-modul\/#breadcrumb"},"inLanguage":"en-GB","potentialAction":[{"@type":"ReadAction","target":["https:\/\/www.yamutec.de\/produkte\/ethernet-module\/eth-opt16-modul\/"]}]},{"@type":"ImageObject","inLanguage":"en-GB","@id":"https:\/\/www.yamutec.de\/produkte\/ethernet-module\/eth-opt16-modul\/#primaryimage","url":"https:\/\/www.yamutec.de\/wp-content\/uploads\/2023\/01\/placeholder.png","contentUrl":"https:\/\/www.yamutec.de\/wp-content\/uploads\/2023\/01\/placeholder.png","width":1339,"height":912},{"@type":"BreadcrumbList","@id":"https:\/\/www.yamutec.de\/produkte\/ethernet-module\/eth-opt16-modul\/#breadcrumb","itemListElement":[{"@type":"ListItem","position":1,"name":"Unsere Produkte im \u00dcberblick","item":"https:\/\/www.yamutec.de\/produkte\/"},{"@type":"ListItem","position":2,"name":"Ethernet Module","item":"https:\/\/www.yamutec.de\/produkte\/ethernet-module\/"},{"@type":"ListItem","position":3,"name":"16 Kanal Ethernet Optokoppler Modul"}]},{"@type":"WebSite","@id":"https:\/\/www.yamutec.de\/#website","url":"https:\/\/www.yamutec.de\/","name":"Yamutec","description":"smart switch systems","publisher":{"@id":"https:\/\/www.yamutec.de\/#organization"},"potentialAction":[{"@type":"SearchAction","target":{"@type":"EntryPoint","urlTemplate":"https:\/\/www.yamutec.de\/?s={search_term_string}"},"query-input":{"@type":"PropertyValueSpecification","valueRequired":true,"valueName":"search_term_string"}}],"inLanguage":"en-GB"},{"@type":"Organization","@id":"https:\/\/www.yamutec.de\/#organization","name":"Yamutec","url":"https:\/\/www.yamutec.de\/","logo":{"@type":"ImageObject","inLanguage":"en-GB","@id":"https:\/\/www.yamutec.de\/#\/schema\/logo\/image\/","url":"https:\/\/www.yamutec.de\/wp-content\/uploads\/2017\/04\/logo-1.png","contentUrl":"https:\/\/www.yamutec.de\/wp-content\/uploads\/2017\/04\/logo-1.png","width":313,"height":90,"caption":"Yamutec"},"image":{"@id":"https:\/\/www.yamutec.de\/#\/schema\/logo\/image\/"}}]}},"post_mailing_queue_ids":[],"_links":{"self":[{"href":"https:\/\/www.yamutec.de\/en\/wp-json\/wp\/v2\/pages\/4912","targetHints":{"allow":["GET"]}}],"collection":[{"href":"https:\/\/www.yamutec.de\/en\/wp-json\/wp\/v2\/pages"}],"about":[{"href":"https:\/\/www.yamutec.de\/en\/wp-json\/wp\/v2\/types\/page"}],"author":[{"embeddable":true,"href":"https:\/\/www.yamutec.de\/en\/wp-json\/wp\/v2\/users\/4"}],"replies":[{"embeddable":true,"href":"https:\/\/www.yamutec.de\/en\/wp-json\/wp\/v2\/comments?post=4912"}],"version-history":[{"count":23,"href":"https:\/\/www.yamutec.de\/en\/wp-json\/wp\/v2\/pages\/4912\/revisions"}],"predecessor-version":[{"id":7730,"href":"https:\/\/www.yamutec.de\/en\/wp-json\/wp\/v2\/pages\/4912\/revisions\/7730"}],"up":[{"embeddable":true,"href":"https:\/\/www.yamutec.de\/en\/wp-json\/wp\/v2\/pages\/4546"}],"wp:featuredmedia":[{"embeddable":true,"href":"https:\/\/www.yamutec.de\/en\/wp-json\/wp\/v2\/media\/6807"}],"wp:attachment":[{"href":"https:\/\/www.yamutec.de\/en\/wp-json\/wp\/v2\/media?parent=4912"}],"curies":[{"name":"wp","href":"https:\/\/api.w.org\/{rel}","templated":true}]}}