{"id":4968,"date":"2019-04-29T20:40:34","date_gmt":"2019-04-29T18:40:34","guid":{"rendered":"https:\/\/www.yamutec.de\/?page_id=4968"},"modified":"2024-01-14T11:27:47","modified_gmt":"2024-01-14T09:27:47","slug":"eth-hybrid-8","status":"publish","type":"page","link":"https:\/\/www.yamutec.de\/en\/produkte\/ethernet-module\/eth-hybrid-8\/","title":{"rendered":"8-fold Ethernet hybrid module"},"content":{"rendered":"<div class=\"wpb-content-wrapper\"><div class=\"vc_row wpb_row vc_row-fluid vc_custom_1493362274650\"><div class=\"wpb_column vc_column_container vc_col-sm-6\"><div class=\"vc_column-inner\"><div class=\"wpb_wrapper\">\n\t<div  class=\"wpb_single_image wpb_content_element vc_align_center\">\n\t\t\n\t\t<figure class=\"wpb_wrapper vc_figure\">\n\t\t\t<a class=\"\" data-lightbox=\"lightbox[rel-4968-1777317781]\" href=\"https:\/\/www.yamutec.de\/wp-content\/uploads\/2022\/05\/eth16_hybrit8.png\" target=\"_self\" class=\"vc_single_image-wrapper   vc_box_border_grey\"><img loading=\"lazy\" decoding=\"async\" width=\"300\" height=\"264\" src=\"https:\/\/www.yamutec.de\/wp-content\/uploads\/2022\/05\/eth16_hybrit8-300x264.png\" class=\"vc_single_image-img attachment-medium\" alt=\"\" title=\"\" srcset=\"https:\/\/www.yamutec.de\/wp-content\/uploads\/2022\/05\/eth16_hybrit8-300x264.png 300w, https:\/\/www.yamutec.de\/wp-content\/uploads\/2022\/05\/eth16_hybrit8-50x44.png 50w, https:\/\/www.yamutec.de\/wp-content\/uploads\/2022\/05\/eth16_hybrit8-600x527.png 600w, https:\/\/www.yamutec.de\/wp-content\/uploads\/2022\/05\/eth16_hybrit8.png 700w\" sizes=\"auto, (max-width: 300px) 100vw, 300px\" \/><\/a>\n\t\t<\/figure>\n\t<\/div>\n<div class=\"vc_empty_space\"   style=\"height: 0px\"><span class=\"vc_empty_space_inner\"><\/span><\/div><\/div><\/div><\/div><div class=\"wpb_column vc_column_container vc_col-sm-6\"><div class=\"vc_column-inner\"><div class=\"wpb_wrapper\">\n\t<div class=\"wpb_text_column wpb_content_element \" >\n\t\t<div class=\"wpb_wrapper\">\n\t\t\t<h2>Ethernet Hybrid Modul mit 8 Optokoppler Eing\u00e4ngen und 8 Relais Ausg\u00e4ngen f\u00fcr Lasten bis 10W<\/h2>\n<div>Art.-Nr.: 2004413<\/div>\n\n\t\t<\/div>\n\t<\/div>\n\n\t<div class=\"wpb_text_column wpb_content_element \" >\n\t\t<div class=\"wpb_wrapper\">\n\t\t\t<p><span style=\"color: #5e7a0b; font-size: 28px;\"> \u20ac <\/span><span style=\"font-size: 12px;\">Preise zzgl. gesetzl. MwSt. | <a href=\"#\" class=\"uji-pop-link versandkosten\"> <span style=\"font-size: small;\">zzgl. Versandkosten<\/span><\/a><\/span><br \/>\n<\/p>\n\n\t\t<\/div>\n\t<\/div>\n<div class=\"vc_row wpb_row vc_inner vc_row-fluid\"><div class=\"wpb_column vc_column_container vc_col-sm-4\"><div class=\"vc_column-inner\"><div class=\"wpb_wrapper\"><div class=\"vc_btn3-container vc_btn3-inline\" ><a class=\"vc_general vc_btn3 vc_btn3-size-sm vc_btn3-shape-rounded vc_btn3-style-modern vc_btn3-icon-left vc_btn3-color-grey\" href=\"http:\/\/www.yamutec.de\/angebotsanfrage\/\" title=\"\"><i class=\"vc_btn3-icon entypo-icon entypo-icon-doc-text\"><\/i> Angebot anfordern<\/a><\/div><\/div><\/div><\/div><div class=\"wpb_column vc_column_container vc_col-sm-4\"><div class=\"vc_column-inner\"><div class=\"wpb_wrapper\"><\/div><\/div><\/div><\/div><\/div><\/div><\/div><\/div><div class=\"vc_row wpb_row vc_row-fluid\"><div class=\"wpb_column vc_column_container vc_col-sm-6\"><div class=\"vc_column-inner\"><div class=\"wpb_wrapper\">\n\t<div class=\"wpb_text_column wpb_content_element \" >\n\t\t<div class=\"wpb_wrapper\">\n\t\t\t<div class=\"w3-third\">\n<h2>Technische Beschreibung &#8211; Yamutec\u00ae 8-fach Ethernet Hybridmodul<\/h2>\n<p>Das 8 Kanal Ethernet Hybrid Modul besitzt 8 Optokoppler an den Eing\u00e4ngen und 8 Relais an den Ausg\u00e4ngen. Durch die galvanische Trennung wird der Steuer-PC optimal vor \u00dcberspannungen gesch\u00fctzt. Zudem ist es m\u00f6glich das Hybridmodul \u00fcber die 100\/10 Mbit Schnittstelle mit dem Netzwerk und dem Internet zu verbinden. Dadurch lassen sich die Zust\u00e4nde der Relais mit unserer Yamutec I\/O Remote App steuern und \u00fcberwachen.<\/p>\n<p>Die<strong> Optokoppler des Hybridmoduls <\/strong>erfassen\u00a0eine Signalspannung von 3V bis 30V AC\/DC bei einem maximalen Eingangsstrom von 10mA. Die Isolationsspannung kann f\u00fcr 1 Minute bis zu 2,5KV AC betragen. Die Reed Relais an den Ausg\u00e4ngen arbeiten mit einem maximalen Schaltstrom von 0,5A und einer Schaltspannung von 30V AC\/DC. Als Versorgungsspannung werden 7V bis 24V DC \u00fcber eine steckbare Schraubklemme angelegt.<\/p>\n<\/div>\n\n\t\t<\/div>\n\t<\/div>\n<div class=\"vc_row wpb_row vc_inner vc_row-fluid\"><div class=\"wpb_column vc_column_container vc_col-sm-4\"><div class=\"vc_column-inner\"><div class=\"wpb_wrapper\">\n\t<div  class=\"wpb_single_image wpb_content_element vc_align_left\">\n\t\t\n\t\t<figure class=\"wpb_wrapper vc_figure\">\n\t\t\t<div class=\"vc_single_image-wrapper   vc_box_border_grey\"><img loading=\"lazy\" decoding=\"async\" width=\"300\" height=\"268\" src=\"https:\/\/www.yamutec.de\/wp-content\/uploads\/2019\/03\/app05-300x268.png\" class=\"vc_single_image-img attachment-medium\" alt=\"\" title=\"\" srcset=\"https:\/\/www.yamutec.de\/wp-content\/uploads\/2019\/03\/app05-300x268.png 300w, https:\/\/www.yamutec.de\/wp-content\/uploads\/2019\/03\/app05-768x686.png 768w, https:\/\/www.yamutec.de\/wp-content\/uploads\/2019\/03\/app05-1024x914.png 1024w, https:\/\/www.yamutec.de\/wp-content\/uploads\/2019\/03\/app05-50x45.png 50w, https:\/\/www.yamutec.de\/wp-content\/uploads\/2019\/03\/app05-600x536.png 600w, https:\/\/www.yamutec.de\/wp-content\/uploads\/2019\/03\/app05.png 1616w\" sizes=\"auto, (max-width: 300px) 100vw, 300px\" \/><\/div>\n\t\t<\/figure>\n\t<\/div>\n<\/div><\/div><\/div><div class=\"wpb_column vc_column_container vc_col-sm-8\"><div class=\"vc_column-inner\"><div class=\"wpb_wrapper\">\n\t<div class=\"wpb_text_column wpb_content_element \" >\n\t\t<div class=\"wpb_wrapper\">\n\t\t\t<!-- WP-Appbox (Version: 4.5.10 \/\/ Store: googleplay \/\/ ID: yamutec.app) -->\n<div class=\"wpappbox wpappbox-3d1fed1885b82c080baab4569295fea5 googleplay colorful compact\">\n\t<div class=\"appicon\">\n\t\t<a target=\"_blank\" rel=\"nofollow\" href=\"https:\/\/play.google.com\/store\/apps\/details?id=yamutec.app\"><img decoding=\"async\" src=\"\/\/play-lh.googleusercontent.com\/JQ-Xa8w18o9xXFQ0pFGxGLOpH22FoHtfZP16UOKxubsxUhs3Y17zBBR3a4Wv6Ro-p5U=s128-h480-rw\" alt=\"Yamutec I\/O Remote\" \/><\/a>\n\t<\/div>\n\t<a target=\"_blank\" rel=\"nofollow\" class=\"applinks\" href=\"https:\/\/play.google.com\/store\/apps\/details?id=yamutec.app\"><\/a>\n\t<div class=\"appdetails\">\n\t\t<div class=\"apptitle\"><a target=\"_blank\" rel=\"nofollow\" href=\"https:\/\/play.google.com\/store\/apps\/details?id=yamutec.app\" class=\"apptitle\">Yamutec I\/O Remote<\/a><\/div>\n\t\t<div class=\"price\">\n\t\t\t<span class=\"label\">Price: <\/span>\n\t\t\t<span class=\"value\">Free<\/span> \n\t\t\t<span class=\"rating\"><div title=\"5 of 5 stars\" class=\"rating-stars stars-colorful stars50\"><\/div><\/span>\n\t\t<\/div>\n\t<\/div>\n<\/div><!-- \/WP-Appbox -->\n\n\t\t<\/div>\n\t<\/div>\n\n\t<div class=\"wpb_text_column wpb_content_element \" >\n\t\t<div class=\"wpb_wrapper\">\n\t\t\t<p><a title=\"Yamutec App Information\" href=\"https:\/\/www.yamutec.de\/remoteapp\/\">Yamutec I\/O Remote weitere Informationen<\/a><\/p>\n\n\t\t<\/div>\n\t<\/div>\n<\/div><\/div><\/div><\/div><div class=\"vc_row wpb_row vc_inner vc_row-fluid\"><div class=\"wpb_column vc_column_container vc_col-sm-12\"><div class=\"vc_column-inner\"><div class=\"wpb_wrapper\">\n\t<div class=\"wpb_text_column wpb_content_element \" >\n\t\t<div class=\"wpb_wrapper\">\n\t\t\t<div class=\"w3-third\">\n<h3 class=\"h3style\">Einsatzgebiet der Hybridmodul von Yamutec<\/h3>\n<p>\u00dcberall dort, wo Sie Laste st\u00f6rungsfreie schalten m\u00f6chte und Ihre Ger\u00e4te vor \u00dcberspannungen oder Transienten gesch\u00fctzt sein m\u00fcssen, finden Sie die Yamutec 8-fach Ethernet Hybridmodule. Die Optokoppler realisieren eine zuverl\u00e4ssige und sehr schnelle Erfassung von Eingangssignalen. \u00dcber die 8 Relais am Ausgang k\u00f6nnen Sie sicher und kosteng\u00fcnstig Lasten schalten. Zudem profitieren Sie von dem Timeout-Schutz an den Ausg\u00e4ngen, welcher die Relais im St\u00f6rfall sofort ein- bzw. ausschaltet.<\/p>\n<p>Bei der Entwicklung unserer Hybridmodule haben wir auf die Einhaltung der RoHS sowie der EMV geachtet, somit sind alle unserer Module perfekt f\u00fcr den industriellen Einsatz gewappnet. In dem robusten Aluminiumgeh\u00e4use ist die Elektronik sehr gut vor dem rauen Umfeld einer Produktionshalle gesch\u00fctzt und kann zudem leicht auf einer DIN-Hutschiene montiert werden.<\/p>\n<h3 class=\"h3style\">8-fach Ethernet Hybridmodul mit 100\/10 Mbit Ethernet Schnittstelle<\/h3>\n<p>Unsere Hybridmodule wurden spezielle f\u00fcr die leichte Fernwartung, -steuerung und -\u00fcberwachung designt. \u00dcber die schnelle Ethernetverbindung l\u00e4sst sich das Modul an das Unternehmensnetzwerk anschlie\u00dfen sowie \u00fcber das Internet ansteuern. Daf\u00fcr verwenden Sie einfach unsere beigelegte Software, um dem Modul einen Port, die IP, eine Subnetzmaske sowie das Gateway zuzuweisen. Anschlie\u00dfend k\u00f6nnen Sie es auch \u00fcber unsere Yamutec I\/O Remote App ansteuern und die Zust\u00e4nder der Ausg\u00e4nge \u00fcberwachen. \u00dcber die individuelle MAC-Adresse lassen sich auch mehrere 8-fach Ethernet Hybridmodule kaskadieren.<\/p>\n<\/div>\n<p>Zuverl\u00e4ssige Signalerfassung und -verst\u00e4rkung mit unserem Ethernet Hybridmodul mit 8 Ein- und Ausg\u00e4ngen &#8211; <a href=\"https:\/\/www.yamutec.de\/angebotsanfrage\/\">jetzt ein Angebot anfordern<\/a>! Wir haben auch <a href=\"https:\/\/www.yamutec.de\/produkte\/ethernet-module\/eth-hybrid-16-3a\/\">ETH 16 Hybridmodule f\u00fcr Lastkreise bis zu 3A<\/a> im Angebot!<\/p>\n\n\t\t<\/div>\n\t<\/div>\n<\/div><\/div><\/div><\/div><\/div><\/div><\/div><div class=\"wpb_column vc_column_container vc_col-sm-6\"><div class=\"vc_column-inner\"><div class=\"wpb_wrapper\">\n\t<div class=\"wpb_text_column wpb_content_element \" >\n\t\t<div class=\"wpb_wrapper\">\n\t\t\t<div class=\"w3-row-padding \">\n<div class=\"w3-twothird\">\n<h2>Technische Daten<\/h2>\n<table class=\"w3-table w3-striped w3-bordered w3-border\" style=\"height: 521px;\">\n<thead class=\"w3-teal\">\n<tr style=\"height: 23px;\">\n<th style=\"width: 228px; text-align: left; height: 23px;\">ETHERNET INTERFACE<\/th>\n<th style=\"height: 23px; width: 549px;\"><\/th>\n<\/tr>\n<\/thead>\n<tbody>\n<tr style=\"height: 46px;\">\n<td style=\"width: 228px; height: 10px;\">Versorgungsspannung<\/td>\n<td style=\"height: 10px; width: 549px;\">Extern 7V bis 24V DC \u00fcber steckbare Schraubklemme<\/td>\n<\/tr>\n<tr style=\"height: 23px;\">\n<td style=\"width: 228px; height: 23px;\">Schnittstelle<\/td>\n<td style=\"height: 23px; width: 549px;\">100\/10 Mbit Ethernet (galvanisch getrennt)<br \/>\nIP-Adresse kann statisch vergeben oder \u00fcber DHCP bezogen werden<\/td>\n<\/tr>\n<tr style=\"height: 10px;\">\n<td style=\"height: 10px; width: 228px;\">Kontroll-LEDs<\/td>\n<td style=\"height: 10px; width: 549px;\">Interne 5V Versorgungsspannung (gr\u00fcn LED)<br \/>\nInterface-Aktivit\u00e4t (gr\u00fcn LED)<br \/>\nTimout Abschaltung (orange LED)<br \/>\nI\/O Aktivit\u00e4t (blau LED)<br \/>\nFehlermeldung (rot LED)<\/td>\n<\/tr>\n<tr style=\"height: 23px;\">\n<th style=\"width: 228px; text-align: left; height: 23px;\">AUSG\u00c4NGE<\/th>\n<th style=\"height: 23px; width: 549px;\"><\/th>\n<\/tr>\n<tr style=\"height: 138px;\">\n<td style=\"height: 138px; width: 228px;\">Klemme 1 &#8211; 16<\/td>\n<td style=\"height: 138px; width: 549px;\">8 Relais Ausg\u00e4nge,<br \/>\nGalvanisch getrennt \u00fcber Relais<br \/>\nMax. Schaltspannung: 30V AC \/ 30V DC<br \/>\nMax. Schaltstrom: 0.5A AC \/ 0.5A DC<br \/>\nMax. Transportstrom: 1,25A AC \/ 1,25A DC<br \/>\nMax. Schaltleistung: 10W<br \/>\nSchaltzeit: &lt; 1 ms<\/td>\n<\/tr>\n<tr style=\"height: 23px;\">\n<td style=\"height: 23px; width: 228px;\">Timeout-Funktion<\/td>\n<td style=\"height: 23px; width: 549px;\">W\u00e4hlbarer Timeout-Schutz, wenn das Modul nicht erreichbar ist.\u00a0z.B. bei Software Crash\u00a0(Ausg\u00e4nge sind individuell w\u00e4hlbar)<\/td>\n<\/tr>\n<tr style=\"height: 69px;\">\n<td style=\"height: 69px; width: 228px;\">Steckverbinder<\/td>\n<td style=\"height: 69px; width: 549px;\">2-reihige MULTI CONNECTION SYSTEM<br \/>\n100% fehlsteckgesch\u00fctzt<br \/>\nKodierbar durch Abschneiden der Kodiernasen<\/td>\n<\/tr>\n<tr style=\"height: 23px;\">\n<th style=\"width: 228px; text-align: left; height: 23px;\">EING\u00c4NGE<\/th>\n<th style=\"height: 23px; width: 549px;\"><\/th>\n<\/tr>\n<tr style=\"height: 138px;\">\n<td style=\"height: 64px; width: 228px;\">Klemme 17 &#8211; 32<\/td>\n<td style=\"height: 64px; width: 549px;\">8 Optokoppler Eing\u00e4nge<br \/>\n3V &#8211; 30V AC\/DC Signalspannung<br \/>\nIsolationsspannung: 2,5KV AC f\u00fcr 1 Minute<br \/>\nMaximaler Eingangsstrom: 10mA<\/td>\n<\/tr>\n<tr style=\"height: 69px;\">\n<td style=\"height: 69px; width: 228px;\">Steckverbinder<\/td>\n<td style=\"height: 69px; width: 549px;\">2-reihige MULTI CONNECTION SYSTEM<br \/>\n100% fehlsteckgesch\u00fctzt<br \/>\nKodierbar durch Abschneiden der Kodiernasen<\/td>\n<\/tr>\n<tr style=\"height: 23px;\">\n<th style=\"width: 228px; text-align: left; height: 23px;\">DIMENSION<\/th>\n<th style=\"height: 23px; width: 549px;\"><\/th>\n<\/tr>\n<tr style=\"height: 23px;\">\n<td style=\"height: 23px; width: 228px;\">Abmessungen<br \/>\nGewicht<\/td>\n<td style=\"height: 23px; width: 549px;\">135 mm x 105 mm x 74.5 mm (L x W x H)<br \/>\n490 g<\/td>\n<\/tr>\n<\/tbody>\n<\/table>\n<h2>Downloads<\/h2>\n<table class=\"w3-table w3-striped w3-bordered w3-border\">\n<thead class=\"w3-teal\">\n<tr>\n<th style=\"width: 230px; text-align: left;\">HANDBUCH<\/th>\n<th style=\"width: 547px;\"><\/th>\n<\/tr>\n<\/thead>\n<tbody>\n<tr style=\"height: 16px;\">\n<td style=\"height: 16px; width: 228px;\">Anleitung<\/td>\n<td style=\"height: 16px; width: 549px;\">Deutsch<br \/>\nEnglisch<\/td>\n<\/tr>\n<\/tbody>\n<\/table>\n<table class=\"w3-table w3-striped w3-bordered w3-border\" style=\"height: 39px;\" width=\"539\">\n<thead class=\"w3-teal\">\n<tr style=\"height: 23px;\">\n<th style=\"width: 230px; text-align: left; height: 23px;\">SOFTWARE<\/th>\n<th style=\"height: 23px; width: 548px;\"><\/th>\n<\/tr>\n<\/thead>\n<tbody>\n<tr style=\"height: 16px;\">\n<td style=\"height: 16px; width: 228px;\">Beispielsoftware<\/td>\n<td style=\"height: 16px; width: 549px;\">VB6, \t\t<a\t\t\t\thref=\"javascript:void(0)\"\r\n\t\t\t\tclass=\"sgpb-show-popup sgpb-popup-id-5140\"\r\n\t\tdata-sgpbpopupid=\"5140\"\r\n\t\tdata-popup-event=\"click\"\r\n\t\t>\r\n\t\t<span style=\"color: #5e7a0b\">VB.NET<\/span>\t\t<\/a>\r\n\t\t, C#, <span style=\"color: #5e7a0b;\">LabView<\/span>\/ ohne Installation<\/td>\n<\/tr>\n<tr>\n<td>API<\/td>\n<td>Entwickler-Tool\u00a0 (<span class=\"_Tgc\">Dynamic Link Library<\/span>)<\/td>\n<\/tr>\n<\/tbody>\n<\/table>\n<table class=\"w3-table w3-striped w3-bordered w3-border\">\n<thead class=\"w3-teal\">\n<tr>\n<th style=\"width: 234px; text-align: left;\">DATENBLATT<\/th>\n<th style=\"width: 543px;\"><\/th>\n<\/tr>\n<\/thead>\n<tbody>\n<tr>\n<td style=\"height: 16px; width: 234px;\">Ausg\u00e4nge 1 &#8211; 16<\/td>\n<td style=\"height: 16px; width: 543px;\"><a title=\"Datenblatt SIP REED Relais\" href=\"https:\/\/www.yamutec.de\/downloads\/pdf\/datasheet\/comusdatasheet.pdf\" target=\"_blank\" rel=\"noopener noreferrer\">SIP 1 Form A &#8211; 10 W molded dry reed relays<\/a><\/td>\n<\/tr>\n<\/tbody>\n<\/table>\n<\/div>\n<div class=\"w3-third\"><\/div>\n<\/div>\n\n\t\t<\/div>\n\t<\/div>\n<\/div><\/div><\/div><\/div>\n<\/div>","protected":false},"excerpt":{"rendered":"Ethernet hybrid module with 8 optocoupler inputs and 8 relay outputs for loads up to 10W. Item no.: 2004413 \u20ac. Prices plus VAT | plus shipping costs. Request a quote. Technical description - Yamutec\u00ae 8-way Ethernet hybrid module. The 8-channel Ethernet hybrid module has 8 optocouplers at the inputs and 8 relays at the outputs. Galvanic isolation optimally protects the control PC from overvoltages. Furthermore, the hybrid module can be connected to the network and the Internet via the 100\/10 Mbit interface.","protected":false},"author":4,"featured_media":6807,"parent":4546,"menu_order":0,"comment_status":"closed","ping_status":"closed","template":"","meta":{"footnotes":""},"class_list":["post-4968","page","type-page","status-publish","has-post-thumbnail","hentry","post-has-thumbnail"],"yoast_head":"<!-- This site is optimized with the Yoast SEO plugin v27.5 - https:\/\/yoast.com\/product\/yoast-seo-wordpress\/ -->\n<title>8-fach Ethernet Hybridmodul - Optokoppler &amp; Relais - EMV RoHS|Yamutec<\/title>\n<meta name=\"description\" content=\"8-fach Ethernet Hybridmodul f\u00fcr den industriellen Einsatz - 8 Optokoppler Eing\u00e4nge &amp; 8 Relais Ausg\u00e4nge auf einem Board vereint - 100\/10 Mbit Ethernet\" \/>\n<meta name=\"robots\" content=\"index, follow, max-snippet:-1, max-image-preview:large, max-video-preview:-1\" \/>\n<link rel=\"canonical\" href=\"https:\/\/www.yamutec.de\/en\/produkte\/ethernet-module\/eth-hybrid-8\/\" \/>\n<meta property=\"og:locale\" content=\"en_GB\" \/>\n<meta property=\"og:type\" content=\"article\" \/>\n<meta property=\"og:title\" content=\"8-fach Ethernet Hybridmodul - Optokoppler &amp; Relais - EMV RoHS|Yamutec\" \/>\n<meta property=\"og:description\" content=\"8-fach Ethernet Hybridmodul f\u00fcr den industriellen Einsatz - 8 Optokoppler Eing\u00e4nge &amp; 8 Relais Ausg\u00e4nge auf einem Board vereint - 100\/10 Mbit Ethernet\" \/>\n<meta property=\"og:url\" content=\"https:\/\/www.yamutec.de\/en\/produkte\/ethernet-module\/eth-hybrid-8\/\" \/>\n<meta property=\"og:site_name\" content=\"Yamutec\" \/>\n<meta property=\"article:modified_time\" content=\"2024-01-14T09:27:47+00:00\" \/>\n<meta name=\"twitter:card\" content=\"summary_large_image\" \/>\n<meta name=\"twitter:label1\" content=\"Estimated reading time\" \/>\n\t<meta name=\"twitter:data1\" content=\"4 minutes\" \/>\n<script type=\"application\/ld+json\" class=\"yoast-schema-graph\">{\"@context\":\"https:\\\/\\\/schema.org\",\"@graph\":[{\"@type\":\"WebPage\",\"@id\":\"https:\\\/\\\/www.yamutec.de\\\/produkte\\\/ethernet-module\\\/eth-hybrid-8\\\/\",\"url\":\"https:\\\/\\\/www.yamutec.de\\\/produkte\\\/ethernet-module\\\/eth-hybrid-8\\\/\",\"name\":\"8-fach Ethernet Hybridmodul - Optokoppler & Relais - EMV RoHS|Yamutec\",\"isPartOf\":{\"@id\":\"https:\\\/\\\/www.yamutec.de\\\/#website\"},\"primaryImageOfPage\":{\"@id\":\"https:\\\/\\\/www.yamutec.de\\\/produkte\\\/ethernet-module\\\/eth-hybrid-8\\\/#primaryimage\"},\"image\":{\"@id\":\"https:\\\/\\\/www.yamutec.de\\\/produkte\\\/ethernet-module\\\/eth-hybrid-8\\\/#primaryimage\"},\"thumbnailUrl\":\"https:\\\/\\\/www.yamutec.de\\\/wp-content\\\/uploads\\\/2023\\\/01\\\/placeholder.png\",\"datePublished\":\"2019-04-29T18:40:34+00:00\",\"dateModified\":\"2024-01-14T09:27:47+00:00\",\"description\":\"8-fach Ethernet Hybridmodul f\u00fcr den industriellen Einsatz - 8 Optokoppler Eing\u00e4nge & 8 Relais Ausg\u00e4nge auf einem Board vereint - 100\\\/10 Mbit Ethernet\",\"breadcrumb\":{\"@id\":\"https:\\\/\\\/www.yamutec.de\\\/produkte\\\/ethernet-module\\\/eth-hybrid-8\\\/#breadcrumb\"},\"inLanguage\":\"en-GB\",\"potentialAction\":[{\"@type\":\"ReadAction\",\"target\":[\"https:\\\/\\\/www.yamutec.de\\\/produkte\\\/ethernet-module\\\/eth-hybrid-8\\\/\"]}]},{\"@type\":\"ImageObject\",\"inLanguage\":\"en-GB\",\"@id\":\"https:\\\/\\\/www.yamutec.de\\\/produkte\\\/ethernet-module\\\/eth-hybrid-8\\\/#primaryimage\",\"url\":\"https:\\\/\\\/www.yamutec.de\\\/wp-content\\\/uploads\\\/2023\\\/01\\\/placeholder.png\",\"contentUrl\":\"https:\\\/\\\/www.yamutec.de\\\/wp-content\\\/uploads\\\/2023\\\/01\\\/placeholder.png\",\"width\":1339,\"height\":912},{\"@type\":\"BreadcrumbList\",\"@id\":\"https:\\\/\\\/www.yamutec.de\\\/produkte\\\/ethernet-module\\\/eth-hybrid-8\\\/#breadcrumb\",\"itemListElement\":[{\"@type\":\"ListItem\",\"position\":1,\"name\":\"Unsere Produkte im \u00dcberblick\",\"item\":\"https:\\\/\\\/www.yamutec.de\\\/produkte\\\/\"},{\"@type\":\"ListItem\",\"position\":2,\"name\":\"Ethernet Module\",\"item\":\"https:\\\/\\\/www.yamutec.de\\\/produkte\\\/ethernet-module\\\/\"},{\"@type\":\"ListItem\",\"position\":3,\"name\":\"8-fach Ethernet Hybridmodul\"}]},{\"@type\":\"WebSite\",\"@id\":\"https:\\\/\\\/www.yamutec.de\\\/#website\",\"url\":\"https:\\\/\\\/www.yamutec.de\\\/\",\"name\":\"Yamutec\",\"description\":\"smart switch systems\",\"publisher\":{\"@id\":\"https:\\\/\\\/www.yamutec.de\\\/#organization\"},\"potentialAction\":[{\"@type\":\"SearchAction\",\"target\":{\"@type\":\"EntryPoint\",\"urlTemplate\":\"https:\\\/\\\/www.yamutec.de\\\/?s={search_term_string}\"},\"query-input\":{\"@type\":\"PropertyValueSpecification\",\"valueRequired\":true,\"valueName\":\"search_term_string\"}}],\"inLanguage\":\"en-GB\"},{\"@type\":\"Organization\",\"@id\":\"https:\\\/\\\/www.yamutec.de\\\/#organization\",\"name\":\"Yamutec\",\"url\":\"https:\\\/\\\/www.yamutec.de\\\/\",\"logo\":{\"@type\":\"ImageObject\",\"inLanguage\":\"en-GB\",\"@id\":\"https:\\\/\\\/www.yamutec.de\\\/#\\\/schema\\\/logo\\\/image\\\/\",\"url\":\"https:\\\/\\\/www.yamutec.de\\\/wp-content\\\/uploads\\\/2017\\\/04\\\/logo-1.png\",\"contentUrl\":\"https:\\\/\\\/www.yamutec.de\\\/wp-content\\\/uploads\\\/2017\\\/04\\\/logo-1.png\",\"width\":313,\"height\":90,\"caption\":\"Yamutec\"},\"image\":{\"@id\":\"https:\\\/\\\/www.yamutec.de\\\/#\\\/schema\\\/logo\\\/image\\\/\"}}]}<\/script>\n<!-- \/ Yoast SEO plugin. -->","yoast_head_json":{"title":"8-fach Ethernet Hybridmodul - Optokoppler & Relais - EMV RoHS|Yamutec","description":"8-fach Ethernet Hybridmodul f\u00fcr den industriellen Einsatz - 8 Optokoppler Eing\u00e4nge & 8 Relais Ausg\u00e4nge auf einem Board vereint - 100\/10 Mbit Ethernet","robots":{"index":"index","follow":"follow","max-snippet":"max-snippet:-1","max-image-preview":"max-image-preview:large","max-video-preview":"max-video-preview:-1"},"canonical":"https:\/\/www.yamutec.de\/en\/produkte\/ethernet-module\/eth-hybrid-8\/","og_locale":"en_GB","og_type":"article","og_title":"8-fach Ethernet Hybridmodul - Optokoppler & Relais - EMV RoHS|Yamutec","og_description":"8-fach Ethernet Hybridmodul f\u00fcr den industriellen Einsatz - 8 Optokoppler Eing\u00e4nge & 8 Relais Ausg\u00e4nge auf einem Board vereint - 100\/10 Mbit Ethernet","og_url":"https:\/\/www.yamutec.de\/en\/produkte\/ethernet-module\/eth-hybrid-8\/","og_site_name":"Yamutec","article_modified_time":"2024-01-14T09:27:47+00:00","twitter_card":"summary_large_image","twitter_misc":{"Estimated reading time":"4 minutes"},"schema":{"@context":"https:\/\/schema.org","@graph":[{"@type":"WebPage","@id":"https:\/\/www.yamutec.de\/produkte\/ethernet-module\/eth-hybrid-8\/","url":"https:\/\/www.yamutec.de\/produkte\/ethernet-module\/eth-hybrid-8\/","name":"8-fach Ethernet Hybridmodul - Optokoppler & Relais - EMV RoHS|Yamutec","isPartOf":{"@id":"https:\/\/www.yamutec.de\/#website"},"primaryImageOfPage":{"@id":"https:\/\/www.yamutec.de\/produkte\/ethernet-module\/eth-hybrid-8\/#primaryimage"},"image":{"@id":"https:\/\/www.yamutec.de\/produkte\/ethernet-module\/eth-hybrid-8\/#primaryimage"},"thumbnailUrl":"https:\/\/www.yamutec.de\/wp-content\/uploads\/2023\/01\/placeholder.png","datePublished":"2019-04-29T18:40:34+00:00","dateModified":"2024-01-14T09:27:47+00:00","description":"8-fach Ethernet Hybridmodul f\u00fcr den industriellen Einsatz - 8 Optokoppler Eing\u00e4nge & 8 Relais Ausg\u00e4nge auf einem Board vereint - 100\/10 Mbit Ethernet","breadcrumb":{"@id":"https:\/\/www.yamutec.de\/produkte\/ethernet-module\/eth-hybrid-8\/#breadcrumb"},"inLanguage":"en-GB","potentialAction":[{"@type":"ReadAction","target":["https:\/\/www.yamutec.de\/produkte\/ethernet-module\/eth-hybrid-8\/"]}]},{"@type":"ImageObject","inLanguage":"en-GB","@id":"https:\/\/www.yamutec.de\/produkte\/ethernet-module\/eth-hybrid-8\/#primaryimage","url":"https:\/\/www.yamutec.de\/wp-content\/uploads\/2023\/01\/placeholder.png","contentUrl":"https:\/\/www.yamutec.de\/wp-content\/uploads\/2023\/01\/placeholder.png","width":1339,"height":912},{"@type":"BreadcrumbList","@id":"https:\/\/www.yamutec.de\/produkte\/ethernet-module\/eth-hybrid-8\/#breadcrumb","itemListElement":[{"@type":"ListItem","position":1,"name":"Unsere Produkte im \u00dcberblick","item":"https:\/\/www.yamutec.de\/produkte\/"},{"@type":"ListItem","position":2,"name":"Ethernet Module","item":"https:\/\/www.yamutec.de\/produkte\/ethernet-module\/"},{"@type":"ListItem","position":3,"name":"8-fach Ethernet Hybridmodul"}]},{"@type":"WebSite","@id":"https:\/\/www.yamutec.de\/#website","url":"https:\/\/www.yamutec.de\/","name":"Yamutec","description":"smart switch systems","publisher":{"@id":"https:\/\/www.yamutec.de\/#organization"},"potentialAction":[{"@type":"SearchAction","target":{"@type":"EntryPoint","urlTemplate":"https:\/\/www.yamutec.de\/?s={search_term_string}"},"query-input":{"@type":"PropertyValueSpecification","valueRequired":true,"valueName":"search_term_string"}}],"inLanguage":"en-GB"},{"@type":"Organization","@id":"https:\/\/www.yamutec.de\/#organization","name":"Yamutec","url":"https:\/\/www.yamutec.de\/","logo":{"@type":"ImageObject","inLanguage":"en-GB","@id":"https:\/\/www.yamutec.de\/#\/schema\/logo\/image\/","url":"https:\/\/www.yamutec.de\/wp-content\/uploads\/2017\/04\/logo-1.png","contentUrl":"https:\/\/www.yamutec.de\/wp-content\/uploads\/2017\/04\/logo-1.png","width":313,"height":90,"caption":"Yamutec"},"image":{"@id":"https:\/\/www.yamutec.de\/#\/schema\/logo\/image\/"}}]}},"post_mailing_queue_ids":[],"_links":{"self":[{"href":"https:\/\/www.yamutec.de\/en\/wp-json\/wp\/v2\/pages\/4968","targetHints":{"allow":["GET"]}}],"collection":[{"href":"https:\/\/www.yamutec.de\/en\/wp-json\/wp\/v2\/pages"}],"about":[{"href":"https:\/\/www.yamutec.de\/en\/wp-json\/wp\/v2\/types\/page"}],"author":[{"embeddable":true,"href":"https:\/\/www.yamutec.de\/en\/wp-json\/wp\/v2\/users\/4"}],"replies":[{"embeddable":true,"href":"https:\/\/www.yamutec.de\/en\/wp-json\/wp\/v2\/comments?post=4968"}],"version-history":[{"count":18,"href":"https:\/\/www.yamutec.de\/en\/wp-json\/wp\/v2\/pages\/4968\/revisions"}],"predecessor-version":[{"id":7732,"href":"https:\/\/www.yamutec.de\/en\/wp-json\/wp\/v2\/pages\/4968\/revisions\/7732"}],"up":[{"embeddable":true,"href":"https:\/\/www.yamutec.de\/en\/wp-json\/wp\/v2\/pages\/4546"}],"wp:featuredmedia":[{"embeddable":true,"href":"https:\/\/www.yamutec.de\/en\/wp-json\/wp\/v2\/media\/6807"}],"wp:attachment":[{"href":"https:\/\/www.yamutec.de\/en\/wp-json\/wp\/v2\/media?parent=4968"}],"curies":[{"name":"wp","href":"https:\/\/api.w.org\/{rel}","templated":true}]}}