{"id":4977,"date":"2019-04-30T13:42:27","date_gmt":"2019-04-30T11:42:27","guid":{"rendered":"https:\/\/www.yamutec.de\/?page_id=4977"},"modified":"2024-01-14T11:28:08","modified_gmt":"2024-01-14T09:28:08","slug":"eth-hybrid-8-3a","status":"publish","type":"page","link":"https:\/\/www.yamutec.de\/en\/produkte\/ethernet-module\/eth-hybrid-8-3a\/","title":{"rendered":"3A 8-way Ethernet hybrid card"},"content":{"rendered":"<div class=\"wpb-content-wrapper\"><div class=\"vc_row wpb_row vc_row-fluid vc_custom_1493362274650\"><div class=\"wpb_column vc_column_container vc_col-sm-6\"><div class=\"vc_column-inner\"><div class=\"wpb_wrapper\">\n\t<div  class=\"wpb_single_image wpb_content_element vc_align_center\">\n\t\t\n\t\t<figure class=\"wpb_wrapper vc_figure\">\n\t\t\t<a class=\"\" data-lightbox=\"lightbox[rel-4977-756578334]\" href=\"https:\/\/www.yamutec.de\/wp-content\/uploads\/2022\/05\/eth16_hybrit8.png\" target=\"_self\" class=\"vc_single_image-wrapper   vc_box_border_grey\"><img loading=\"lazy\" decoding=\"async\" width=\"300\" height=\"264\" src=\"https:\/\/www.yamutec.de\/wp-content\/uploads\/2022\/05\/eth16_hybrit8-300x264.png\" class=\"vc_single_image-img attachment-medium\" alt=\"\" title=\"\" srcset=\"https:\/\/www.yamutec.de\/wp-content\/uploads\/2022\/05\/eth16_hybrit8-300x264.png 300w, https:\/\/www.yamutec.de\/wp-content\/uploads\/2022\/05\/eth16_hybrit8-50x44.png 50w, https:\/\/www.yamutec.de\/wp-content\/uploads\/2022\/05\/eth16_hybrit8-600x527.png 600w, https:\/\/www.yamutec.de\/wp-content\/uploads\/2022\/05\/eth16_hybrit8.png 700w\" sizes=\"auto, (max-width: 300px) 100vw, 300px\" \/><\/a>\n\t\t<\/figure>\n\t<\/div>\n<div class=\"vc_empty_space\"   style=\"height: 0px\"><span class=\"vc_empty_space_inner\"><\/span><\/div><\/div><\/div><\/div><div class=\"wpb_column vc_column_container vc_col-sm-6\"><div class=\"vc_column-inner\"><div class=\"wpb_wrapper\">\n\t<div class=\"wpb_text_column wpb_content_element \" >\n\t\t<div class=\"wpb_wrapper\">\n\t\t\t<h2>Ethernet Hybrid Karte f\u00fcr Lasten bis 3A<\/h2>\n<div>Art.-Nr.: 2197928<\/div>\n\n\t\t<\/div>\n\t<\/div>\n\n\t<div class=\"wpb_text_column wpb_content_element \" >\n\t\t<div class=\"wpb_wrapper\">\n\t\t\t<p><span style=\"color: #5e7a0b; font-size: 28px;\"> \u20ac <\/span><span style=\"font-size: 12px;\">Preise zzgl. gesetzl. MwSt. | <a href=\"#\" class=\"uji-pop-link versandkosten\"> <span style=\"font-size: small;\">zzgl. Versandkosten<\/span><\/a><br \/>\nLieferung in 2-3 Werktagen<\/span><\/p>\n\n\t\t<\/div>\n\t<\/div>\n<div class=\"vc_row wpb_row vc_inner vc_row-fluid\"><div class=\"wpb_column vc_column_container vc_col-sm-4\"><div class=\"vc_column-inner\"><div class=\"wpb_wrapper\"><div class=\"vc_btn3-container vc_btn3-inline\" ><a class=\"vc_general vc_btn3 vc_btn3-size-sm vc_btn3-shape-rounded vc_btn3-style-modern vc_btn3-icon-left vc_btn3-color-grey\" href=\"http:\/\/www.yamutec.de\/angebotsanfrage\/\" title=\"\"><i class=\"vc_btn3-icon entypo-icon entypo-icon-doc-text\"><\/i> Angebot anfordern<\/a><\/div><\/div><\/div><\/div><div class=\"wpb_column vc_column_container vc_col-sm-4\"><div class=\"vc_column-inner\"><div class=\"wpb_wrapper\"><\/div><\/div><\/div><\/div><\/div><\/div><\/div><\/div><div class=\"vc_row wpb_row vc_row-fluid\"><div class=\"wpb_column vc_column_container vc_col-sm-6\"><div class=\"vc_column-inner\"><div class=\"wpb_wrapper\">\n\t<div class=\"wpb_text_column wpb_content_element \" >\n\t\t<div class=\"wpb_wrapper\">\n\t\t\t<div class=\"w3-third\">\n<h2>Technische Beschreibung &#8211; Yamutec\u00ae 3A 8-fach Ethernet Hybrid Karte<\/h2>\n<p>Wenn Sie mit Ihrem Steuer- und Regelkreis Lasten von bis zu 90 Watt schalten m\u00f6chten, dann ist unsere 3A 8-fach Ethernet Hybrid Karte genau das richtige f\u00fcr Ihre Projekt. Die 8 Optokoppler Eing\u00e4nge des Moduls k\u00f6nnen Signalspannungen von 3V bis 30V, bei einem maximalen Eingangsstrom von 10mA, erfassen. Dabei profitieren Sie von der hervorragenden Signalverarbeitung der Optokoppler, die Eingangssignale auch in sehr hoher Frequenz zuverl\u00e4ssig erkennen.<\/p>\n<p>An den Ausg\u00e4ngen des Hybridmoduls befinden sich 8 Relais der Serie PCN, die f\u00fcr eine zuverl\u00e4ssige galvansiche Trennung von Last- und Steuerkreis sorgen. Die Stromversorgung der Hybridkarte wird mit einer steckbaren Schraubklemme realisiert und es m\u00fcssen 7V bis 24V DC angelegt werden. Als Schnittstelle haben wir f\u00fcr das Modul einen 100\/10 Mbit Ethernet Anschluss gew\u00e4hlt. Dieser erlaubt schnelle Daten\u00fcbertragungsraten sowie einen einfachen Anschluss an das Firmennetzwerk sowie das Internet.<\/p>\n<\/div>\n\n\t\t<\/div>\n\t<\/div>\n<div class=\"vc_row wpb_row vc_inner vc_row-fluid\"><div class=\"wpb_column vc_column_container vc_col-sm-4\"><div class=\"vc_column-inner\"><div class=\"wpb_wrapper\">\n\t<div  class=\"wpb_single_image wpb_content_element vc_align_left\">\n\t\t\n\t\t<figure class=\"wpb_wrapper vc_figure\">\n\t\t\t<div class=\"vc_single_image-wrapper   vc_box_border_grey\"><img loading=\"lazy\" decoding=\"async\" width=\"300\" height=\"268\" src=\"https:\/\/www.yamutec.de\/wp-content\/uploads\/2019\/03\/app05-300x268.png\" class=\"vc_single_image-img attachment-medium\" alt=\"\" title=\"\" srcset=\"https:\/\/www.yamutec.de\/wp-content\/uploads\/2019\/03\/app05-300x268.png 300w, https:\/\/www.yamutec.de\/wp-content\/uploads\/2019\/03\/app05-768x686.png 768w, https:\/\/www.yamutec.de\/wp-content\/uploads\/2019\/03\/app05-1024x914.png 1024w, https:\/\/www.yamutec.de\/wp-content\/uploads\/2019\/03\/app05-50x45.png 50w, https:\/\/www.yamutec.de\/wp-content\/uploads\/2019\/03\/app05-600x536.png 600w, https:\/\/www.yamutec.de\/wp-content\/uploads\/2019\/03\/app05.png 1616w\" sizes=\"auto, (max-width: 300px) 100vw, 300px\" \/><\/div>\n\t\t<\/figure>\n\t<\/div>\n<\/div><\/div><\/div><div class=\"wpb_column vc_column_container vc_col-sm-8\"><div class=\"vc_column-inner\"><div class=\"wpb_wrapper\">\n\t<div class=\"wpb_text_column wpb_content_element \" >\n\t\t<div class=\"wpb_wrapper\">\n\t\t\t<!-- WP-Appbox (Version: 4.5.10 \/\/ Store: googleplay \/\/ ID: yamutec.app) -->\n<div class=\"wpappbox wpappbox-3d1fed1885b82c080baab4569295fea5 googleplay colorful compact\">\n\t<div class=\"appicon\">\n\t\t<a target=\"_blank\" rel=\"nofollow\" href=\"https:\/\/play.google.com\/store\/apps\/details?id=yamutec.app\"><img decoding=\"async\" src=\"\/\/play-lh.googleusercontent.com\/JQ-Xa8w18o9xXFQ0pFGxGLOpH22FoHtfZP16UOKxubsxUhs3Y17zBBR3a4Wv6Ro-p5U=s128-h480\" alt=\"Yamutec I\/O Remote\" \/><\/a>\n\t<\/div>\n\t<a target=\"_blank\" rel=\"nofollow\" class=\"applinks\" href=\"https:\/\/play.google.com\/store\/apps\/details?id=yamutec.app\"><\/a>\n\t<div class=\"appdetails\">\n\t\t<div class=\"apptitle\"><a target=\"_blank\" rel=\"nofollow\" href=\"https:\/\/play.google.com\/store\/apps\/details?id=yamutec.app\" class=\"apptitle\">Yamutec I\/O Remote<\/a><\/div>\n\t\t<div class=\"price\">\n\t\t\t<span class=\"label\">Price: <\/span>\n\t\t\t<span class=\"value\">Free<\/span> \n\t\t\t<span class=\"rating\"><div title=\"5 of 5 stars\" class=\"rating-stars stars-colorful stars50\"><\/div><\/span>\n\t\t<\/div>\n\t<\/div>\n<\/div><!-- \/WP-Appbox -->\n\n\t\t<\/div>\n\t<\/div>\n\n\t<div class=\"wpb_text_column wpb_content_element \" >\n\t\t<div class=\"wpb_wrapper\">\n\t\t\t<p><a title=\"Yamutec App Information\" href=\"https:\/\/www.yamutec.de\/remoteapp\/\">Yamutec I\/O Remote weitere Informationen<\/a><\/p>\n\n\t\t<\/div>\n\t<\/div>\n<\/div><\/div><\/div><\/div><div class=\"vc_row wpb_row vc_inner vc_row-fluid\"><div class=\"wpb_column vc_column_container vc_col-sm-12\"><div class=\"vc_column-inner\"><div class=\"wpb_wrapper\">\n\t<div class=\"wpb_text_column wpb_content_element \" >\n\t\t<div class=\"wpb_wrapper\">\n\t\t\t<div class=\"w3-third\">\n<h3 class=\"h3style\">Anwendungsbereich der Hybridmodul von Yamutec<\/h3>\n<p>Unsere Hybrid Karten kommen \u00fcberall dort zum Einsatz, wo Sie Lasten st\u00f6rungsfrei schalten m\u00f6chten und Ihre Ger\u00e4te vor \u00dcberspannungen oder Transienten sch\u00fctzten m\u00fcssen. Die Optokoppler realisieren eine zuverl\u00e4ssige und sehr schnelle Erfassung von Eingangssignalen. \u00dcber die 8 Relais am Ausgang k\u00f6nnen Sie sicher und kosteng\u00fcnstig Lasten schalten. Zudem profitieren Sie von dem Timeout-Schutz an den Ausg\u00e4ngen, welcher die Relais im St\u00f6rfall sofort ein- bzw. ausschaltet.<\/p>\n<p>Unsere Module halten die RoHS sowie die EMV ein. Sie sind somit perfekt f\u00fcr den industriellen Einsatz gewappnet. In dem robusten Aluminiumgeh\u00e4use ist die Elektronik sehr gut vor dem rauen Umfeld einer Produktionshalle gesch\u00fctzt und kann zudem leicht auf einer DIN-Hutschiene montiert werden.<\/p>\n<p>\u00dcber die 100\/10 Mbit Ethnernet Schnittstelle l\u00e4sst sich das Modul leicht mit dem Internet verbinden. Dies erlaubt eine leichte Fernwartung und -\u00fcberwachung, was besonders f\u00fcr externe Dienstleistungen oder schnelles Handeln im Notfall wichtig ist. \u00dcber unser Yamutec I\/O Remote App k\u00f6nnen Sie die Zust\u00e4nde der Ausg\u00e4nge einsehen und ver\u00e4ndern.<\/p>\n<p>Signalerfassung und -verst\u00e4rkung f\u00fcr industrielle Prozesse und in Forschungslaboren mit unserer 3A 8-fach Ethernet Hybrid Karte &#8211; <a href=\"https:\/\/www.yamutec.de\/angebotsanfrage\/\">jetzt ein Angebot anfordern<\/a>! Wir haben auch <a href=\"https:\/\/www.yamutec.de\/produkte\/ethernet-module\/eth-hybrid-16-3a\/\">ETH 16 Hybridmodule f\u00fcr Lastkreise bis zu 3A<\/a> im Sortiment!<\/p>\n<\/div>\n\n\t\t<\/div>\n\t<\/div>\n<\/div><\/div><\/div><\/div><\/div><\/div><\/div><div class=\"wpb_column vc_column_container vc_col-sm-6\"><div class=\"vc_column-inner\"><div class=\"wpb_wrapper\">\n\t<div class=\"wpb_text_column wpb_content_element \" >\n\t\t<div class=\"wpb_wrapper\">\n\t\t\t<div class=\"w3-row-padding \">\n<div class=\"w3-twothird\">\n<h2>Technische Daten<\/h2>\n<table class=\"w3-table w3-striped w3-bordered w3-border\" style=\"height: 521px;\">\n<thead class=\"w3-teal\">\n<tr style=\"height: 23px;\">\n<th style=\"width: 228px; text-align: left; height: 23px;\">ETHERNET INTERFACE<\/th>\n<th style=\"height: 23px; width: 549px;\"><\/th>\n<\/tr>\n<\/thead>\n<tbody>\n<tr style=\"height: 46px;\">\n<td style=\"width: 228px; height: 10px;\">Versorgungsspannung<\/td>\n<td style=\"height: 10px; width: 549px;\">Extern 7V bis 24V DC \u00fcber steckbare Schraubklemme<\/td>\n<\/tr>\n<tr style=\"height: 23px;\">\n<td style=\"width: 228px; height: 23px;\">Schnittstelle<\/td>\n<td style=\"height: 23px; width: 549px;\">100\/10 Mbit Ethernet (galvanisch getrennt)<br \/>\nIP-Adresse kann statisch vergeben oder \u00fcber DHCP bezogen werden<\/td>\n<\/tr>\n<tr style=\"height: 10px;\">\n<td style=\"height: 10px; width: 228px;\">Kontroll-LEDs<\/td>\n<td style=\"height: 10px; width: 549px;\">Interne 5V Versorgungsspannung (gr\u00fcn LED)<br \/>\nInterface-Aktivit\u00e4t (gr\u00fcn LED)<br \/>\nTimout Abschaltung (orange LED)<br \/>\nI\/O Aktivit\u00e4t (blau LED)<br \/>\nFehlermeldung (rot LED)<\/td>\n<\/tr>\n<tr style=\"height: 23px;\">\n<th style=\"width: 228px; text-align: left; height: 23px;\">AUSG\u00c4NGE<\/th>\n<th style=\"height: 23px; width: 549px;\"><\/th>\n<\/tr>\n<tr style=\"height: 138px;\">\n<td style=\"height: 138px; width: 228px;\">Klemme 1 &#8211; 8<\/td>\n<td style=\"height: 138px; width: 549px;\">8 Relais Ausg\u00e4nge,<br \/>\nGalvanisch getrennt \u00fcber Relais<br \/>\nMax. Schaltspannung: 30V AC \/ 30V DC<br \/>\nMax. Schaltstrom: 3A AC \/ 3A DC<br \/>\nMax. Transportstrom: 3A AC \/ 3A DC<br \/>\nMax. Schaltleistung: 90W<br \/>\nSchaltzeit: &lt; 1 ms<\/td>\n<\/tr>\n<tr style=\"height: 23px;\">\n<td style=\"height: 23px; width: 228px;\">Timeout-Funktion<\/td>\n<td style=\"height: 23px; width: 549px;\">W\u00e4hlbarer Timeout-Schutz, wenn das Modul nicht erreichbar ist.\u00a0z.B. bei Software Crash\u00a0(Ausg\u00e4nge sind individuell w\u00e4hlbar)<\/td>\n<\/tr>\n<tr style=\"height: 69px;\">\n<td style=\"height: 69px; width: 228px;\">Steckverbinder<\/td>\n<td style=\"height: 69px; width: 549px;\">2-reihige MULTI CONNECTION SYSTEM<br \/>\n100% fehlsteckgesch\u00fctzt<br \/>\nKodierbar durch Abschneiden der Kodiernasen<\/td>\n<\/tr>\n<tr style=\"height: 23px;\">\n<th style=\"width: 228px; text-align: left; height: 23px;\">EING\u00c4NGE<\/th>\n<th style=\"height: 23px; width: 549px;\"><\/th>\n<\/tr>\n<tr style=\"height: 138px;\">\n<td style=\"height: 64px; width: 228px;\">Klemme 9 &#8211; 16<\/td>\n<td style=\"height: 64px; width: 549px;\">8 Optokoppler Eing\u00e4nge<br \/>\n3V &#8211; 30V AC\/DC Signalspannung<br \/>\nIsolationsspannung: 2,5KV AC f\u00fcr 1 Minute<br \/>\nMaximaler Eingangsstrom: 10mA<\/td>\n<\/tr>\n<tr style=\"height: 69px;\">\n<td style=\"height: 69px; width: 228px;\">Steckverbinder<\/td>\n<td style=\"height: 69px; width: 549px;\">2-reihige MULTI CONNECTION SYSTEM<br \/>\n100% fehlsteckgesch\u00fctzt<br \/>\nKodierbar durch Abschneiden der Kodiernasen<\/td>\n<\/tr>\n<tr style=\"height: 23px;\">\n<th style=\"width: 228px; text-align: left; height: 23px;\">DIMENSION<\/th>\n<th style=\"height: 23px; width: 549px;\"><\/th>\n<\/tr>\n<tr style=\"height: 23px;\">\n<td style=\"height: 23px; width: 228px;\">Abmessungen<br \/>\nGewicht<\/td>\n<td style=\"height: 23px; width: 549px;\">135 mm x 105 mm x 74.5 mm (L x W x H)<br \/>\n490 g<\/td>\n<\/tr>\n<\/tbody>\n<\/table>\n<h2>Downloads<\/h2>\n<table class=\"w3-table w3-striped w3-bordered w3-border\">\n<thead class=\"w3-teal\">\n<tr>\n<th style=\"width: 230px; text-align: left;\">HANDBUCH<\/th>\n<th style=\"width: 547px;\"><\/th>\n<\/tr>\n<\/thead>\n<tbody>\n<tr style=\"height: 16px;\">\n<td style=\"height: 16px; width: 228px;\">Anleitung<\/td>\n<td style=\"height: 16px; width: 549px;\">Deutsch<br \/>\nEnglisch<\/td>\n<\/tr>\n<\/tbody>\n<\/table>\n<table class=\"w3-table w3-striped w3-bordered w3-border\" style=\"height: 39px;\" width=\"539\">\n<thead class=\"w3-teal\">\n<tr style=\"height: 23px;\">\n<th style=\"width: 230px; text-align: left; height: 23px;\">SOFTWARE<\/th>\n<th style=\"height: 23px; width: 548px;\"><\/th>\n<\/tr>\n<\/thead>\n<tbody>\n<tr style=\"height: 16px;\">\n<td style=\"height: 16px; width: 228px;\">Beispielsoftware<\/td>\n<td style=\"height: 16px; width: 549px;\">VB6, \t\t<a\t\t\t\thref=\"javascript:void(0)\"\r\n\t\t\t\tclass=\"sgpb-show-popup sgpb-popup-id-5140\"\r\n\t\tdata-sgpbpopupid=\"5140\"\r\n\t\tdata-popup-event=\"click\"\r\n\t\t>\r\n\t\t<span style=\"color: #5e7a0b\">VB.NET<\/span>\t\t<\/a>\r\n\t\t, C#, <span style=\"color: #5e7a0b;\">LabView<\/span>\u00a0\/ ohne Installation<\/td>\n<\/tr>\n<tr>\n<td>API<\/td>\n<td><a href=\"https:\/\/www.yamutec.de\/downloads\/api\/YMLib.zip\">Entwickler-Tool<\/a>\u00a0 (<span class=\"_Tgc\">Dynamic Link Library<\/span>)<\/td>\n<\/tr>\n<\/tbody>\n<\/table>\n<table class=\"w3-table w3-striped w3-bordered w3-border\">\n<thead class=\"w3-teal\">\n<tr>\n<th style=\"width: 234px; text-align: left;\">DATENBLATT<\/th>\n<th style=\"width: 543px;\"><\/th>\n<\/tr>\n<\/thead>\n<tbody>\n<tr>\n<td style=\"height: 16px; width: 234px;\">Ausg\u00e4nge 1 &#8211; 16<\/td>\n<td style=\"height: 16px; width: 543px;\"><a title=\"Datenblatt SIP REED Relais\" href=\"https:\/\/www.yamutec.de\/downloads\/pdf\/datasheet\/pcndatasheet.pdf\" target=\"_blank\" rel=\"noopener noreferrer\">Slimline Low Power PCB Relay PCN<\/a><\/td>\n<\/tr>\n<\/tbody>\n<\/table>\n<\/div>\n<div class=\"w3-third\"><\/div>\n<\/div>\n\n\t\t<\/div>\n\t<\/div>\n<\/div><\/div><\/div><\/div>\n<\/div>","protected":false},"excerpt":{"rendered":"Ethernet hybrid card for loads up to 3A Item no.: 2197928 \u20ac Prices plus statutory VAT | plus shipping costs Delivery in 2-3 working days Request a quote Technical description - Yamutec\u00ae 3A 8-way Ethernet hybrid card If you want to switch loads of up to 90 watts with your control and regulation circuit, then our 3A 8-way Ethernet hybrid card is exactly the right thing for your project. The module&#039;s 8 optocoupler inputs can record signal voltages from 3V to 30V, with a maximum input current of 10mA.\u2026","protected":false},"author":4,"featured_media":6807,"parent":4546,"menu_order":0,"comment_status":"closed","ping_status":"closed","template":"","meta":{"footnotes":""},"class_list":["post-4977","page","type-page","status-publish","has-post-thumbnail","hentry","post-has-thumbnail"],"yoast_head":"<!-- This site is optimized with the Yoast SEO plugin v27.5 - https:\/\/yoast.com\/product\/yoast-seo-wordpress\/ -->\n<title>3A 8-fach Ethernet Hybrid Karte f\u00fcr industrielle Anwendung | Yamutec<\/title>\n<meta name=\"description\" content=\"8-fach Ethernet Hybrid Karte f\u00fcr Lasten bis 3A - 8 Optokoppler Eing\u00e4nge &amp; 8 Relais Ausg\u00e4nge - 100\/10 Mbit Ethernet - Fernwartung per Yamutec I\/O Remote App\" \/>\n<meta name=\"robots\" content=\"index, follow, max-snippet:-1, max-image-preview:large, max-video-preview:-1\" \/>\n<link rel=\"canonical\" href=\"https:\/\/www.yamutec.de\/en\/produkte\/ethernet-module\/eth-hybrid-8-3a\/\" \/>\n<meta property=\"og:locale\" content=\"en_GB\" \/>\n<meta property=\"og:type\" content=\"article\" \/>\n<meta property=\"og:title\" content=\"3A 8-fach Ethernet Hybrid Karte f\u00fcr industrielle Anwendung | Yamutec\" \/>\n<meta property=\"og:description\" content=\"8-fach Ethernet Hybrid Karte f\u00fcr Lasten bis 3A - 8 Optokoppler Eing\u00e4nge &amp; 8 Relais Ausg\u00e4nge - 100\/10 Mbit Ethernet - Fernwartung per Yamutec I\/O Remote App\" \/>\n<meta property=\"og:url\" content=\"https:\/\/www.yamutec.de\/en\/produkte\/ethernet-module\/eth-hybrid-8-3a\/\" \/>\n<meta property=\"og:site_name\" content=\"Yamutec\" \/>\n<meta property=\"article:modified_time\" content=\"2024-01-14T09:28:08+00:00\" \/>\n<meta name=\"twitter:card\" content=\"summary_large_image\" \/>\n<meta name=\"twitter:label1\" content=\"Estimated reading time\" \/>\n\t<meta name=\"twitter:data1\" content=\"4 minutes\" \/>\n<script type=\"application\/ld+json\" class=\"yoast-schema-graph\">{\"@context\":\"https:\\\/\\\/schema.org\",\"@graph\":[{\"@type\":\"WebPage\",\"@id\":\"https:\\\/\\\/www.yamutec.de\\\/produkte\\\/ethernet-module\\\/eth-hybrid-8-3a\\\/\",\"url\":\"https:\\\/\\\/www.yamutec.de\\\/produkte\\\/ethernet-module\\\/eth-hybrid-8-3a\\\/\",\"name\":\"3A 8-fach Ethernet Hybrid Karte f\u00fcr industrielle Anwendung | Yamutec\",\"isPartOf\":{\"@id\":\"https:\\\/\\\/www.yamutec.de\\\/#website\"},\"primaryImageOfPage\":{\"@id\":\"https:\\\/\\\/www.yamutec.de\\\/produkte\\\/ethernet-module\\\/eth-hybrid-8-3a\\\/#primaryimage\"},\"image\":{\"@id\":\"https:\\\/\\\/www.yamutec.de\\\/produkte\\\/ethernet-module\\\/eth-hybrid-8-3a\\\/#primaryimage\"},\"thumbnailUrl\":\"https:\\\/\\\/www.yamutec.de\\\/wp-content\\\/uploads\\\/2023\\\/01\\\/placeholder.png\",\"datePublished\":\"2019-04-30T11:42:27+00:00\",\"dateModified\":\"2024-01-14T09:28:08+00:00\",\"description\":\"8-fach Ethernet Hybrid Karte f\u00fcr Lasten bis 3A - 8 Optokoppler Eing\u00e4nge & 8 Relais Ausg\u00e4nge - 100\\\/10 Mbit Ethernet - Fernwartung per Yamutec I\\\/O Remote App\",\"breadcrumb\":{\"@id\":\"https:\\\/\\\/www.yamutec.de\\\/produkte\\\/ethernet-module\\\/eth-hybrid-8-3a\\\/#breadcrumb\"},\"inLanguage\":\"en-GB\",\"potentialAction\":[{\"@type\":\"ReadAction\",\"target\":[\"https:\\\/\\\/www.yamutec.de\\\/produkte\\\/ethernet-module\\\/eth-hybrid-8-3a\\\/\"]}]},{\"@type\":\"ImageObject\",\"inLanguage\":\"en-GB\",\"@id\":\"https:\\\/\\\/www.yamutec.de\\\/produkte\\\/ethernet-module\\\/eth-hybrid-8-3a\\\/#primaryimage\",\"url\":\"https:\\\/\\\/www.yamutec.de\\\/wp-content\\\/uploads\\\/2023\\\/01\\\/placeholder.png\",\"contentUrl\":\"https:\\\/\\\/www.yamutec.de\\\/wp-content\\\/uploads\\\/2023\\\/01\\\/placeholder.png\",\"width\":1339,\"height\":912},{\"@type\":\"BreadcrumbList\",\"@id\":\"https:\\\/\\\/www.yamutec.de\\\/produkte\\\/ethernet-module\\\/eth-hybrid-8-3a\\\/#breadcrumb\",\"itemListElement\":[{\"@type\":\"ListItem\",\"position\":1,\"name\":\"Unsere Produkte im \u00dcberblick\",\"item\":\"https:\\\/\\\/www.yamutec.de\\\/produkte\\\/\"},{\"@type\":\"ListItem\",\"position\":2,\"name\":\"Ethernet Module\",\"item\":\"https:\\\/\\\/www.yamutec.de\\\/produkte\\\/ethernet-module\\\/\"},{\"@type\":\"ListItem\",\"position\":3,\"name\":\"3A 8-fach Ethernet Hybrid Karte\"}]},{\"@type\":\"WebSite\",\"@id\":\"https:\\\/\\\/www.yamutec.de\\\/#website\",\"url\":\"https:\\\/\\\/www.yamutec.de\\\/\",\"name\":\"Yamutec\",\"description\":\"smart switch systems\",\"publisher\":{\"@id\":\"https:\\\/\\\/www.yamutec.de\\\/#organization\"},\"potentialAction\":[{\"@type\":\"SearchAction\",\"target\":{\"@type\":\"EntryPoint\",\"urlTemplate\":\"https:\\\/\\\/www.yamutec.de\\\/?s={search_term_string}\"},\"query-input\":{\"@type\":\"PropertyValueSpecification\",\"valueRequired\":true,\"valueName\":\"search_term_string\"}}],\"inLanguage\":\"en-GB\"},{\"@type\":\"Organization\",\"@id\":\"https:\\\/\\\/www.yamutec.de\\\/#organization\",\"name\":\"Yamutec\",\"url\":\"https:\\\/\\\/www.yamutec.de\\\/\",\"logo\":{\"@type\":\"ImageObject\",\"inLanguage\":\"en-GB\",\"@id\":\"https:\\\/\\\/www.yamutec.de\\\/#\\\/schema\\\/logo\\\/image\\\/\",\"url\":\"https:\\\/\\\/www.yamutec.de\\\/wp-content\\\/uploads\\\/2017\\\/04\\\/logo-1.png\",\"contentUrl\":\"https:\\\/\\\/www.yamutec.de\\\/wp-content\\\/uploads\\\/2017\\\/04\\\/logo-1.png\",\"width\":313,\"height\":90,\"caption\":\"Yamutec\"},\"image\":{\"@id\":\"https:\\\/\\\/www.yamutec.de\\\/#\\\/schema\\\/logo\\\/image\\\/\"}}]}<\/script>\n<!-- \/ Yoast SEO plugin. -->","yoast_head_json":{"title":"3A 8-fach Ethernet Hybrid Karte f\u00fcr industrielle Anwendung | Yamutec","description":"8-fach Ethernet Hybrid Karte f\u00fcr Lasten bis 3A - 8 Optokoppler Eing\u00e4nge & 8 Relais Ausg\u00e4nge - 100\/10 Mbit Ethernet - Fernwartung per Yamutec I\/O Remote App","robots":{"index":"index","follow":"follow","max-snippet":"max-snippet:-1","max-image-preview":"max-image-preview:large","max-video-preview":"max-video-preview:-1"},"canonical":"https:\/\/www.yamutec.de\/en\/produkte\/ethernet-module\/eth-hybrid-8-3a\/","og_locale":"en_GB","og_type":"article","og_title":"3A 8-fach Ethernet Hybrid Karte f\u00fcr industrielle Anwendung | Yamutec","og_description":"8-fach Ethernet Hybrid Karte f\u00fcr Lasten bis 3A - 8 Optokoppler Eing\u00e4nge & 8 Relais Ausg\u00e4nge - 100\/10 Mbit Ethernet - Fernwartung per Yamutec I\/O Remote App","og_url":"https:\/\/www.yamutec.de\/en\/produkte\/ethernet-module\/eth-hybrid-8-3a\/","og_site_name":"Yamutec","article_modified_time":"2024-01-14T09:28:08+00:00","twitter_card":"summary_large_image","twitter_misc":{"Estimated reading time":"4 minutes"},"schema":{"@context":"https:\/\/schema.org","@graph":[{"@type":"WebPage","@id":"https:\/\/www.yamutec.de\/produkte\/ethernet-module\/eth-hybrid-8-3a\/","url":"https:\/\/www.yamutec.de\/produkte\/ethernet-module\/eth-hybrid-8-3a\/","name":"3A 8-fach Ethernet Hybrid Karte f\u00fcr industrielle Anwendung | Yamutec","isPartOf":{"@id":"https:\/\/www.yamutec.de\/#website"},"primaryImageOfPage":{"@id":"https:\/\/www.yamutec.de\/produkte\/ethernet-module\/eth-hybrid-8-3a\/#primaryimage"},"image":{"@id":"https:\/\/www.yamutec.de\/produkte\/ethernet-module\/eth-hybrid-8-3a\/#primaryimage"},"thumbnailUrl":"https:\/\/www.yamutec.de\/wp-content\/uploads\/2023\/01\/placeholder.png","datePublished":"2019-04-30T11:42:27+00:00","dateModified":"2024-01-14T09:28:08+00:00","description":"8-fach Ethernet Hybrid Karte f\u00fcr Lasten bis 3A - 8 Optokoppler Eing\u00e4nge & 8 Relais Ausg\u00e4nge - 100\/10 Mbit Ethernet - Fernwartung per Yamutec I\/O Remote App","breadcrumb":{"@id":"https:\/\/www.yamutec.de\/produkte\/ethernet-module\/eth-hybrid-8-3a\/#breadcrumb"},"inLanguage":"en-GB","potentialAction":[{"@type":"ReadAction","target":["https:\/\/www.yamutec.de\/produkte\/ethernet-module\/eth-hybrid-8-3a\/"]}]},{"@type":"ImageObject","inLanguage":"en-GB","@id":"https:\/\/www.yamutec.de\/produkte\/ethernet-module\/eth-hybrid-8-3a\/#primaryimage","url":"https:\/\/www.yamutec.de\/wp-content\/uploads\/2023\/01\/placeholder.png","contentUrl":"https:\/\/www.yamutec.de\/wp-content\/uploads\/2023\/01\/placeholder.png","width":1339,"height":912},{"@type":"BreadcrumbList","@id":"https:\/\/www.yamutec.de\/produkte\/ethernet-module\/eth-hybrid-8-3a\/#breadcrumb","itemListElement":[{"@type":"ListItem","position":1,"name":"Unsere Produkte im \u00dcberblick","item":"https:\/\/www.yamutec.de\/produkte\/"},{"@type":"ListItem","position":2,"name":"Ethernet Module","item":"https:\/\/www.yamutec.de\/produkte\/ethernet-module\/"},{"@type":"ListItem","position":3,"name":"3A 8-fach Ethernet Hybrid Karte"}]},{"@type":"WebSite","@id":"https:\/\/www.yamutec.de\/#website","url":"https:\/\/www.yamutec.de\/","name":"Yamutec","description":"smart switch systems","publisher":{"@id":"https:\/\/www.yamutec.de\/#organization"},"potentialAction":[{"@type":"SearchAction","target":{"@type":"EntryPoint","urlTemplate":"https:\/\/www.yamutec.de\/?s={search_term_string}"},"query-input":{"@type":"PropertyValueSpecification","valueRequired":true,"valueName":"search_term_string"}}],"inLanguage":"en-GB"},{"@type":"Organization","@id":"https:\/\/www.yamutec.de\/#organization","name":"Yamutec","url":"https:\/\/www.yamutec.de\/","logo":{"@type":"ImageObject","inLanguage":"en-GB","@id":"https:\/\/www.yamutec.de\/#\/schema\/logo\/image\/","url":"https:\/\/www.yamutec.de\/wp-content\/uploads\/2017\/04\/logo-1.png","contentUrl":"https:\/\/www.yamutec.de\/wp-content\/uploads\/2017\/04\/logo-1.png","width":313,"height":90,"caption":"Yamutec"},"image":{"@id":"https:\/\/www.yamutec.de\/#\/schema\/logo\/image\/"}}]}},"post_mailing_queue_ids":[],"_links":{"self":[{"href":"https:\/\/www.yamutec.de\/en\/wp-json\/wp\/v2\/pages\/4977","targetHints":{"allow":["GET"]}}],"collection":[{"href":"https:\/\/www.yamutec.de\/en\/wp-json\/wp\/v2\/pages"}],"about":[{"href":"https:\/\/www.yamutec.de\/en\/wp-json\/wp\/v2\/types\/page"}],"author":[{"embeddable":true,"href":"https:\/\/www.yamutec.de\/en\/wp-json\/wp\/v2\/users\/4"}],"replies":[{"embeddable":true,"href":"https:\/\/www.yamutec.de\/en\/wp-json\/wp\/v2\/comments?post=4977"}],"version-history":[{"count":17,"href":"https:\/\/www.yamutec.de\/en\/wp-json\/wp\/v2\/pages\/4977\/revisions"}],"predecessor-version":[{"id":7733,"href":"https:\/\/www.yamutec.de\/en\/wp-json\/wp\/v2\/pages\/4977\/revisions\/7733"}],"up":[{"embeddable":true,"href":"https:\/\/www.yamutec.de\/en\/wp-json\/wp\/v2\/pages\/4546"}],"wp:featuredmedia":[{"embeddable":true,"href":"https:\/\/www.yamutec.de\/en\/wp-json\/wp\/v2\/media\/6807"}],"wp:attachment":[{"href":"https:\/\/www.yamutec.de\/en\/wp-json\/wp\/v2\/media?parent=4977"}],"curies":[{"name":"wp","href":"https:\/\/api.w.org\/{rel}","templated":true}]}}