{"id":5683,"date":"2021-01-17T14:06:55","date_gmt":"2021-01-17T12:06:55","guid":{"rendered":"https:\/\/www.yamutec.de\/?page_id=5683"},"modified":"2023-05-04T18:39:04","modified_gmt":"2023-05-04T16:39:04","slug":"ser-hybrid-32","status":"publish","type":"page","link":"https:\/\/www.yamutec.de\/en\/produkte\/ser-module\/ser-hybrid-32\/","title":{"rendered":"SER-HYBRID-32"},"content":{"rendered":"<div class=\"wpb-content-wrapper\"><div class=\"vc_row wpb_row vc_row-fluid vc_custom_1493362274650\"><div class=\"wpb_column vc_column_container vc_col-sm-6\"><div class=\"vc_column-inner\"><div class=\"wpb_wrapper\">\n\t<div  class=\"wpb_single_image wpb_content_element vc_align_center\">\n\t\t\n\t\t<figure class=\"wpb_wrapper vc_figure\">\n\t\t\t<a class=\"\" data-lightbox=\"lightbox[rel-5683-3065079909]\" href=\"https:\/\/www.yamutec.de\/wp-content\/uploads\/2021\/01\/ser_64-1024x431.png\" target=\"_self\" class=\"vc_single_image-wrapper   vc_box_border_grey\"><img loading=\"lazy\" decoding=\"async\" width=\"640\" height=\"269\" src=\"https:\/\/www.yamutec.de\/wp-content\/uploads\/2021\/01\/ser_64-1024x431.png\" class=\"vc_single_image-img attachment-large\" alt=\"\" title=\"\" srcset=\"https:\/\/www.yamutec.de\/wp-content\/uploads\/2021\/01\/ser_64-1024x431.png 1024w, https:\/\/www.yamutec.de\/wp-content\/uploads\/2021\/01\/ser_64-300x126.png 300w, https:\/\/www.yamutec.de\/wp-content\/uploads\/2021\/01\/ser_64-768x323.png 768w, https:\/\/www.yamutec.de\/wp-content\/uploads\/2021\/01\/ser_64-1536x646.png 1536w, https:\/\/www.yamutec.de\/wp-content\/uploads\/2021\/01\/ser_64-2048x862.png 2048w, https:\/\/www.yamutec.de\/wp-content\/uploads\/2021\/01\/ser_64-50x21.png 50w, https:\/\/www.yamutec.de\/wp-content\/uploads\/2021\/01\/ser_64-600x252.png 600w\" sizes=\"auto, (max-width: 640px) 100vw, 640px\" \/><\/a>\n\t\t<\/figure>\n\t<\/div>\n<div class=\"vc_empty_space\"   style=\"height: 0px\"><span class=\"vc_empty_space_inner\"><\/span><\/div><\/div><\/div><\/div><div class=\"wpb_column vc_column_container vc_col-sm-6\"><div class=\"vc_column-inner\"><div class=\"wpb_wrapper\">\n\t<div class=\"wpb_text_column wpb_content_element \" >\n\t\t<div class=\"wpb_wrapper\">\n\t\t\t<h2>SER Hybrid 32 Modul von Yamutec<\/h2>\n<div>Art.-Nr.: 5064319<\/div>\n\n\t\t<\/div>\n\t<\/div>\n<div class=\"vc_row wpb_row vc_inner vc_row-fluid\"><div class=\"wpb_column vc_column_container vc_col-sm-12\"><div class=\"vc_column-inner\"><div class=\"wpb_wrapper\">\n\t<div class=\"wpb_text_column wpb_content_element \" >\n\t\t<div class=\"wpb_wrapper\">\n\t\t\t<p><span style=\"color: #5e7a0b; font-size: 28px;\"> \u20ac <\/span><span style=\"font-size: 12px;\">Preise zzgl. gesetzl. MwSt. | <a href=\"#\" class=\"uji-pop-link versandkosten\"> <span style=\"font-size: small;\">zzgl. Versandkosten<\/span><\/a><br \/>\nLieferung in 2-3 Werktagen<br \/>\n<span style=\"font-size: 12px; color: #5e7a0b;\"><strong><span style=\"font-family: webdings;\">= <\/span><\/strong><strong>Auf Lager<\/strong><\/span><br \/>\n<\/span><\/p>\n\n\t\t<\/div>\n\t<\/div>\n<\/div><\/div><\/div><\/div><div class=\"vc_row wpb_row vc_inner vc_row-fluid\"><div class=\"wpb_column vc_column_container vc_col-sm-4\"><div class=\"vc_column-inner\"><div class=\"wpb_wrapper\"><div class=\"vc_btn3-container vc_btn3-inline\" ><a class=\"vc_general vc_btn3 vc_btn3-size-sm vc_btn3-shape-rounded vc_btn3-style-modern vc_btn3-icon-left vc_btn3-color-grey\" href=\"http:\/\/www.yamutec.de\/angebotsanfrage\/\" title=\"\"><i class=\"vc_btn3-icon entypo-icon entypo-icon-doc-text\"><\/i> Angebot anfordern<\/a><\/div><\/div><\/div><\/div><div class=\"wpb_column vc_column_container vc_col-sm-4\"><div class=\"vc_column-inner\"><div class=\"wpb_wrapper\"><\/div><\/div><\/div><\/div><\/div><\/div><\/div><\/div><div class=\"vc_row wpb_row vc_row-fluid\"><div class=\"wpb_column vc_column_container vc_col-sm-12\"><div class=\"vc_column-inner\"><div class=\"wpb_wrapper\"><div class=\"vc_separator wpb_content_element vc_separator_align_center vc_sep_width_100 vc_sep_pos_align_center vc_separator_no_text vc_sep_color_grey\" ><span class=\"vc_sep_holder vc_sep_holder_l\"><span class=\"vc_sep_line\"><\/span><\/span><span class=\"vc_sep_holder vc_sep_holder_r\"><span class=\"vc_sep_line\"><\/span><\/span>\n<\/div><\/div><\/div><\/div><\/div><div class=\"vc_row wpb_row vc_row-fluid\"><div class=\"wpb_column vc_column_container vc_col-sm-6\"><div class=\"vc_column-inner\"><div class=\"wpb_wrapper\">\n\t<div class=\"wpb_text_column wpb_content_element \" >\n\t\t<div class=\"wpb_wrapper\">\n\t\t\t<div class=\"w3-third\">\n<h2 style=\"font-size: 30px;\">SER Hybrid 32 Modul von Yamutec<\/h2>\n<p>Das yamutec\u00ae SER HYBRID 32 Modul besitzt <strong>32 Optokoppler-Eing\u00e4nge und 32 Relais-Ausg\u00e4nge<\/strong>. Somit ist das Hybridmodul f\u00fcr gro\u00dfe Projekte hervorragend ger\u00fcstet. Das SER Modul erlaubt es ihnen gleichzeitig Signale von Sensoren oder Anlagen zu erfassen und diese in Steuer-Befehle f\u00fcr die entsprechenden Laststromkreise umzuwandeln. Damit sind die yamutec\u00ae SER HYBRID 32 Module<strong> ideal f\u00fcr\u00a0Automatisierungs-, Steuer- und Regelungstechnik<\/strong> in Fabriken geeignet.<\/p>\n<p>Unser<strong> SER Hybridmodul besitzt 32 Reed-Relais<\/strong> der Serie SIP f\u00fcr die Ausg\u00e4nge, die Lasten von 1A bzw. 10W schalten k\u00f6nnen. Das integrierte MULTI CONNECTION SYSTEM sorgt f\u00fcr einen 100-prozentigen Fehlsteckschutz. Zudem k\u00f6nnen die Releais durch das Abschneiden der Kodiernasen kodiert werden.<\/p>\n<p>An den Eing\u00e4ngen des\u00a0<strong>Hybrid-Moduls wurden 32 Optokoppler-Elemente verbaut<\/strong>. Diese sch\u00fctzen Ihre Steuer-Einheit durch eine galvanische Trennung vor \u00dcberspannungen und Besch\u00e4digungen. Die Optokoppler Eing\u00e4nge arbeiten in einem Spannungsbereich von 3V bis 30V. Unsere Hybrid-Module sind f\u00fcr den industriellen Einsatz ger\u00fcset und Ber\u00fccksichtigung die Vorgaben der\u00a0<strong>EMV und RoHS<\/strong>.<\/p>\n<p><b><strong>Yamutec\u00ae SER HYBRID 32 &#8211; Vorteile des SER Moduls<\/strong><\/b><\/p>\n<p>Optokoppler besitzen \u00fcberzeugende Argumente f\u00fcr die Signalerfassung. Sie erlauben\u00a0<strong>hohe Schaltleistungen<\/strong> zu realisieren und erfassen\u00a0<strong>schnelle Eingangsimpulse<\/strong> zuverl\u00e4ssig \u00fcber l\u00e4ngere Zeitperioden. Zudem \u00fcberzeugen sie durch eine lange Lebensdauer, da keine mechanische Belastung auf die Bauelemente einwirkt. Die\u00a0<strong>Schock- und Vibrationsunempfindlichkeit der Optokoppler<\/strong> sprechen f\u00fcr weniger Ausf\u00e4lle im Steuerungs- und Regelkreis.<\/p>\n<p>Unsere 32 Relaisausg\u00e4nge \u00fcberzeugen durch <strong>geringe Schaltverluste<\/strong> und einer <strong>zuverl\u00e4ssigen Trennung<\/strong> von Steuer- und Laststromkreis. Au\u00dferdem sind die Relais unempfindlich gegen\u00fcber elektromagnetischen St\u00f6rfeldern und <strong>halten sehr gut kurzfristigen \u00dcberlastungen stand.<\/strong><\/p>\n<p><strong>Weitere Funktionen und Eigenschaften des Hybridmoduls<\/strong><\/p>\n<p>Per Software-Befehl l\u00e4sst sich eine <strong>Timeout-Schutzfunktion<\/strong> f\u00fcr die Reed-Relais aktivieren. Sollte ein Kommunikationsproblem mit dem Steuer-PC auftreten, \u00f6ffnet der Timeout automatisch die Ausg\u00e4nge. Die Zeitspanne kann beim Aktivieren festgelegt werden.<\/p>\n<\/div>\n<p><span style=\"color: #2d2d2d;\"><span style=\"font-family: Roboto, Helvetica, Arial, Lucida, sans-serif;\"><span style=\"font-size: small;\">Dank die RS232 Schnittstelle ben\u00f6tigen unsere <strong>yamutec\u00ae SER HYBRID 32 Module keine Treiberinstallation<\/strong> f\u00fcr die Inbetriebnahme. Zus\u00e4tzlich ist die Kommunikation zuverl\u00e4ssiger und schneller bis zu 115200 bits\/s. Mithilfe der <\/span><\/span><\/span><strong><span style=\"color: #2d2d2d;\"><span style=\"font-family: Roboto, Helvetica, Arial, Lucida, sans-serif;\"><span style=\"font-size: small;\"><b>Plug and Play Technologie<\/b><\/span><\/span><\/span><\/strong><span style=\"color: #2d2d2d;\"><span style=\"font-family: Roboto, Helvetica, Arial, Lucida, sans-serif;\"><span style=\"font-size: small;\">\u00a0sparen Sie\u00a0<\/span><\/span><\/span><span style=\"color: #2d2d2d;\"><span style=\"font-family: Roboto, Helvetica, Arial, Lucida, sans-serif;\"><span style=\"font-size: small;\">Zeit, da die aufwendige Treiberinstallation entf\u00e4llt.<\/span><\/span><\/span><\/p>\n<p>Wir haben auch <a href=\"https:\/\/www.yamutec.de\/produkte\/ser-module\/ser-hybrid-32-3A\/\">SER 32 Hybridmodule f\u00fcr Lastkreise bis zu 3A<\/a> im Angebot.<\/p>\n\n\t\t<\/div>\n\t<\/div>\n<div class=\"vc_empty_space\"   style=\"height: 0px\"><span class=\"vc_empty_space_inner\"><\/span><\/div><\/div><\/div><\/div><div class=\"wpb_column vc_column_container vc_col-sm-6\"><div class=\"vc_column-inner\"><div class=\"wpb_wrapper\">\n\t<div class=\"wpb_text_column wpb_content_element \" >\n\t\t<div class=\"wpb_wrapper\">\n\t\t\t<div class=\"w3-row-padding \">\n<div class=\"w3-twothird\">\n<h2>Technische Daten<\/h2>\n<table class=\"w3-table w3-striped w3-bordered w3-border\" style=\"height: 557px;\">\n<thead class=\"w3-teal\">\n<tr style=\"height: 23px;\">\n<th style=\"width: 228px; text-align: left; height: 23px;\">RS232 INTERFACE<\/th>\n<th style=\"height: 23px; width: 549px;\"><\/th>\n<\/tr>\n<\/thead>\n<tbody>\n<tr style=\"height: 46px;\">\n<td style=\"width: 228px; height: 46px;\">Versorgungsspannung<\/td>\n<td style=\"height: 46px; width: 549px;\">Extern 7V bis 24V DC\u00a0(\u00fcber zweipolige steckbare Schraubklemme)<\/td>\n<\/tr>\n<tr style=\"height: 23px;\">\n<td style=\"width: 228px; height: 23px;\">Schnittstelle<\/td>\n<td style=\"height: 23px; width: 549px;\">RS232 \/ V.24 \/ COM<\/td>\n<\/tr>\n<tr style=\"height: 10px;\">\n<td style=\"height: 10px; width: 228px;\">Kontroll-LEDs<\/td>\n<td style=\"height: 10px; width: 549px;\">Interne 5V Versorgungsspannung<br \/>\nInterface-Aktivit\u00e4t<br \/>\nTimout Abschaltung (nur f\u00fcr Ausg\u00e4nge)<br \/>\nI\/O Aktivit\u00e4t<br \/>\nFehlermeldung<\/td>\n<\/tr>\n<tr style=\"height: 23px;\">\n<th style=\"width: 228px; text-align: left; height: 23px;\">AUSG\u00c4NGE<\/th>\n<th style=\"height: 23px; width: 549px;\"><\/th>\n<\/tr>\n<tr style=\"height: 138px;\">\n<td style=\"height: 138px; width: 228px;\">Relais<\/td>\n<td style=\"height: 138px; width: 549px;\">32 Relais Ausg\u00e4nge,<br \/>\nGalvanisch getrennt \u00fcber Relais<br \/>\nMax. Schaltspannung: 30V AC \/ 30V DC<br \/>\nMax. Schaltstrom: 0,5A AC \/0,5A DC<br \/>\nMax. Transportstrom: 1A AC \/ 1A DC<br \/>\nMax. Schaltleistung: 10W<br \/>\nSchaltzeit: &lt; 1 ms<\/td>\n<\/tr>\n<tr style=\"height: 23px;\">\n<td style=\"height: 23px; width: 228px;\">Timeout-Funktion<\/td>\n<td style=\"height: 23px; width: 549px;\">W\u00e4hlbarer Timeout-Schutz, wenn das Modul nicht erreichbar ist<\/td>\n<\/tr>\n<tr style=\"height: 23px;\">\n<th style=\"width: 228px; text-align: left; height: 23px;\">EING\u00c4NGE<\/th>\n<th style=\"height: 23px; width: 549px;\"><\/th>\n<\/tr>\n<tr style=\"height: 138px;\">\n<td style=\"height: 64px; width: 228px;\">Optokoppler<\/td>\n<td style=\"height: 64px; width: 549px;\">32 Optokoppler Eing\u00e4nge<br \/>\n5V &#8211; 15V AC\/DC Signalspannung<br \/>\n15V &#8211; 30V AC\/DC Signalspannung (optional)<br \/>\nIsolationsspannung: 2,5KV AC f\u00fcr 1 Minute<br \/>\nMaximaler Eingangsstrom: 10mA<\/td>\n<\/tr>\n<tr style=\"height: 23px;\">\n<th style=\"width: 228px; text-align: left; height: 23px;\">STECKVERBINDER<\/th>\n<th style=\"height: 23px; width: 549px;\"><\/th>\n<\/tr>\n<tr style=\"height: 69px;\">\n<td style=\"height: 69px; width: 228px;\">Eigenschaften<\/td>\n<td style=\"height: 69px; width: 549px;\">2-reihige MULTI CONNECTION SYSTEM<br \/>\nUniversalanschluss f\u00fcr alle Leiterarten<br \/>\nVerriegelung der Steckverbindung<br \/>\nKodierbar und 100 % fehlsteckgesch\u00fctzt durch Abschneiden der Kodiernasen<\/td>\n<\/tr>\n<tr style=\"height: 69px;\">\n<td style=\"height: 69px; width: 228px;\">Anschlussdaten<\/td>\n<td style=\"height: 69px; width: 549px;\">Eindr\u00e4htiger Leiter 0,08 \u2026 1,5 mm\u00b2 \/ 28 \u2026 16 AWG<br \/>\nFeindr\u00e4htiger Leiter 0,08 \u2026 1,5 mm\u00b2 \/ 28 \u2026 16 AWG<br \/>\nFeindr\u00e4htiger Leiter; mit Aderendh\u00fclse mit Kunststoffkragen 0,25 \u2026 1 mm\u00b2<br \/>\nFeindr\u00e4htiger Leiter; mit Aderendh\u00fclse ohne Kunststoffkragen 0,25 \u2026 1 mm\u00b2<br \/>\nAbisolierl\u00e4nge 6 \u2026 7 mm \/ 0.24 \u2026 0.28 inch<\/td>\n<\/tr>\n<tr style=\"height: 69px;\">\n<td style=\"height: 69px; width: 228px;\">Empfohlene Zubeh\u00f6r<\/td>\n<td style=\"height: 69px; width: 549px;\">\n<p>Eine mittig zwischen die Leitereinf\u00fchrungen montierbare Zugentlastungsplatte erleichtert den Steck- und Trennvorgang und erlaubt den einfachen Zugang zu den Bet\u00e4tigungs\u00f6ffnungen auch im verdrahteten Zustand<\/p>\n<p><a id=\"tippy_tip0_4138_anchor\"><\/a> <div class=\"tippy\" data-title=\"Zugentlastungsplatte (Art.-Nr.: 2703800)\" data-height=\"310\" data-width=\"610\" data-anchor=\"#tippy_tip0_4138_anchor\" ><img loading=\"lazy\" decoding=\"async\" class=\"wp-image-6422 size-full\" style=\"font-family: inherit; font-size: inherit; color: #333333;\" src=\"https:\/\/www.yamutec.de\/wp-content\/uploads\/2022\/05\/zugentlastungsplatte600x300.png\" alt=\"Zugentlastungsplatte\" width=\"600\" height=\"300\" \/> <\/div><\/td>\n<\/tr>\n<tr style=\"height: 23px;\">\n<th style=\"width: 228px; text-align: left; height: 23px;\">DIMENSION<\/th>\n<th style=\"height: 23px; width: 549px;\"><\/th>\n<\/tr>\n<tr style=\"height: 23px;\">\n<td style=\"height: 23px; width: 228px;\">Abmessungen<br \/>\nGewicht<\/td>\n<td style=\"height: 23px; width: 549px;\">253 mm x 105 mm x 74.5 mm (L x W x H)<br \/>\n620g<\/td>\n<\/tr>\n<\/tbody>\n<\/table>\n<h2>Downloads<\/h2>\n<table class=\"w3-table w3-striped w3-bordered w3-border\">\n<thead class=\"w3-teal\">\n<tr>\n<th style=\"width: 230px; text-align: left;\">HANDBUCH<\/th>\n<th style=\"width: 547px;\"><\/th>\n<\/tr>\n<\/thead>\n<tbody>\n<tr style=\"height: 16px;\">\n<td style=\"height: 16px; width: 228px;\">Anleitung<\/td>\n<td style=\"height: 16px; width: 549px;\">Deutsch<br \/>\nEnglisch<\/td>\n<\/tr>\n<\/tbody>\n<\/table>\n<table class=\"w3-table w3-striped w3-bordered w3-border\" style=\"height: 39px;\" width=\"539\">\n<thead class=\"w3-teal\">\n<tr style=\"height: 23px;\">\n<th style=\"width: 230px; text-align: left; height: 23px;\">SOFTWARE<\/th>\n<th style=\"height: 23px; width: 548px;\"><\/th>\n<\/tr>\n<\/thead>\n<tbody>\n<tr style=\"height: 16px;\">\n<td style=\"height: 16px; width: 228px;\">Beispielsoftware<\/td>\n<td style=\"height: 16px; width: 549px;\"><a href=\"https:\/\/www.yamutec.de\/downloads\/\">VB.net<\/a>, C# und Python \/ Voraussetzung Windows 7\/8\/10 oder Linux<br \/>\nohne Installation<\/td>\n<\/tr>\n<\/tbody>\n<\/table>\n<\/div>\n<div class=\"w3-third\"><\/div>\n<\/div>\n\n\t\t<\/div>\n\t<\/div>\n<\/div><\/div><\/div><\/div>\n<\/div>","protected":false},"excerpt":{"rendered":"SER Hybrid 32 Module from Yamutec Item No.: 5064319 \u20ac Prices plus VAT | plus shipping costs Delivery in 2-3 business days = In stock Request a quote SER Hybrid 32 Module from Yamutec The yamutec\u00ae SER HYBRID 32 module has 32 optocoupler inputs and 32 relay outputs. This makes the hybrid module ideal for large projects. The SER module allows you to simultaneously capture signals from sensors or systems and convert them into control commands for the corresponding load circuits. This makes the yamutec\u00ae SER\u2026","protected":false},"author":4,"featured_media":6807,"parent":2172,"menu_order":0,"comment_status":"closed","ping_status":"closed","template":"","meta":{"footnotes":""},"class_list":["post-5683","page","type-page","status-publish","has-post-thumbnail","hentry","post-has-thumbnail"],"yoast_head":"<!-- This site is optimized with the Yoast SEO plugin v27.4 - https:\/\/yoast.com\/product\/yoast-seo-wordpress\/ -->\n<title>Yamutec | USB HYBRID 32 Module f\u00fcr Automatisierungs- und Messtechnik<\/title>\n<meta name=\"description\" content=\"Datenerfassung und Steuerung von Lastkreisen mit dem gleichen Modul - das yamutec\u00ae USB HYBRID 32 Modul macht es m\u00f6glich! Mit 32 Optokoppler Ein- und 32 Relais-Ausg\u00e4ngen sind Sie bestens f\u00fcr Ihren Prozess ausgestattet.\" \/>\n<meta name=\"robots\" content=\"index, follow, max-snippet:-1, max-image-preview:large, max-video-preview:-1\" \/>\n<link rel=\"canonical\" href=\"https:\/\/www.yamutec.de\/en\/produkte\/ser-module\/ser-hybrid-32\/\" \/>\n<meta property=\"og:locale\" content=\"en_GB\" \/>\n<meta property=\"og:type\" content=\"article\" \/>\n<meta property=\"og:title\" content=\"Yamutec | USB HYBRID 32 Module f\u00fcr Automatisierungs- und Messtechnik\" \/>\n<meta property=\"og:description\" content=\"Datenerfassung und Steuerung von Lastkreisen mit dem gleichen Modul - das yamutec\u00ae USB HYBRID 32 Modul macht es m\u00f6glich! Mit 32 Optokoppler Ein- und 32 Relais-Ausg\u00e4ngen sind Sie bestens f\u00fcr Ihren Prozess ausgestattet.\" \/>\n<meta property=\"og:url\" content=\"https:\/\/www.yamutec.de\/en\/produkte\/ser-module\/ser-hybrid-32\/\" \/>\n<meta property=\"og:site_name\" content=\"Yamutec\" \/>\n<meta property=\"article:modified_time\" content=\"2023-05-04T16:39:04+00:00\" \/>\n<meta property=\"og:image\" content=\"https:\/\/www.yamutec.de\/wp-content\/uploads\/2022\/05\/zugentlastungsplatte600x300.png\" \/>\n<meta name=\"twitter:card\" content=\"summary_large_image\" \/>\n<meta name=\"twitter:label1\" content=\"Estimated reading time\" \/>\n\t<meta name=\"twitter:data1\" content=\"4 minutes\" \/>\n<script type=\"application\/ld+json\" class=\"yoast-schema-graph\">{\"@context\":\"https:\\\/\\\/schema.org\",\"@graph\":[{\"@type\":\"WebPage\",\"@id\":\"https:\\\/\\\/www.yamutec.de\\\/produkte\\\/ser-module\\\/ser-hybrid-32\\\/\",\"url\":\"https:\\\/\\\/www.yamutec.de\\\/produkte\\\/ser-module\\\/ser-hybrid-32\\\/\",\"name\":\"Yamutec | USB HYBRID 32 Module f\u00fcr Automatisierungs- und Messtechnik\",\"isPartOf\":{\"@id\":\"https:\\\/\\\/www.yamutec.de\\\/#website\"},\"primaryImageOfPage\":{\"@id\":\"https:\\\/\\\/www.yamutec.de\\\/produkte\\\/ser-module\\\/ser-hybrid-32\\\/#primaryimage\"},\"image\":{\"@id\":\"https:\\\/\\\/www.yamutec.de\\\/produkte\\\/ser-module\\\/ser-hybrid-32\\\/#primaryimage\"},\"thumbnailUrl\":\"https:\\\/\\\/www.yamutec.de\\\/wp-content\\\/uploads\\\/2023\\\/01\\\/placeholder.png\",\"datePublished\":\"2021-01-17T12:06:55+00:00\",\"dateModified\":\"2023-05-04T16:39:04+00:00\",\"description\":\"Datenerfassung und Steuerung von Lastkreisen mit dem gleichen Modul - das yamutec\u00ae USB HYBRID 32 Modul macht es m\u00f6glich! Mit 32 Optokoppler Ein- und 32 Relais-Ausg\u00e4ngen sind Sie bestens f\u00fcr Ihren Prozess ausgestattet.\",\"breadcrumb\":{\"@id\":\"https:\\\/\\\/www.yamutec.de\\\/produkte\\\/ser-module\\\/ser-hybrid-32\\\/#breadcrumb\"},\"inLanguage\":\"en-GB\",\"potentialAction\":[{\"@type\":\"ReadAction\",\"target\":[\"https:\\\/\\\/www.yamutec.de\\\/produkte\\\/ser-module\\\/ser-hybrid-32\\\/\"]}]},{\"@type\":\"ImageObject\",\"inLanguage\":\"en-GB\",\"@id\":\"https:\\\/\\\/www.yamutec.de\\\/produkte\\\/ser-module\\\/ser-hybrid-32\\\/#primaryimage\",\"url\":\"https:\\\/\\\/www.yamutec.de\\\/wp-content\\\/uploads\\\/2023\\\/01\\\/placeholder.png\",\"contentUrl\":\"https:\\\/\\\/www.yamutec.de\\\/wp-content\\\/uploads\\\/2023\\\/01\\\/placeholder.png\",\"width\":1339,\"height\":912},{\"@type\":\"BreadcrumbList\",\"@id\":\"https:\\\/\\\/www.yamutec.de\\\/produkte\\\/ser-module\\\/ser-hybrid-32\\\/#breadcrumb\",\"itemListElement\":[{\"@type\":\"ListItem\",\"position\":1,\"name\":\"Unsere Produkte im \u00dcberblick\",\"item\":\"https:\\\/\\\/www.yamutec.de\\\/produkte\\\/\"},{\"@type\":\"ListItem\",\"position\":2,\"name\":\"RS232 Module\",\"item\":\"https:\\\/\\\/www.yamutec.de\\\/produkte\\\/ser-module\\\/\"},{\"@type\":\"ListItem\",\"position\":3,\"name\":\"SER-HYBRID-32\"}]},{\"@type\":\"WebSite\",\"@id\":\"https:\\\/\\\/www.yamutec.de\\\/#website\",\"url\":\"https:\\\/\\\/www.yamutec.de\\\/\",\"name\":\"Yamutec\",\"description\":\"smart switch systems\",\"publisher\":{\"@id\":\"https:\\\/\\\/www.yamutec.de\\\/#organization\"},\"potentialAction\":[{\"@type\":\"SearchAction\",\"target\":{\"@type\":\"EntryPoint\",\"urlTemplate\":\"https:\\\/\\\/www.yamutec.de\\\/?s={search_term_string}\"},\"query-input\":{\"@type\":\"PropertyValueSpecification\",\"valueRequired\":true,\"valueName\":\"search_term_string\"}}],\"inLanguage\":\"en-GB\"},{\"@type\":\"Organization\",\"@id\":\"https:\\\/\\\/www.yamutec.de\\\/#organization\",\"name\":\"Yamutec\",\"url\":\"https:\\\/\\\/www.yamutec.de\\\/\",\"logo\":{\"@type\":\"ImageObject\",\"inLanguage\":\"en-GB\",\"@id\":\"https:\\\/\\\/www.yamutec.de\\\/#\\\/schema\\\/logo\\\/image\\\/\",\"url\":\"https:\\\/\\\/www.yamutec.de\\\/wp-content\\\/uploads\\\/2017\\\/04\\\/logo-1.png\",\"contentUrl\":\"https:\\\/\\\/www.yamutec.de\\\/wp-content\\\/uploads\\\/2017\\\/04\\\/logo-1.png\",\"width\":313,\"height\":90,\"caption\":\"Yamutec\"},\"image\":{\"@id\":\"https:\\\/\\\/www.yamutec.de\\\/#\\\/schema\\\/logo\\\/image\\\/\"}}]}<\/script>\n<!-- \/ Yoast SEO plugin. -->","yoast_head_json":{"title":"Yamutec | USB HYBRID 32 Modules for Automation and Measurement Technology","description":"Data acquisition and control of load circuits with the same module \u2013 the yamutec\u00ae USB HYBRID 32 module makes it possible! With 32 optocoupler inputs and 32 relay outputs, you are ideally equipped for your process.","robots":{"index":"index","follow":"follow","max-snippet":"max-snippet:-1","max-image-preview":"max-image-preview:large","max-video-preview":"max-video-preview:-1"},"canonical":"https:\/\/www.yamutec.de\/en\/produkte\/ser-module\/ser-hybrid-32\/","og_locale":"en_GB","og_type":"article","og_title":"Yamutec | USB HYBRID 32 Module f\u00fcr Automatisierungs- und Messtechnik","og_description":"Datenerfassung und Steuerung von Lastkreisen mit dem gleichen Modul - das yamutec\u00ae USB HYBRID 32 Modul macht es m\u00f6glich! Mit 32 Optokoppler Ein- und 32 Relais-Ausg\u00e4ngen sind Sie bestens f\u00fcr Ihren Prozess ausgestattet.","og_url":"https:\/\/www.yamutec.de\/en\/produkte\/ser-module\/ser-hybrid-32\/","og_site_name":"Yamutec","article_modified_time":"2023-05-04T16:39:04+00:00","og_image":[{"url":"https:\/\/www.yamutec.de\/wp-content\/uploads\/2022\/05\/zugentlastungsplatte600x300.png","type":"","width":"","height":""}],"twitter_card":"summary_large_image","twitter_misc":{"Estimated reading time":"4 minutes"},"schema":{"@context":"https:\/\/schema.org","@graph":[{"@type":"WebPage","@id":"https:\/\/www.yamutec.de\/produkte\/ser-module\/ser-hybrid-32\/","url":"https:\/\/www.yamutec.de\/produkte\/ser-module\/ser-hybrid-32\/","name":"Yamutec | USB HYBRID 32 Modules for Automation and Measurement Technology","isPartOf":{"@id":"https:\/\/www.yamutec.de\/#website"},"primaryImageOfPage":{"@id":"https:\/\/www.yamutec.de\/produkte\/ser-module\/ser-hybrid-32\/#primaryimage"},"image":{"@id":"https:\/\/www.yamutec.de\/produkte\/ser-module\/ser-hybrid-32\/#primaryimage"},"thumbnailUrl":"https:\/\/www.yamutec.de\/wp-content\/uploads\/2023\/01\/placeholder.png","datePublished":"2021-01-17T12:06:55+00:00","dateModified":"2023-05-04T16:39:04+00:00","description":"Data acquisition and control of load circuits with the same module \u2013 the yamutec\u00ae USB HYBRID 32 module makes it possible! With 32 optocoupler inputs and 32 relay outputs, you are ideally equipped for your process.","breadcrumb":{"@id":"https:\/\/www.yamutec.de\/produkte\/ser-module\/ser-hybrid-32\/#breadcrumb"},"inLanguage":"en-GB","potentialAction":[{"@type":"ReadAction","target":["https:\/\/www.yamutec.de\/produkte\/ser-module\/ser-hybrid-32\/"]}]},{"@type":"ImageObject","inLanguage":"en-GB","@id":"https:\/\/www.yamutec.de\/produkte\/ser-module\/ser-hybrid-32\/#primaryimage","url":"https:\/\/www.yamutec.de\/wp-content\/uploads\/2023\/01\/placeholder.png","contentUrl":"https:\/\/www.yamutec.de\/wp-content\/uploads\/2023\/01\/placeholder.png","width":1339,"height":912},{"@type":"BreadcrumbList","@id":"https:\/\/www.yamutec.de\/produkte\/ser-module\/ser-hybrid-32\/#breadcrumb","itemListElement":[{"@type":"ListItem","position":1,"name":"Unsere Produkte im \u00dcberblick","item":"https:\/\/www.yamutec.de\/produkte\/"},{"@type":"ListItem","position":2,"name":"RS232 Module","item":"https:\/\/www.yamutec.de\/produkte\/ser-module\/"},{"@type":"ListItem","position":3,"name":"SER-HYBRID-32"}]},{"@type":"WebSite","@id":"https:\/\/www.yamutec.de\/#website","url":"https:\/\/www.yamutec.de\/","name":"Yamutec","description":"smart switch systems","publisher":{"@id":"https:\/\/www.yamutec.de\/#organization"},"potentialAction":[{"@type":"SearchAction","target":{"@type":"EntryPoint","urlTemplate":"https:\/\/www.yamutec.de\/?s={search_term_string}"},"query-input":{"@type":"PropertyValueSpecification","valueRequired":true,"valueName":"search_term_string"}}],"inLanguage":"en-GB"},{"@type":"Organization","@id":"https:\/\/www.yamutec.de\/#organization","name":"Yamutec","url":"https:\/\/www.yamutec.de\/","logo":{"@type":"ImageObject","inLanguage":"en-GB","@id":"https:\/\/www.yamutec.de\/#\/schema\/logo\/image\/","url":"https:\/\/www.yamutec.de\/wp-content\/uploads\/2017\/04\/logo-1.png","contentUrl":"https:\/\/www.yamutec.de\/wp-content\/uploads\/2017\/04\/logo-1.png","width":313,"height":90,"caption":"Yamutec"},"image":{"@id":"https:\/\/www.yamutec.de\/#\/schema\/logo\/image\/"}}]}},"post_mailing_queue_ids":[],"_links":{"self":[{"href":"https:\/\/www.yamutec.de\/en\/wp-json\/wp\/v2\/pages\/5683","targetHints":{"allow":["GET"]}}],"collection":[{"href":"https:\/\/www.yamutec.de\/en\/wp-json\/wp\/v2\/pages"}],"about":[{"href":"https:\/\/www.yamutec.de\/en\/wp-json\/wp\/v2\/types\/page"}],"author":[{"embeddable":true,"href":"https:\/\/www.yamutec.de\/en\/wp-json\/wp\/v2\/users\/4"}],"replies":[{"embeddable":true,"href":"https:\/\/www.yamutec.de\/en\/wp-json\/wp\/v2\/comments?post=5683"}],"version-history":[{"count":11,"href":"https:\/\/www.yamutec.de\/en\/wp-json\/wp\/v2\/pages\/5683\/revisions"}],"predecessor-version":[{"id":7441,"href":"https:\/\/www.yamutec.de\/en\/wp-json\/wp\/v2\/pages\/5683\/revisions\/7441"}],"up":[{"embeddable":true,"href":"https:\/\/www.yamutec.de\/en\/wp-json\/wp\/v2\/pages\/2172"}],"wp:featuredmedia":[{"embeddable":true,"href":"https:\/\/www.yamutec.de\/en\/wp-json\/wp\/v2\/media\/6807"}],"wp:attachment":[{"href":"https:\/\/www.yamutec.de\/en\/wp-json\/wp\/v2\/media?parent=5683"}],"curies":[{"name":"wp","href":"https:\/\/api.w.org\/{rel}","templated":true}]}}