{"id":6061,"date":"2021-04-18T19:45:27","date_gmt":"2021-04-18T17:45:27","guid":{"rendered":"https:\/\/www.yamutec.de\/?page_id=6061"},"modified":"2021-04-18T19:45:27","modified_gmt":"2021-04-18T17:45:27","slug":"datenschutz-zentrum","status":"publish","type":"page","link":"https:\/\/www.yamutec.de\/en\/datenschutz-zentrum\/","title":{"rendered":"Data Protection Center"},"content":{"rendered":"<div class=\"wpb-content-wrapper\"><div class=\"vc_row wpb_row vc_row-fluid vc_custom_1618726355025 vc_row-has-fill\"><div class=\"wpb_column vc_column_container vc_col-sm-9\"><div class=\"vc_column-inner\"><div class=\"wpb_wrapper\"><h2 style=\"text-align: left;font-family:Roboto;font-weight:400;font-style:normal\" class=\"vc_custom_heading\" >Herzlich Willkommen im Yamutec Datenschutz-Zentrum!<\/h2>\n\t<div class=\"wpb_text_column wpb_content_element \" >\n\t\t<div class=\"wpb_wrapper\">\n\t\t\t<p>Hier kannst du eine Anfrage an uns versenden und dir alle personenbezogenen Daten anzeigen lassen, die wir \u00fcber dich in unseren Datenbanken gesammelt haben. Diese Daten kannst du anschlie\u00dfend l\u00f6schen lassen. Bei \u00c4nderungsw\u00fcnschen oder Exportanfragen wende dich bitte an info@yamutec.de. Unser Team k\u00fcmmert sich sofort um deinen Auftrag. Bitte beachte, dass nach dem Steuerrecht Zahlungs-Daten und die damit verkn\u00fcpften personenbezogenen Daten bis zu 10 Jahre von uns gespeichert werden m\u00fcssen.<\/p>\n<p>[wpgdprc_access_request_form]<\/p>\n\n\t\t<\/div>\n\t<\/div>\n<div class=\"vc_empty_space\"   style=\"height: 32px\"><span class=\"vc_empty_space_inner\"><\/span><\/div><\/div><\/div><\/div><div class=\"wpb_column vc_column_container vc_col-sm-3\"><div class=\"vc_column-inner\"><div class=\"wpb_wrapper\"><\/div><\/div><\/div><\/div><div data-vc-full-width=\"true\" data-vc-full-width-init=\"false\" class=\"vc_row wpb_row vc_row-fluid vc_custom_1618721380650 vc_row-has-fill\"><div class=\"wpb_column vc_column_container vc_col-sm-8\"><div class=\"vc_column-inner\"><div class=\"wpb_wrapper\">\n\t<div class=\"wpb_text_column wpb_content_element \" >\n\t\t<div class=\"wpb_wrapper\">\n\t\t\t<p><strong>Datenschutz<\/strong><br \/>\nDer Schutz der Privatsph\u00e4re und Ihrer personenbezogenen Daten ist f\u00fcr uns sehr wichtig. Daher halten wir uns an die geltenden Gesetze zum Datenschutz und zur Datensicherheit und achten beim Umgang mit Ihren Daten auf Sicherheit. Der Verarbeitung oder Nutzung Ihrer Daten f\u00fcr Zwecke der Werbung, Markt- oder Meinungsforschung k\u00f6nnen Sie jederzeit widersprechen.<\/p>\n\n\t\t<\/div>\n\t<\/div>\n<\/div><\/div><\/div><div class=\"wpb_column vc_column_container vc_col-sm-4\"><div class=\"vc_column-inner\"><div class=\"wpb_wrapper\"><\/div><\/div><\/div><\/div><div class=\"vc_row-full-width vc_clearfix\"><\/div>\n<\/div>","protected":false},"excerpt":{"rendered":"Herzlich Willkommen im Yamutec Datenschutz-Zentrum! Hier kannst du eine Anfrage an uns versenden und dir alle personenbezogenen Daten anzeigen lassen, die wir \u00fcber dich in unseren Datenbanken gesammelt haben. Diese Daten kannst du anschlie\u00dfend l\u00f6schen lassen. Bei \u00c4nderungsw\u00fcnschen oder Exportanfragen wende dich bitte an info@yamutec.de. Unser Team k\u00fcmmert sich sofort um deinen Auftrag. Bitte beachte, dass nach dem Steuerrecht Zahlungs-Daten und die damit verkn\u00fcpften personenbezogenen Daten bis zu 10 Jahre von uns gespeichert werden m\u00fcssen. [wpgdprc_access_request_form] Datenschutz Der Schutz der&hellip;","protected":false},"author":4,"featured_media":6807,"parent":0,"menu_order":0,"comment_status":"closed","ping_status":"closed","template":"","meta":{"footnotes":""},"class_list":["post-6061","page","type-page","status-publish","has-post-thumbnail","hentry","post-has-thumbnail"],"yoast_head":"<!-- This site is optimized with the Yoast SEO plugin v27.5 - https:\/\/yoast.com\/product\/yoast-seo-wordpress\/ -->\n<title>Datenschutz-Zentrum | Yamutec<\/title>\n<meta name=\"description\" content=\"smart switch systems USB Relaiskarten f\u00fcr die Fern\u00fcberwachung\" \/>\n<meta name=\"robots\" content=\"index, follow, max-snippet:-1, max-image-preview:large, max-video-preview:-1\" \/>\n<link rel=\"canonical\" href=\"https:\/\/www.yamutec.de\/en\/datenschutz-zentrum\/\" \/>\n<meta property=\"og:locale\" content=\"en_GB\" \/>\n<meta property=\"og:type\" content=\"article\" \/>\n<meta property=\"og:title\" content=\"Datenschutz-Zentrum | Yamutec\" \/>\n<meta property=\"og:description\" content=\"smart switch systems USB Relaiskarten f\u00fcr die Fern\u00fcberwachung\" \/>\n<meta property=\"og:url\" content=\"https:\/\/www.yamutec.de\/en\/datenschutz-zentrum\/\" \/>\n<meta property=\"og:site_name\" content=\"Yamutec\" \/>\n<meta name=\"twitter:card\" content=\"summary_large_image\" \/>\n<meta name=\"twitter:label1\" content=\"Estimated reading time\" \/>\n\t<meta name=\"twitter:data1\" content=\"1 minute\" \/>\n<script type=\"application\/ld+json\" class=\"yoast-schema-graph\">{\"@context\":\"https:\\\/\\\/schema.org\",\"@graph\":[{\"@type\":\"WebPage\",\"@id\":\"https:\\\/\\\/www.yamutec.de\\\/datenschutz-zentrum\\\/\",\"url\":\"https:\\\/\\\/www.yamutec.de\\\/datenschutz-zentrum\\\/\",\"name\":\"Datenschutz-Zentrum | Yamutec\",\"isPartOf\":{\"@id\":\"https:\\\/\\\/www.yamutec.de\\\/#website\"},\"primaryImageOfPage\":{\"@id\":\"https:\\\/\\\/www.yamutec.de\\\/datenschutz-zentrum\\\/#primaryimage\"},\"image\":{\"@id\":\"https:\\\/\\\/www.yamutec.de\\\/datenschutz-zentrum\\\/#primaryimage\"},\"thumbnailUrl\":\"https:\\\/\\\/www.yamutec.de\\\/wp-content\\\/uploads\\\/2023\\\/01\\\/placeholder.png\",\"datePublished\":\"2021-04-18T17:45:27+00:00\",\"description\":\"smart switch systems USB Relaiskarten f\u00fcr die Fern\u00fcberwachung\",\"inLanguage\":\"en-GB\",\"potentialAction\":[{\"@type\":\"ReadAction\",\"target\":[\"https:\\\/\\\/www.yamutec.de\\\/datenschutz-zentrum\\\/\"]}]},{\"@type\":\"ImageObject\",\"inLanguage\":\"en-GB\",\"@id\":\"https:\\\/\\\/www.yamutec.de\\\/datenschutz-zentrum\\\/#primaryimage\",\"url\":\"https:\\\/\\\/www.yamutec.de\\\/wp-content\\\/uploads\\\/2023\\\/01\\\/placeholder.png\",\"contentUrl\":\"https:\\\/\\\/www.yamutec.de\\\/wp-content\\\/uploads\\\/2023\\\/01\\\/placeholder.png\",\"width\":1339,\"height\":912},{\"@type\":\"WebSite\",\"@id\":\"https:\\\/\\\/www.yamutec.de\\\/#website\",\"url\":\"https:\\\/\\\/www.yamutec.de\\\/\",\"name\":\"Yamutec\",\"description\":\"smart switch systems\",\"publisher\":{\"@id\":\"https:\\\/\\\/www.yamutec.de\\\/#organization\"},\"potentialAction\":[{\"@type\":\"SearchAction\",\"target\":{\"@type\":\"EntryPoint\",\"urlTemplate\":\"https:\\\/\\\/www.yamutec.de\\\/?s={search_term_string}\"},\"query-input\":{\"@type\":\"PropertyValueSpecification\",\"valueRequired\":true,\"valueName\":\"search_term_string\"}}],\"inLanguage\":\"en-GB\"},{\"@type\":\"Organization\",\"@id\":\"https:\\\/\\\/www.yamutec.de\\\/#organization\",\"name\":\"Yamutec\",\"url\":\"https:\\\/\\\/www.yamutec.de\\\/\",\"logo\":{\"@type\":\"ImageObject\",\"inLanguage\":\"en-GB\",\"@id\":\"https:\\\/\\\/www.yamutec.de\\\/#\\\/schema\\\/logo\\\/image\\\/\",\"url\":\"https:\\\/\\\/www.yamutec.de\\\/wp-content\\\/uploads\\\/2017\\\/04\\\/logo-1.png\",\"contentUrl\":\"https:\\\/\\\/www.yamutec.de\\\/wp-content\\\/uploads\\\/2017\\\/04\\\/logo-1.png\",\"width\":313,\"height\":90,\"caption\":\"Yamutec\"},\"image\":{\"@id\":\"https:\\\/\\\/www.yamutec.de\\\/#\\\/schema\\\/logo\\\/image\\\/\"}}]}<\/script>\n<!-- \/ Yoast SEO plugin. -->","yoast_head_json":{"title":"Datenschutz-Zentrum | Yamutec","description":"smart switch systems USB relay cards for remote monitoring","robots":{"index":"index","follow":"follow","max-snippet":"max-snippet:-1","max-image-preview":"max-image-preview:large","max-video-preview":"max-video-preview:-1"},"canonical":"https:\/\/www.yamutec.de\/en\/datenschutz-zentrum\/","og_locale":"en_GB","og_type":"article","og_title":"Datenschutz-Zentrum | Yamutec","og_description":"smart switch systems USB Relaiskarten f\u00fcr die Fern\u00fcberwachung","og_url":"https:\/\/www.yamutec.de\/en\/datenschutz-zentrum\/","og_site_name":"Yamutec","twitter_card":"summary_large_image","twitter_misc":{"Estimated reading time":"1 minute"},"schema":{"@context":"https:\/\/schema.org","@graph":[{"@type":"WebPage","@id":"https:\/\/www.yamutec.de\/datenschutz-zentrum\/","url":"https:\/\/www.yamutec.de\/datenschutz-zentrum\/","name":"Datenschutz-Zentrum | Yamutec","isPartOf":{"@id":"https:\/\/www.yamutec.de\/#website"},"primaryImageOfPage":{"@id":"https:\/\/www.yamutec.de\/datenschutz-zentrum\/#primaryimage"},"image":{"@id":"https:\/\/www.yamutec.de\/datenschutz-zentrum\/#primaryimage"},"thumbnailUrl":"https:\/\/www.yamutec.de\/wp-content\/uploads\/2023\/01\/placeholder.png","datePublished":"2021-04-18T17:45:27+00:00","description":"smart switch systems USB relay cards for remote monitoring","inLanguage":"en-GB","potentialAction":[{"@type":"ReadAction","target":["https:\/\/www.yamutec.de\/datenschutz-zentrum\/"]}]},{"@type":"ImageObject","inLanguage":"en-GB","@id":"https:\/\/www.yamutec.de\/datenschutz-zentrum\/#primaryimage","url":"https:\/\/www.yamutec.de\/wp-content\/uploads\/2023\/01\/placeholder.png","contentUrl":"https:\/\/www.yamutec.de\/wp-content\/uploads\/2023\/01\/placeholder.png","width":1339,"height":912},{"@type":"WebSite","@id":"https:\/\/www.yamutec.de\/#website","url":"https:\/\/www.yamutec.de\/","name":"Yamutec","description":"smart switch systems","publisher":{"@id":"https:\/\/www.yamutec.de\/#organization"},"potentialAction":[{"@type":"SearchAction","target":{"@type":"EntryPoint","urlTemplate":"https:\/\/www.yamutec.de\/?s={search_term_string}"},"query-input":{"@type":"PropertyValueSpecification","valueRequired":true,"valueName":"search_term_string"}}],"inLanguage":"en-GB"},{"@type":"Organization","@id":"https:\/\/www.yamutec.de\/#organization","name":"Yamutec","url":"https:\/\/www.yamutec.de\/","logo":{"@type":"ImageObject","inLanguage":"en-GB","@id":"https:\/\/www.yamutec.de\/#\/schema\/logo\/image\/","url":"https:\/\/www.yamutec.de\/wp-content\/uploads\/2017\/04\/logo-1.png","contentUrl":"https:\/\/www.yamutec.de\/wp-content\/uploads\/2017\/04\/logo-1.png","width":313,"height":90,"caption":"Yamutec"},"image":{"@id":"https:\/\/www.yamutec.de\/#\/schema\/logo\/image\/"}}]}},"post_mailing_queue_ids":[],"_links":{"self":[{"href":"https:\/\/www.yamutec.de\/en\/wp-json\/wp\/v2\/pages\/6061","targetHints":{"allow":["GET"]}}],"collection":[{"href":"https:\/\/www.yamutec.de\/en\/wp-json\/wp\/v2\/pages"}],"about":[{"href":"https:\/\/www.yamutec.de\/en\/wp-json\/wp\/v2\/types\/page"}],"author":[{"embeddable":true,"href":"https:\/\/www.yamutec.de\/en\/wp-json\/wp\/v2\/users\/4"}],"replies":[{"embeddable":true,"href":"https:\/\/www.yamutec.de\/en\/wp-json\/wp\/v2\/comments?post=6061"}],"version-history":[{"count":1,"href":"https:\/\/www.yamutec.de\/en\/wp-json\/wp\/v2\/pages\/6061\/revisions"}],"predecessor-version":[{"id":6062,"href":"https:\/\/www.yamutec.de\/en\/wp-json\/wp\/v2\/pages\/6061\/revisions\/6062"}],"wp:featuredmedia":[{"embeddable":true,"href":"https:\/\/www.yamutec.de\/en\/wp-json\/wp\/v2\/media\/6807"}],"wp:attachment":[{"href":"https:\/\/www.yamutec.de\/en\/wp-json\/wp\/v2\/media?parent=6061"}],"curies":[{"name":"wp","href":"https:\/\/api.w.org\/{rel}","templated":true}]}}