{"id":8279,"date":"2026-02-09T05:57:41","date_gmt":"2026-02-09T03:57:41","guid":{"rendered":"https:\/\/www.yamutec.de\/?page_id=8279"},"modified":"2026-02-09T06:02:58","modified_gmt":"2026-02-09T04:02:58","slug":"datenschutzerklaerung_app","status":"publish","type":"page","link":"https:\/\/www.yamutec.de\/en\/datenschutzerklaerung_app\/","title":{"rendered":"Data protection"},"content":{"rendered":"<div class=\"wpb-content-wrapper\"><div class=\"vc_row wpb_row vc_row-fluid\"><div class=\"wpb_column vc_column_container vc_col-sm-10\"><div class=\"vc_column-inner\"><div class=\"wpb_wrapper\">\n\t<div class=\"wpb_text_column wpb_content_element\" >\n\t\t<div class=\"wpb_wrapper\">\n\t\t\t<h2 data-start=\"501\" data-end=\"528\">1. General Information<\/h2>\n<p data-start=\"529\" data-end=\"718\">Protecting your personal data is important to us.<br data-start=\"596\" data-end=\"599\" \/>This app is used to configure and control Yamutec hardware modules and can be used without registration.<\/p>\n<p data-start=\"720\" data-end=\"829\">This privacy policy informs you about what data is processed when using the app.<\/p>\n<hr data-start=\"831\" data-end=\"834\" \/>\n<h2 data-start=\"836\" data-end=\"860\">2. Responsible person<\/h2>\n<p data-start=\"861\" data-end=\"974\"><strong data-start=\"861\" data-end=\"893\">Yamutec Smart Switch Systems<\/strong><br data-start=\"893\" data-end=\"896\" \/>Willy-Brandt-Stra\u00dfe 24<br data-start=\"932\" data-end=\"935\" \/>67304 Eisenberg (Pfalz)<br data-start=\"958\" data-end=\"961\" \/>Germany<\/p>\n<p data-start=\"976\" data-end=\"1033\">E-mail: <a class=\"decorated-link cursor-pointer\" rel=\"noopener\" data-start=\"984\" data-end=\"999\">info@yamutec.de<\/a><br data-start=\"999\" data-end=\"1002\" \/>Website: <a class=\"decorated-link\" href=\"https:\/\/www.yamutec.de\/en\/\" target=\"_new\" rel=\"noopener\" data-start=\"1011\" data-end=\"1033\">https:\/\/www.yamutec.de<\/a><\/p>\n<hr data-start=\"1035\" data-end=\"1038\" \/>\n<h2 data-start=\"1040\" data-end=\"1097\">3. Collection and processing of personal data<\/h2>\n<p data-start=\"1098\" data-end=\"1175\">The app <strong data-start=\"1106\" data-end=\"1174\">does not collect, store or process any personal data<\/strong>.<\/p>\n<p data-start=\"1177\" data-end=\"1190\">In particular:<\/p>\n<ul data-start=\"1191\" data-end=\"1316\">\n<li data-start=\"1191\" data-end=\"1213\">\n<p data-start=\"1193\" data-end=\"1213\">no user accounts<\/p>\n<\/li>\n<li data-start=\"1214\" data-end=\"1226\">\n<p data-start=\"1216\" data-end=\"1226\">no login<\/p>\n<\/li>\n<li data-start=\"1227\" data-end=\"1242\">\n<p data-start=\"1229\" data-end=\"1242\">No tracking<\/p>\n<\/li>\n<li data-start=\"1243\" data-end=\"1277\">\n<p data-start=\"1245\" data-end=\"1277\">no analytics or advertising services<\/p>\n<\/li>\n<li data-start=\"1278\" data-end=\"1316\">\n<p data-start=\"1280\" data-end=\"1316\">No data will be shared with third parties.<\/p>\n<\/li>\n<\/ul>\n<hr data-start=\"1318\" data-end=\"1321\" \/>\n<h2 data-start=\"1323\" data-end=\"1367\">4. Using the camera (QR code scan)<\/h2>\n<p data-start=\"1368\" data-end=\"1458\">The app uses the <strong data-start=\"1386\" data-end=\"1433\">Camera function of the device only<\/strong>, to scan QR codes.<\/p>\n<p data-start=\"1460\" data-end=\"1466\">Purpose:<\/p>\n<ul data-start=\"1467\" data-end=\"1546\">\n<li data-start=\"1467\" data-end=\"1546\">\n<p data-start=\"1469\" data-end=\"1546\">Reading configuration or connection information for Yamutec modules<\/p>\n<\/li>\n<\/ul>\n<p data-start=\"1548\" data-end=\"1575\">The camera recordings will be:<\/p>\n<ul data-start=\"1576\" data-end=\"1705\">\n<li data-start=\"1576\" data-end=\"1599\">\n<p data-start=\"1578\" data-end=\"1599\"><strong data-start=\"1578\" data-end=\"1599\">not saved<\/strong><\/p>\n<\/li>\n<li data-start=\"1600\" data-end=\"1622\">\n<p data-start=\"1602\" data-end=\"1622\"><strong data-start=\"1602\" data-end=\"1622\">not transferred<\/strong><\/p>\n<\/li>\n<li data-start=\"1623\" data-end=\"1662\">\n<p data-start=\"1625\" data-end=\"1662\"><strong data-start=\"1625\" data-end=\"1662\">not analyzed or evaluated<\/strong><\/p>\n<\/li>\n<li data-start=\"1663\" data-end=\"1705\">\n<p data-start=\"1665\" data-end=\"1705\"><strong data-start=\"1665\" data-end=\"1705\">not sent to servers or third parties<\/strong><\/p>\n<\/li>\n<\/ul>\n<hr data-start=\"1707\" data-end=\"1710\" \/>\n<h2 data-start=\"1712\" data-end=\"1750\">5. Network communication (TCP\/IP)<\/h2>\n<p data-start=\"1751\" data-end=\"1898\">The app uses a network connection (TCP\/IP) to... <strong data-start=\"1807\" data-end=\"1856\">direct connection to Yamutec hardware modules<\/strong> to establish (e.g., in the local network).<\/p>\n<p data-start=\"1900\" data-end=\"1911\">The following applies:<\/p>\n<ul data-start=\"1912\" data-end=\"2081\">\n<li data-start=\"1912\" data-end=\"1975\">\n<p data-start=\"1914\" data-end=\"1975\">It takes place <strong data-start=\"1924\" data-end=\"1969\">no transfer of personal data<\/strong> instead of<\/p>\n<\/li>\n<li data-start=\"1976\" data-end=\"2038\">\n<p data-start=\"1978\" data-end=\"2038\">Communication is solely for device control purposes.<\/p>\n<\/li>\n<li data-start=\"2039\" data-end=\"2081\">\n<p data-start=\"2041\" data-end=\"2081\">No user profiles are created.<\/p>\n<\/li>\n<\/ul>\n<hr data-start=\"2083\" data-end=\"2086\" \/>\n<h2 data-start=\"2088\" data-end=\"2110\">6. Permissions<\/h2>\n<p data-start=\"2111\" data-end=\"2158\">The app can use the following permissions:<\/p>\n<ul data-start=\"2160\" data-end=\"2273\">\n<li data-start=\"2160\" data-end=\"2201\">\n<p data-start=\"2162\" data-end=\"2201\"><strong data-start=\"2162\" data-end=\"2172\">camera<\/strong> \u2013 for scanning QR codes<\/p>\n<\/li>\n<li data-start=\"2202\" data-end=\"2273\">\n<p data-start=\"2204\" data-end=\"2273\"><strong data-start=\"2204\" data-end=\"2234\">Internet \/ Network access<\/strong> \u2013 for connection with Yamutec modules<\/p>\n<\/li>\n<\/ul>\n<p data-start=\"2275\" data-end=\"2354\">These permissions will <strong data-start=\"2303\" data-end=\"2343\">only for the functions described<\/strong> used.<\/p>\n<hr data-start=\"2356\" data-end=\"2359\" \/>\n<h2 data-start=\"2361\" data-end=\"2384\">7. Data security<\/h2>\n<p data-start=\"2385\" data-end=\"2533\">Since no personal data is processed or stored, deletion or disclosure of personal data is not necessary.<\/p>\n<hr data-start=\"2535\" data-end=\"2538\" \/>\n<h2 data-start=\"2540\" data-end=\"2586\">8. Changes to this Privacy Policy<\/h2>\n<p data-start=\"2587\" data-end=\"2704\">This privacy policy may be amended if app features or legal requirements change.<\/p>\n<hr data-start=\"2706\" data-end=\"2709\" \/>\n<h2 data-start=\"2711\" data-end=\"2726\">9. Contact<\/h2>\n<p data-start=\"2727\" data-end=\"2794\">If you have any questions about data protection, please feel free to contact us at any time:<\/p>\n<p data-start=\"2796\" data-end=\"2819\">E-mail: <a class=\"decorated-link cursor-pointer\" rel=\"noopener\" data-start=\"2804\" data-end=\"2819\">info@yamutec.de<\/a><\/p>\n\n\t\t<\/div>\n\t<\/div>\n<\/div><\/div><\/div><div class=\"wpb_column vc_column_container vc_col-sm-2\"><div class=\"vc_column-inner\"><div class=\"wpb_wrapper\"><\/div><\/div><\/div><\/div>\n<\/div>","protected":false},"excerpt":{"rendered":"1. Allgemeine Hinweise Der Schutz Ihrer pers\u00f6nlichen Daten ist uns ein wichtiges Anliegen.Diese App dient zur Konfiguration und Steuerung von Yamutec-Hardwaremodulen und kann ohne Registrierung genutzt werden. Diese Datenschutzerkl\u00e4rung informiert dar\u00fcber, welche Daten im Rahmen der Nutzung der App verarbeitet werden. 2. Verantwortlicher Yamutec Smart Switch SystemsWilly-Brandt-Stra\u00dfe 2467304 Eisenberg (Pfalz)Deutschland E-Mail: info@yamutec.deWebsite: https:\/\/www.yamutec.de 3. Erhebung und Verarbeitung personenbezogener Daten Die App erhebt, speichert oder verarbeitet keine personenbezogenen Daten. Insbesondere: keine Benutzerkonten kein Login kein Tracking keine Analyse- oder Werbedienste keine&hellip;","protected":false},"author":4,"featured_media":6807,"parent":0,"menu_order":0,"comment_status":"closed","ping_status":"closed","template":"","meta":{"footnotes":""},"class_list":["post-8279","page","type-page","status-publish","has-post-thumbnail","hentry","post-has-thumbnail"],"yoast_head":"<!-- This site is optimized with the Yoast SEO plugin v27.5 - https:\/\/yoast.com\/product\/yoast-seo-wordpress\/ -->\n<title>Datenschutzerkl\u00e4rung | Yamutec<\/title>\n<meta name=\"description\" content=\"smart switch systems USB Relaiskarten f\u00fcr die Fern\u00fcberwachung\" \/>\n<meta name=\"robots\" content=\"index, follow, max-snippet:-1, max-image-preview:large, max-video-preview:-1\" \/>\n<link rel=\"canonical\" href=\"https:\/\/www.yamutec.de\/en\/datenschutzerklaerung_app\/\" \/>\n<meta property=\"og:locale\" content=\"en_GB\" \/>\n<meta property=\"og:type\" content=\"article\" \/>\n<meta property=\"og:title\" content=\"Datenschutzerkl\u00e4rung | Yamutec\" \/>\n<meta property=\"og:description\" content=\"smart switch systems USB Relaiskarten f\u00fcr die Fern\u00fcberwachung\" \/>\n<meta property=\"og:url\" content=\"https:\/\/www.yamutec.de\/en\/datenschutzerklaerung_app\/\" \/>\n<meta property=\"og:site_name\" content=\"Yamutec\" \/>\n<meta property=\"article:modified_time\" content=\"2026-02-09T04:02:58+00:00\" \/>\n<meta name=\"twitter:card\" content=\"summary_large_image\" \/>\n<meta name=\"twitter:label1\" content=\"Estimated reading time\" \/>\n\t<meta name=\"twitter:data1\" content=\"2 minutes\" \/>\n<script type=\"application\/ld+json\" class=\"yoast-schema-graph\">{\"@context\":\"https:\\\/\\\/schema.org\",\"@graph\":[{\"@type\":\"WebPage\",\"@id\":\"https:\\\/\\\/www.yamutec.de\\\/datenschutzerklaerung_app\\\/\",\"url\":\"https:\\\/\\\/www.yamutec.de\\\/datenschutzerklaerung_app\\\/\",\"name\":\"Datenschutzerkl\u00e4rung | Yamutec\",\"isPartOf\":{\"@id\":\"https:\\\/\\\/www.yamutec.de\\\/#website\"},\"primaryImageOfPage\":{\"@id\":\"https:\\\/\\\/www.yamutec.de\\\/datenschutzerklaerung_app\\\/#primaryimage\"},\"image\":{\"@id\":\"https:\\\/\\\/www.yamutec.de\\\/datenschutzerklaerung_app\\\/#primaryimage\"},\"thumbnailUrl\":\"https:\\\/\\\/www.yamutec.de\\\/wp-content\\\/uploads\\\/2023\\\/01\\\/placeholder.png\",\"datePublished\":\"2026-02-09T03:57:41+00:00\",\"dateModified\":\"2026-02-09T04:02:58+00:00\",\"description\":\"smart switch systems USB Relaiskarten f\u00fcr die Fern\u00fcberwachung\",\"inLanguage\":\"en-GB\",\"potentialAction\":[{\"@type\":\"ReadAction\",\"target\":[\"https:\\\/\\\/www.yamutec.de\\\/datenschutzerklaerung_app\\\/\"]}]},{\"@type\":\"ImageObject\",\"inLanguage\":\"en-GB\",\"@id\":\"https:\\\/\\\/www.yamutec.de\\\/datenschutzerklaerung_app\\\/#primaryimage\",\"url\":\"https:\\\/\\\/www.yamutec.de\\\/wp-content\\\/uploads\\\/2023\\\/01\\\/placeholder.png\",\"contentUrl\":\"https:\\\/\\\/www.yamutec.de\\\/wp-content\\\/uploads\\\/2023\\\/01\\\/placeholder.png\",\"width\":1339,\"height\":912},{\"@type\":\"WebSite\",\"@id\":\"https:\\\/\\\/www.yamutec.de\\\/#website\",\"url\":\"https:\\\/\\\/www.yamutec.de\\\/\",\"name\":\"Yamutec\",\"description\":\"smart switch systems\",\"publisher\":{\"@id\":\"https:\\\/\\\/www.yamutec.de\\\/#organization\"},\"potentialAction\":[{\"@type\":\"SearchAction\",\"target\":{\"@type\":\"EntryPoint\",\"urlTemplate\":\"https:\\\/\\\/www.yamutec.de\\\/?s={search_term_string}\"},\"query-input\":{\"@type\":\"PropertyValueSpecification\",\"valueRequired\":true,\"valueName\":\"search_term_string\"}}],\"inLanguage\":\"en-GB\"},{\"@type\":\"Organization\",\"@id\":\"https:\\\/\\\/www.yamutec.de\\\/#organization\",\"name\":\"Yamutec\",\"url\":\"https:\\\/\\\/www.yamutec.de\\\/\",\"logo\":{\"@type\":\"ImageObject\",\"inLanguage\":\"en-GB\",\"@id\":\"https:\\\/\\\/www.yamutec.de\\\/#\\\/schema\\\/logo\\\/image\\\/\",\"url\":\"https:\\\/\\\/www.yamutec.de\\\/wp-content\\\/uploads\\\/2017\\\/04\\\/logo-1.png\",\"contentUrl\":\"https:\\\/\\\/www.yamutec.de\\\/wp-content\\\/uploads\\\/2017\\\/04\\\/logo-1.png\",\"width\":313,\"height\":90,\"caption\":\"Yamutec\"},\"image\":{\"@id\":\"https:\\\/\\\/www.yamutec.de\\\/#\\\/schema\\\/logo\\\/image\\\/\"}}]}<\/script>\n<!-- \/ Yoast SEO plugin. -->","yoast_head_json":{"title":"Privacy Policy | Yamutec","description":"smart switch systems USB relay cards for remote monitoring","robots":{"index":"index","follow":"follow","max-snippet":"max-snippet:-1","max-image-preview":"max-image-preview:large","max-video-preview":"max-video-preview:-1"},"canonical":"https:\/\/www.yamutec.de\/en\/datenschutzerklaerung_app\/","og_locale":"en_GB","og_type":"article","og_title":"Datenschutzerkl\u00e4rung | Yamutec","og_description":"smart switch systems USB Relaiskarten f\u00fcr die Fern\u00fcberwachung","og_url":"https:\/\/www.yamutec.de\/en\/datenschutzerklaerung_app\/","og_site_name":"Yamutec","article_modified_time":"2026-02-09T04:02:58+00:00","twitter_card":"summary_large_image","twitter_misc":{"Estimated reading time":"2 minutes"},"schema":{"@context":"https:\/\/schema.org","@graph":[{"@type":"WebPage","@id":"https:\/\/www.yamutec.de\/datenschutzerklaerung_app\/","url":"https:\/\/www.yamutec.de\/datenschutzerklaerung_app\/","name":"Privacy Policy | Yamutec","isPartOf":{"@id":"https:\/\/www.yamutec.de\/#website"},"primaryImageOfPage":{"@id":"https:\/\/www.yamutec.de\/datenschutzerklaerung_app\/#primaryimage"},"image":{"@id":"https:\/\/www.yamutec.de\/datenschutzerklaerung_app\/#primaryimage"},"thumbnailUrl":"https:\/\/www.yamutec.de\/wp-content\/uploads\/2023\/01\/placeholder.png","datePublished":"2026-02-09T03:57:41+00:00","dateModified":"2026-02-09T04:02:58+00:00","description":"smart switch systems USB relay cards for remote monitoring","inLanguage":"en-GB","potentialAction":[{"@type":"ReadAction","target":["https:\/\/www.yamutec.de\/datenschutzerklaerung_app\/"]}]},{"@type":"ImageObject","inLanguage":"en-GB","@id":"https:\/\/www.yamutec.de\/datenschutzerklaerung_app\/#primaryimage","url":"https:\/\/www.yamutec.de\/wp-content\/uploads\/2023\/01\/placeholder.png","contentUrl":"https:\/\/www.yamutec.de\/wp-content\/uploads\/2023\/01\/placeholder.png","width":1339,"height":912},{"@type":"WebSite","@id":"https:\/\/www.yamutec.de\/#website","url":"https:\/\/www.yamutec.de\/","name":"Yamutec","description":"smart switch systems","publisher":{"@id":"https:\/\/www.yamutec.de\/#organization"},"potentialAction":[{"@type":"SearchAction","target":{"@type":"EntryPoint","urlTemplate":"https:\/\/www.yamutec.de\/?s={search_term_string}"},"query-input":{"@type":"PropertyValueSpecification","valueRequired":true,"valueName":"search_term_string"}}],"inLanguage":"en-GB"},{"@type":"Organization","@id":"https:\/\/www.yamutec.de\/#organization","name":"Yamutec","url":"https:\/\/www.yamutec.de\/","logo":{"@type":"ImageObject","inLanguage":"en-GB","@id":"https:\/\/www.yamutec.de\/#\/schema\/logo\/image\/","url":"https:\/\/www.yamutec.de\/wp-content\/uploads\/2017\/04\/logo-1.png","contentUrl":"https:\/\/www.yamutec.de\/wp-content\/uploads\/2017\/04\/logo-1.png","width":313,"height":90,"caption":"Yamutec"},"image":{"@id":"https:\/\/www.yamutec.de\/#\/schema\/logo\/image\/"}}]}},"post_mailing_queue_ids":[],"_links":{"self":[{"href":"https:\/\/www.yamutec.de\/en\/wp-json\/wp\/v2\/pages\/8279","targetHints":{"allow":["GET"]}}],"collection":[{"href":"https:\/\/www.yamutec.de\/en\/wp-json\/wp\/v2\/pages"}],"about":[{"href":"https:\/\/www.yamutec.de\/en\/wp-json\/wp\/v2\/types\/page"}],"author":[{"embeddable":true,"href":"https:\/\/www.yamutec.de\/en\/wp-json\/wp\/v2\/users\/4"}],"replies":[{"embeddable":true,"href":"https:\/\/www.yamutec.de\/en\/wp-json\/wp\/v2\/comments?post=8279"}],"version-history":[{"count":3,"href":"https:\/\/www.yamutec.de\/en\/wp-json\/wp\/v2\/pages\/8279\/revisions"}],"predecessor-version":[{"id":8282,"href":"https:\/\/www.yamutec.de\/en\/wp-json\/wp\/v2\/pages\/8279\/revisions\/8282"}],"wp:featuredmedia":[{"embeddable":true,"href":"https:\/\/www.yamutec.de\/en\/wp-json\/wp\/v2\/media\/6807"}],"wp:attachment":[{"href":"https:\/\/www.yamutec.de\/en\/wp-json\/wp\/v2\/media?parent=8279"}],"curies":[{"name":"wp","href":"https:\/\/api.w.org\/{rel}","templated":true}]}}